{"id":2383,"date":"2016-06-22T10:38:46","date_gmt":"2016-06-22T08:38:46","guid":{"rendered":"https:\/\/aimr-mining.com\/tr\/operations-logistics\/"},"modified":"2018-07-03T12:34:19","modified_gmt":"2018-07-03T10:34:19","slug":"operasyon-lojistik","status":"publish","type":"page","link":"https:\/\/aimr-mining.com\/tr\/operasyon-lojistik\/","title":{"rendered":"Operasyon &#038; lojistik"},"content":{"rendered":"<div class=\"wpb-content-wrapper\"><p>[vc_row full_width=&#8221;stretch_row&#8221; el_class=&#8221;dark-section section&#8221; css=&#8221;.vc_custom_1467036553381{background-image: url(https:\/\/aimr-mining.com\/\/wp-content\/uploads\/2016\/06\/logistics-section.jpg?id=128) !important;background-position: center !important;background-repeat: no-repeat !important;background-size: cover !important;}&#8221;][vc_column width=&#8221;1\/4&#8243;][\/vc_column][vc_column width=&#8221;1\/2&#8243; css=&#8221;.vc_custom_1467036678457{padding-top: 0px !important;}&#8221;][vc_column_text el_class=&#8221;header&#8221; css=&#8221;.vc_custom_1529840151624{padding-top: 0px !important;}&#8221;]<\/p>\n<h2 style=\"text-align: center;\">Bizim may\u0131nlar\u0131m\u0131z<\/h2>\n<p>[\/vc_column_text][vc_column_text]<\/p>\n<p style=\"text-align: center;\">B\u00f6lgedeki en iyi madenlerden baz\u0131lar\u0131na eri\u015ferek, size do\u011frudan kaolin, Fosfat ve Kaya Tuzu \u00fcr\u00fcnleri sa\u011flayabiliriz.<\/p>\n<p>[\/vc_column_text][\/vc_column][vc_column width=&#8221;1\/4&#8243;][\/vc_column][\/vc_row][vc_row el_class=&#8221;section&#8221; css=&#8221;.vc_custom_1467726229871{padding-top: 100px !important;padding-bottom: 100px !important;}&#8221;][vc_column][vc_tta_tour][vc_tta_section title=&#8221;Kaolin&#8221; tab_id=&#8221;1511871498305-30d12fe1-5bf7&#8243;][vc_row_inner][vc_column_inner width=&#8221;2\/3&#8243;][vc_column_text]<\/p>\n<h3>Kamyon\/ Nakliye<\/h3>\n<h5>Kaolin Kamyon\/ Nakliye<\/h5>\n<p>Yelken a\u00e7maya haz\u0131r olan miktarlar \u0130skenderiye stok alan\u0131nda depolan\u0131r. Deniz liman\u0131ndan 20 dakika uzakl\u0131kta bulunan bu son derece eri\u015filebilir stoklama alan\u0131, g\u00fcnde 10.000 tona kadar miktarlar\u0131 y\u00fcklememizi sa\u011fl\u0131yor.[\/vc_column_text][\/vc_column_inner][vc_column_inner width=&#8221;1\/3&#8243;][vc_single_image image=&#8221;201&#8243; img_size=&#8221;full&#8221; alignment=&#8221;center&#8221;][\/vc_column_inner][\/vc_row_inner][\/vc_tta_section][vc_tta_section title=&#8221;Fosfat&#8221; tab_id=&#8221;1467724894280-ad9882cd-2175&#8243;][vc_row_inner][vc_column_inner width=&#8221;2\/3&#8243;][vc_column_text]<\/p>\n<h3>Fosfat<\/h3>\n<p>Asvan&#8217;daki madenlaerle \u00e7ok miktarda fosfat kayaya eri\u015febiliriz. Ham fosfat genellikle K\u0131z\u0131ldeniz veya \u0130skenderiye platformumuzdan ihra\u00e7 edilir ve genellikle 10.000 ton\/ g\u00fcne kadar y\u00fckleme yapabiliriz.[\/vc_column_text][\/vc_column_inner][vc_column_inner width=&#8221;1\/3&#8243;][vc_single_image image=&#8221;1700&#8243; img_size=&#8221;full&#8221; alignment=&#8221;center&#8221;][\/vc_column_inner][\/vc_row_inner][\/vc_tta_section][vc_tta_section title=&#8221;Kaya Tuzu&#8221; tab_id=&#8221;1467724945179-b6f5ebb1-c3ab&#8221;][vc_row_inner][vc_column_inner width=&#8221;2\/3&#8243;][vc_column_text]<\/p>\n<h3>Kaya Tuzu<\/h3>\n<p>Siva&#8217;da bulunan ve y\u0131ll\u0131k 60.000 \u00fcretim kapasitesine sahip olan bir madeni ile Aimr, b\u00f6lgede bol miktarda Halit&#8217;i \u00fcretici ve tedarik\u00e7isidir. Kalitemiz e\u015fsiz ve nakliye hizmeleri ola\u011fan\u00fcst\u00fc.[\/vc_column_text][\/vc_column_inner][vc_column_inner width=&#8221;1\/3&#8243;][vc_single_image image=&#8221;205&#8243; img_size=&#8221;full&#8221; alignment=&#8221;center&#8221;][\/vc_column_inner][\/vc_row_inner][\/vc_tta_section][\/vc_tta_tour][\/vc_column][\/vc_row][vc_row full_width=&#8221;stretch_row_content_no_spaces&#8221; el_class=&#8221;products-carousel&#8221; css=&#8221;.vc_custom_1467719993050{background-color: #f3f4f4 !important;}&#8221;][vc_column css=&#8221;.vc_custom_1467037332611{margin-top: 0px !important;margin-bottom: 0px !important;padding-top: 0px !important;padding-bottom: 0px !important;}&#8221;]<div id=\"ult-carousel-237049529769e05f1b40aab\" class=\"ult-carousel-wrapper  vc_custom_1473159036553  ult_horizontal\" data-gutter=\"15\" data-rtl=\"false\" ><div class=\"ult-carousel-258071033069e05f1b408a7 \" >[vc_row_inner equal_height=&#8221;yes&#8221;][vc_column_inner][vc_single_image image=&#8221;196&#8243; img_size=&#8221;full&#8221; alignment=&#8221;center&#8221;][vc_column_text]<\/p>\n<h3>Kaolin<\/h3>\n<p>Yelken a\u00e7maya haz\u0131r olan miktarlar \u0130skenderiye stok alan\u0131nda depolan\u0131r. Deniz liman\u0131ndan 20 dakika uzakl\u0131kta bulunan bu son derece eri\u015filebilir stoklama alan\u0131, g\u00fcnde 10.000 tona kadar miktarlar\u0131 y\u00fcklememizi sa\u011fl\u0131yor.[\/vc_column_text][\/vc_column_inner][\/vc_row_inner][vc_row_inner][vc_column_inner][vc_single_image image=&#8221;197&#8243; img_size=&#8221;full&#8221; alignment=&#8221;center&#8221;][vc_column_text]<\/p>\n<h3>Fosfat<\/h3>\n<p>Asvan&#8217;daki madenlaerle \u00e7ok miktarda fosfat kayaya eri\u015febiliriz. Ham fosfat genellikle K\u0131z\u0131ldeniz veya \u0130skenderiye platformumuzdan ihra\u00e7 edilir ve genellikle 10.000 ton\/ g\u00fcne kadar y\u00fckleme yapabiliriz.[\/vc_column_text][\/vc_column_inner][\/vc_row_inner][vc_row_inner][vc_column_inner][vc_single_image image=&#8221;198&#8243; img_size=&#8221;full&#8221; alignment=&#8221;center&#8221;][vc_column_text]<\/p>\n<h3>Kaya Tuzu<\/h3>\n<p>Siva&#8217;da bulunan ve y\u0131ll\u0131k 60.000 \u00fcretim kapasitesine sahip olan bir madeni ile Aimr, b\u00f6lgede bol miktarda Halit&#8217;i \u00fcretici ve tedarik\u00e7isidir. Kalitemiz e\u015fsiz ve nakliye hizmeleri ola\u011fan\u00fcst\u00fc.[\/vc_column_text][\/vc_column_inner][\/vc_row_inner]<\/div><\/div>\t\t\t<script type=\"text\/javascript\">\n\t\t\t\tjQuery(document).ready(function ($) {\n\t\t\t\t\tif( typeof jQuery('.ult-carousel-258071033069e05f1b408a7').slick == \"function\"){\n\t\t\t\t\t\t$('.ult-carousel-258071033069e05f1b408a7').slick({dots: false,autoplay: true,autoplaySpeed: \"5000\",speed: \"300\",infinite: true,arrows: true,nextArrow: '<button type=\"button\" role=\"button\" aria-label=\"Next\" style=\"color:#5e5e5e; font-size:36px;\" class=\"slick-next default\"><i class=\"ultsl-arrow-right4\"><\/i><\/button>',prevArrow: '<button type=\"button\" role=\"button\" aria-label=\"Previous\" style=\"color:#5e5e5e; font-size:36px;\" class=\"slick-prev default\"><i class=\"ultsl-arrow-left4\"><\/i><\/button>',slidesToScroll:3,slidesToShow:3,swipe: true,draggable: true,touchMove: true,pauseOnHover: true,pauseOnFocus: false,responsive: [\n\t\t\t\t\t\t\t{\n\t\t\t\t\t\t\t  breakpoint: 1026,\n\t\t\t\t\t\t\t  settings: {\n\t\t\t\t\t\t\t\tslidesToShow: 3,\n\t\t\t\t\t\t\t\tslidesToScroll: 3,  \n\t\t\t\t\t\t\t  }\n\t\t\t\t\t\t\t},\n\t\t\t\t\t\t\t{\n\t\t\t\t\t\t\t  breakpoint: 1025,\n\t\t\t\t\t\t\t  settings: {\n\t\t\t\t\t\t\t\tslidesToShow: 2,\n\t\t\t\t\t\t\t\tslidesToScroll: 2\n\t\t\t\t\t\t\t  }\n\t\t\t\t\t\t\t},\n\t\t\t\t\t\t\t{\n\t\t\t\t\t\t\t  breakpoint: 760,\n\t\t\t\t\t\t\t  settings: {\n\t\t\t\t\t\t\t\tslidesToShow: 1,\n\t\t\t\t\t\t\t\tslidesToScroll: 1\n\t\t\t\t\t\t\t  }\n\t\t\t\t\t\t\t}\n\t\t\t\t\t\t],pauseOnDotsHover: true,customPaging: function(slider, i) {\n                   return '<i type=\"button\" style= \"color:#333333;\" class=\"ultsl-record\" data-role=\"none\"><\/i>';\n                },});\n\t\t\t\t\t}\n\t\t\t\t});\n\t\t\t<\/script>\n\t\t\t[\/vc_column][\/vc_row]<\/p>\n<\/div>","protected":false},"excerpt":{"rendered":"<p>[vc_row full_width=&#8221;stretch_row&#8221; el_class=&#8221;dark-section section&#8221; css=&#8221;.vc_custom_1467036553381{background-image: url(https:\/\/aimr-mining.com\/\/wp-content\/uploads\/2016\/06\/logistics-section.jpg?id=128) !important;background-position: center !important;background-repeat: no-repeat !important;background-size: cover !important;}&#8221;][vc_column width=&#8221;1\/4&#8243;][\/vc_column][vc_column width=&#8221;1\/2&#8243; css=&#8221;.vc_custom_1467036678457{padding-top: 0px !important;}&#8221;][vc_column_text el_class=&#8221;header&#8221; css=&#8221;.vc_custom_1529840151624{padding-top: 0px !important;}&#8221;] Bizim may\u0131nlar\u0131m\u0131z [\/vc_column_text][vc_column_text] B\u00f6lgedeki en iyi madenlerden baz\u0131lar\u0131na eri\u015ferek, size do\u011frudan kaolin, Fosfat ve Kaya Tuzu \u00fcr\u00fcnleri sa\u011flayabiliriz. [\/vc_column_text][\/vc_column][vc_column width=&#8221;1\/4&#8243;][\/vc_column][\/vc_row][vc_row el_class=&#8221;section&#8221; css=&#8221;.vc_custom_1467726229871{padding-top: 100px !important;padding-bottom: 100px !important;}&#8221;][vc_column][vc_tta_tour][vc_tta_section title=&#8221;Kaolin&#8221; tab_id=&#8221;1511871498305-30d12fe1-5bf7&#8243;][vc_row_inner][vc_column_inner width=&#8221;2\/3&#8243;][vc_column_text] Kamyon\/ Nakliye Kaolin Kamyon\/ [&hellip;]<\/p>\n","protected":false},"author":1,"featured_media":2384,"parent":0,"menu_order":0,"comment_status":"closed","ping_status":"closed","template":"","meta":{"footnotes":""},"class_list":["post-2383","page","type-page","status-publish","has-post-thumbnail","hentry"],"yoast_head":"<!-- This site is optimized with the Yoast SEO plugin v27.3 - https:\/\/yoast.com\/product\/yoast-seo-wordpress\/ -->\n<title>Operasyon &amp; lojistik - AIMR<\/title>\n<meta name=\"description\" content=\"Alex International for Mining and Refractories Products (AIMR), we invested in building a sustainable future for our company and our communities.\" \/>\n<meta name=\"robots\" content=\"index, follow, max-snippet:-1, max-image-preview:large, max-video-preview:-1\" \/>\n<meta property=\"og:locale\" content=\"tr_TR\" \/>\n<meta property=\"og:type\" content=\"article\" \/>\n<meta property=\"og:title\" content=\"Operasyon &amp; lojistik - AIMR\" \/>\n<meta property=\"og:description\" content=\"Alex International for Mining and Refractories Products (AIMR), we invested in building a sustainable future for our company and our communities.\" \/>\n<meta property=\"og:url\" content=\"https:\/\/aimr-mining.com\/tr\/operasyon-lojistik\/\" \/>\n<meta property=\"og:site_name\" content=\"AIMR\" \/>\n<meta property=\"article:modified_time\" content=\"2018-07-03T10:34:19+00:00\" \/>\n<meta property=\"og:image\" content=\"https:\/\/aimr-mining.com\/wp-content\/uploads\/2016\/06\/logistics-banner.jpg\" \/>\n\t<meta property=\"og:image:width\" content=\"1920\" \/>\n\t<meta property=\"og:image:height\" content=\"249\" \/>\n\t<meta property=\"og:image:type\" content=\"image\/jpeg\" \/>\n<meta name=\"twitter:card\" content=\"summary_large_image\" \/>\n<meta name=\"twitter:label1\" content=\"Est. reading time\" \/>\n\t<meta name=\"twitter:data1\" content=\"3 minutes\" \/>\n<script type=\"application\/ld+json\" class=\"yoast-schema-graph\">{\"@context\":\"https:\\\/\\\/schema.org\",\"@graph\":[{\"@type\":\"WebPage\",\"@id\":\"https:\\\/\\\/aimr-mining.com\\\/tr\\\/operasyon-lojistik\\\/\",\"url\":\"https:\\\/\\\/aimr-mining.com\\\/tr\\\/operasyon-lojistik\\\/\",\"name\":\"Operasyon & lojistik - AIMR\",\"isPartOf\":{\"@id\":\"https:\\\/\\\/aimr-mining.com\\\/#website\"},\"primaryImageOfPage\":{\"@id\":\"https:\\\/\\\/aimr-mining.com\\\/tr\\\/operasyon-lojistik\\\/#primaryimage\"},\"image\":{\"@id\":\"https:\\\/\\\/aimr-mining.com\\\/tr\\\/operasyon-lojistik\\\/#primaryimage\"},\"thumbnailUrl\":\"https:\\\/\\\/aimr-mining.com\\\/wp-content\\\/uploads\\\/2016\\\/06\\\/logistics-banner.jpg\",\"datePublished\":\"2016-06-22T08:38:46+00:00\",\"dateModified\":\"2018-07-03T10:34:19+00:00\",\"description\":\"Alex International for Mining and Refractories Products (AIMR), we invested in building a sustainable future for our company and our communities.\",\"breadcrumb\":{\"@id\":\"https:\\\/\\\/aimr-mining.com\\\/tr\\\/operasyon-lojistik\\\/#breadcrumb\"},\"inLanguage\":\"tr\",\"potentialAction\":[{\"@type\":\"ReadAction\",\"target\":[\"https:\\\/\\\/aimr-mining.com\\\/tr\\\/operasyon-lojistik\\\/\"]}]},{\"@type\":\"ImageObject\",\"inLanguage\":\"tr\",\"@id\":\"https:\\\/\\\/aimr-mining.com\\\/tr\\\/operasyon-lojistik\\\/#primaryimage\",\"url\":\"https:\\\/\\\/aimr-mining.com\\\/wp-content\\\/uploads\\\/2016\\\/06\\\/logistics-banner.jpg\",\"contentUrl\":\"https:\\\/\\\/aimr-mining.com\\\/wp-content\\\/uploads\\\/2016\\\/06\\\/logistics-banner.jpg\",\"width\":1920,\"height\":249},{\"@type\":\"BreadcrumbList\",\"@id\":\"https:\\\/\\\/aimr-mining.com\\\/tr\\\/operasyon-lojistik\\\/#breadcrumb\",\"itemListElement\":[{\"@type\":\"ListItem\",\"position\":1,\"name\":\"Home\",\"item\":\"https:\\\/\\\/aimr-mining.com\\\/tr\\\/\"},{\"@type\":\"ListItem\",\"position\":2,\"name\":\"Operasyon &#038; lojistik\"}]},{\"@type\":\"WebSite\",\"@id\":\"https:\\\/\\\/aimr-mining.com\\\/#website\",\"url\":\"https:\\\/\\\/aimr-mining.com\\\/\",\"name\":\"AIMR\",\"description\":\"Alexandria International For Mining and Refractories\",\"potentialAction\":[{\"@type\":\"SearchAction\",\"target\":{\"@type\":\"EntryPoint\",\"urlTemplate\":\"https:\\\/\\\/aimr-mining.com\\\/?s={search_term_string}\"},\"query-input\":{\"@type\":\"PropertyValueSpecification\",\"valueRequired\":true,\"valueName\":\"search_term_string\"}}],\"inLanguage\":\"tr\"}]}<\/script>\n<!-- \/ Yoast SEO plugin. -->","yoast_head_json":{"title":"Operasyon & lojistik - AIMR","description":"Alex International for Mining and Refractories Products (AIMR), we invested in building a sustainable future for our company and our communities.","robots":{"index":"index","follow":"follow","max-snippet":"max-snippet:-1","max-image-preview":"max-image-preview:large","max-video-preview":"max-video-preview:-1"},"og_locale":"tr_TR","og_type":"article","og_title":"Operasyon & lojistik - AIMR","og_description":"Alex International for Mining and Refractories Products (AIMR), we invested in building a sustainable future for our company and our communities.","og_url":"https:\/\/aimr-mining.com\/tr\/operasyon-lojistik\/","og_site_name":"AIMR","article_modified_time":"2018-07-03T10:34:19+00:00","og_image":[{"width":1920,"height":249,"url":"https:\/\/aimr-mining.com\/wp-content\/uploads\/2016\/06\/logistics-banner.jpg","type":"image\/jpeg"}],"twitter_card":"summary_large_image","twitter_misc":{"Est. reading time":"3 minutes"},"schema":{"@context":"https:\/\/schema.org","@graph":[{"@type":"WebPage","@id":"https:\/\/aimr-mining.com\/tr\/operasyon-lojistik\/","url":"https:\/\/aimr-mining.com\/tr\/operasyon-lojistik\/","name":"Operasyon & lojistik - AIMR","isPartOf":{"@id":"https:\/\/aimr-mining.com\/#website"},"primaryImageOfPage":{"@id":"https:\/\/aimr-mining.com\/tr\/operasyon-lojistik\/#primaryimage"},"image":{"@id":"https:\/\/aimr-mining.com\/tr\/operasyon-lojistik\/#primaryimage"},"thumbnailUrl":"https:\/\/aimr-mining.com\/wp-content\/uploads\/2016\/06\/logistics-banner.jpg","datePublished":"2016-06-22T08:38:46+00:00","dateModified":"2018-07-03T10:34:19+00:00","description":"Alex International for Mining and Refractories Products (AIMR), we invested in building a sustainable future for our company and our communities.","breadcrumb":{"@id":"https:\/\/aimr-mining.com\/tr\/operasyon-lojistik\/#breadcrumb"},"inLanguage":"tr","potentialAction":[{"@type":"ReadAction","target":["https:\/\/aimr-mining.com\/tr\/operasyon-lojistik\/"]}]},{"@type":"ImageObject","inLanguage":"tr","@id":"https:\/\/aimr-mining.com\/tr\/operasyon-lojistik\/#primaryimage","url":"https:\/\/aimr-mining.com\/wp-content\/uploads\/2016\/06\/logistics-banner.jpg","contentUrl":"https:\/\/aimr-mining.com\/wp-content\/uploads\/2016\/06\/logistics-banner.jpg","width":1920,"height":249},{"@type":"BreadcrumbList","@id":"https:\/\/aimr-mining.com\/tr\/operasyon-lojistik\/#breadcrumb","itemListElement":[{"@type":"ListItem","position":1,"name":"Home","item":"https:\/\/aimr-mining.com\/tr\/"},{"@type":"ListItem","position":2,"name":"Operasyon &#038; lojistik"}]},{"@type":"WebSite","@id":"https:\/\/aimr-mining.com\/#website","url":"https:\/\/aimr-mining.com\/","name":"AIMR","description":"Alexandria International For Mining and Refractories","potentialAction":[{"@type":"SearchAction","target":{"@type":"EntryPoint","urlTemplate":"https:\/\/aimr-mining.com\/?s={search_term_string}"},"query-input":{"@type":"PropertyValueSpecification","valueRequired":true,"valueName":"search_term_string"}}],"inLanguage":"tr"}]}},"_links":{"self":[{"href":"https:\/\/aimr-mining.com\/tr\/wp-json\/wp\/v2\/pages\/2383","targetHints":{"allow":["GET"]}}],"collection":[{"href":"https:\/\/aimr-mining.com\/tr\/wp-json\/wp\/v2\/pages"}],"about":[{"href":"https:\/\/aimr-mining.com\/tr\/wp-json\/wp\/v2\/types\/page"}],"author":[{"embeddable":true,"href":"https:\/\/aimr-mining.com\/tr\/wp-json\/wp\/v2\/users\/1"}],"replies":[{"embeddable":true,"href":"https:\/\/aimr-mining.com\/tr\/wp-json\/wp\/v2\/comments?post=2383"}],"version-history":[{"count":5,"href":"https:\/\/aimr-mining.com\/tr\/wp-json\/wp\/v2\/pages\/2383\/revisions"}],"predecessor-version":[{"id":2591,"href":"https:\/\/aimr-mining.com\/tr\/wp-json\/wp\/v2\/pages\/2383\/revisions\/2591"}],"wp:featuredmedia":[{"embeddable":true,"href":"https:\/\/aimr-mining.com\/tr\/wp-json\/wp\/v2\/media\/2384"}],"wp:attachment":[{"href":"https:\/\/aimr-mining.com\/tr\/wp-json\/wp\/v2\/media?parent=2383"}],"curies":[{"name":"wp","href":"https:\/\/api.w.org\/{rel}","templated":true}]}}