{"id":2375,"date":"2016-06-21T13:18:26","date_gmt":"2016-06-21T13:18:26","guid":{"rendered":"https:\/\/aimr-mining.com\/tr\/home\/"},"modified":"2018-06-06T12:38:27","modified_gmt":"2018-06-06T10:38:27","slug":"home","status":"publish","type":"page","link":"https:\/\/aimr-mining.com\/tr\/","title":{"rendered":"Home"},"content":{"rendered":"<div class=\"wpb-content-wrapper\"><p>[vc_row][vc_column][vc_tta_tabs active_section=&#8221;2&#8243;][vc_tta_section title=&#8221;G\u00f6rme &amp; g\u00f6rev&#8221; tab_id=&#8221;1466679120217-9e8496d9-95d9&#8243;][vc_row_inner][vc_column_inner width=&#8221;1\/2&#8243;][vc_column_text]<\/p>\n<p class=\"Normal tm5\"><strong><span class=\"tm6\">G\u00f6rme<\/span><\/strong><\/p>\n<p class=\"Normal tm5\"><span class=\"tm6\">Madencili\u011fe kar\u015f\u0131 \u00e7evreye duyarl\u0131 ve kaynak sorumlu yakla\u015f\u0131m\u0131m\u0131zla gurur duyuyoruz<\/span><span class=\"tm6\">, <strong>Aimr <\/strong><\/span><span class=\"tm6\">\u015firketimiz ve toplumlar\u0131m\u0131z i\u00e7in s\u00fcrd\u00fcr\u00fclebilir bir gelecek in\u015fa etmeye yat\u0131r\u0131m yap\u0131yor. G\u00f6rmemiz<\/span><span class=\"tm6\">, <\/span><span class=\"tm6\">d\u00fcnyan\u0131n her yerinde minerallerin s\u00fcrd\u00fcr\u00fclebilir tedarik\u00e7isi say\u0131lan birinci numara olmakt\u0131r.<\/span><\/p>\n<p>[\/vc_column_text][vc_column_text]<\/p>\n<p class=\"Normal tm5\"><strong><span class=\"tm6\">G\u00f6rev<\/span><\/strong><\/p>\n<p class=\"Normal tm5\"><span class=\"tm6\">Aimr<\/span><span class=\"tm6\">, <\/span><span class=\"tm6\">maden kaynaklar\u0131n\u0131 toplumun modern uygarl\u0131\u011f\u0131n\u0131 yap\u0131 ta\u015flar\u0131na d\u00f6n\u00fc\u015ft\u00fcr\u00fcyor. Kaynaklar\u0131 koruyoruz<\/span><span class=\"tm6\">, <\/span><span class=\"tm6\">y\u00fcksek kaliteli mineralleri sa\u011fl\u0131yoruz ve \u00e7evreyi korumak i\u00e7in \u00e7e\u015fitli s\u00fcrd\u00fcr\u00fclebilir faaliyetler uyguluyoruz.<\/span><\/p>\n<p>[\/vc_column_text][\/vc_column_inner][vc_column_inner width=&#8221;1\/2&#8243;][vc_single_image image=&#8221;175&#8243; img_size=&#8221;full&#8221;][\/vc_column_inner][\/vc_row_inner][\/vc_tta_section][vc_tta_section title=&#8221;K\u00fcresel mevcudiyet&#8221; tab_id=&#8221;1466679406794-bd6d4522-d77b&#8221;][vc_row_inner][vc_column_inner width=&#8221;1\/2&#8243;][vc_column_text]<\/p>\n<h4>\u00dcr\u00fcnlerimiz t\u00fcm d\u00fcnyada s\u00fcrekli olarak kullan\u0131ma a\u00e7\u0131l\u0131yor.<\/h4>\n<p class=\"Normal tm5\"><span class=\"tm6\">\u00dcr\u00fcn\u00fcm\u00fcz d\u00fcnya \u00e7ap\u0131nda s\u00fcrekli olarak mevcut hale geliyor. Amerika Birle\u015fik Devletleri&amp; Avrupa&amp; Kanada&#8217;da operasyonlar geni\u015fliyor<\/span><span class=\"tm6\">, <\/span><span class=\"tm6\">biz di\u011fer refrakter \u00fcr\u00fcnlerin etkileyici bir aral\u0131\u011f\u0131 ile birlikte kaliteli M\u0131s\u0131r kaya tuzu<\/span><span class=\"tm6\">, fosfat kaya, kalsine kaolin sa<\/span><span class=\"tm6\">\u011fl\u0131yoruz. M\u0131s\u0131r<\/span><span class=\"tm6\">,<\/span><span class=\"tm6\"> kesinlike mineraller ve minerallerin m\u00fcteakip yan \u00fcr\u00fcnleri a\u00e7\u0131s\u0131ndan zengindir. Aimr<\/span><span class=\"tm6\">, sundu<\/span><span class=\"tm6\">\u011fumuz bu minerallerin ve refarkter \u00fcr\u00fcnlerin en iyileri ile d\u00fcnya tedarikte liderdir.<\/span><\/p>\n<p>[\/vc_column_text][vc_single_image image=&#8221;1689&#8243; img_size=&#8221;full&#8221; el_class=&#8221;hidden-xs&#8221;][\/vc_column_inner][vc_column_inner width=&#8221;1\/2&#8243;][vc_single_image image=&#8221;40&#8243; img_size=&#8221;full&#8221;][\/vc_column_inner][\/vc_row_inner][\/vc_tta_section][vc_tta_section title=&#8221;Bizim grubumuz&#8221; tab_id=&#8221;1466679404693-257563b4-019a&#8221;][vc_row_inner][vc_column_inner width=&#8221;1\/2&#8243;][vc_column_text el_class=&#8221;bullets-enabled&#8221;]<\/p>\n<h4>Bizim grubumuz<\/h4>\n<p class=\"Normal tm5\"><span class=\"tm6\">2006 y\u0131l\u0131nda kurulan \u0130skenderiye Modern Ticaret \u015eirketi<\/span><span class=\"tm6\">, <\/span><span class=\"tm6\">M\u0131s\u0131r&#8217;daki en b\u00fcy\u00fck ihracat y\u00f6netimi ve yerelle\u015ftirme f\u0131rmalar\u0131ndan biri olarak ortaya \u00e7\u0131km\u0131\u015ft\u0131r. D\u00fcnya ekonomisinin merkezinde<\/span><span class=\"tm6\">, grubumuz bu <\/span><span class=\"tm6\">\u015firketlerden olu\u015fturuyor<\/span><\/p>\n<p>&nbsp;<\/p>\n<ul>\n<li>Elo (T\u0131bbi ekipman \u015firketi)<\/li>\n<li>Amtc (\u0130hracat y\u00f6netimi \u015firketi)<\/li>\n<li>Plastik end\u00fcstrisi i\u00e7in uluslarars\u0131 \u0130skenderiye (ambalaj malzemeleri imalat \u015firketi)<\/li>\n<li>ve tabiki Aimr (Madencilik ve refrakterler i\u00e7in uluslararas\u0131 \u0130skenderiye)<\/li>\n<\/ul>\n<p>[\/vc_column_text][\/vc_column_inner][vc_column_inner width=&#8221;1\/2&#8243;][vc_single_image image=&#8221;179&#8243; img_size=&#8221;full&#8221;][\/vc_column_inner][\/vc_row_inner][\/vc_tta_section][vc_tta_section title=&#8221;De\u011ferler&#8221; tab_id=&#8221;1466679401520-c815b776-1294&#8243;][vc_row_inner][vc_column_inner width=&#8221;1\/2&#8243;][vc_column_text]<\/p>\n<h4>De\u011ferler<\/h4>\n<p class=\"Normal tm5\"><span class=\"tm6\">Ni\u015fimizde en iyi hizmet ve \u00fcr\u00fcnleri sunmaya yat\u0131r\u0131m yap\u0131yoruz<\/span><span class=\"tm6\">, Aimr <\/span><span class=\"tm6\">d\u00fcnya \u00e7ap\u0131nda y\u00fcksek kaliteli refrakter ve mineral \u00fcr\u00fcnleri tedarik\u00e7isi olmaktan gurur duymaktad\u0131r. Bizim y\u00f6ntemlerimize geldi\u011finde benzersiziz. Size en uygun malzemeleri sunuyoruz. Her zaman \u00f6nceli\u011fimiz m\u00fc\u015fteridir<\/span><span class=\"tm6\">, <\/span><span class=\"tm6\">memn\u00fcniyetinize adad\u0131k.<\/span><\/p>\n<p class=\"Normal tm5\"><span class=\"tm6\">Aimr&#8217;de<\/span><span class=\"tm6\">, <\/span><span class=\"tm6\">M\u0131s\u0131r&#8217;da ve faaliyet g\u00f6sterdi\u011fimiz \u00fclke ve topluluklar\u0131n yan\u0131 s\u0131ra gerekli \u00f6nlemleri uygulama ihtiyac\u0131n\u0131 anl\u0131yoruz. Sadece gerekli olan kaynaklar\u0131 kullanarak m\u00fcmk\u00fcn olan her durumda muhafaza eder<\/span><span class=\"tm6\">, kurur ve geri y<\/span><span class=\"tm6\">\u00fckleriz. Kalbimiz ve vicdan\u0131m\u0131z olan bir madencilik ve refrakter \u015firket<\/span><span class=\"tm6\">, <\/span><span class=\"tm6\">kendimizi en y\u00fcksek standartlarda tutuyoruz.<\/span><\/p>\n<p>[\/vc_column_text][vc_column_text el_class=&#8221;bullets-enabled&#8221;]<\/p>\n<h4>\u00dcr\u00fcnlerimiz de ayn\u0131 standartlarda tutulur.<\/h4>\n<ul>\n<li>\u00a0Y\u00fcksek profesyonellik standartlar\u0131n\u0131 takip etmek.<\/li>\n<li>M\u00fc\u015fterilerimizin menfaatlerini \u00f6n\u00fcm\u00fcze koymak.<\/li>\n<li>Etik standartlar\u0131 takip etmek.<\/li>\n<li>M\u00fc\u015fterilerimizin gizlili\u011fini korumak.<\/li>\n<li>M\u00fc\u015fteri ve organizasyon kaynaklar\u0131n\u0131 uygun maliyetli bir \u015fekilde y\u00f6netmek.<\/li>\n<li>M\u00fc\u015fterilerin performans\u0131n\u0131 \u00f6nemli \u00f6l\u00e7\u00fcde geli\u015ftirmek.<\/li>\n<li>\u00dcst y\u00f6netim konseptini takip etmek.<\/li>\n<li>M\u00fc\u015fterilere en iyi hizmet sunmak i\u00e7in uluslararas\u0131 a\u011flar\u0131 kullan\u0131yoruz.<\/li>\n<li>Performans\u0131 iyile\u015ftirmek ve iyile\u015ftirmeyi sa\u011flamak i\u00e7in istemci \u00f6zelliklerini geli\u015ftiriyoruz.<\/li>\n<li>D\u00fcr\u00fcstl\u00fck ve g\u00fcvene dayal\u0131 uzun s\u00fcreli ili\u015fkileri kurmak.<\/li>\n<\/ul>\n<p>[\/vc_column_text][\/vc_column_inner][vc_column_inner width=&#8221;1\/2&#8243;][vc_single_image image=&#8221;182&#8243; img_size=&#8221;full&#8221; alignment=&#8221;center&#8221; css=&#8221;.vc_custom_1470559611651{margin-bottom: 0px !important;}&#8221;][vc_single_image image=&#8221;180&#8243; img_size=&#8221;full&#8221; alignment=&#8221;center&#8221;][\/vc_column_inner][\/vc_row_inner][vc_row_inner][vc_column_inner width=&#8221;1\/2&#8243;][\/vc_column_inner][vc_column_inner width=&#8221;1\/2&#8243;][\/vc_column_inner][\/vc_row_inner][\/vc_tta_section][\/vc_tta_tabs][\/vc_column][\/vc_row]<\/p>\n<\/div>","protected":false},"excerpt":{"rendered":"<p>[vc_row][vc_column][vc_tta_tabs active_section=&#8221;2&#8243;][vc_tta_section title=&#8221;G\u00f6rme &amp; g\u00f6rev&#8221; tab_id=&#8221;1466679120217-9e8496d9-95d9&#8243;][vc_row_inner][vc_column_inner width=&#8221;1\/2&#8243;][vc_column_text] G\u00f6rme Madencili\u011fe kar\u015f\u0131 \u00e7evreye duyarl\u0131 ve kaynak sorumlu yakla\u015f\u0131m\u0131m\u0131zla gurur duyuyoruz, Aimr \u015firketimiz ve toplumlar\u0131m\u0131z i\u00e7in s\u00fcrd\u00fcr\u00fclebilir bir gelecek in\u015fa etmeye yat\u0131r\u0131m yap\u0131yor. G\u00f6rmemiz, d\u00fcnyan\u0131n her yerinde minerallerin s\u00fcrd\u00fcr\u00fclebilir tedarik\u00e7isi say\u0131lan birinci numara olmakt\u0131r. [\/vc_column_text][vc_column_text] G\u00f6rev Aimr, maden kaynaklar\u0131n\u0131 toplumun modern uygarl\u0131\u011f\u0131n\u0131 yap\u0131 ta\u015flar\u0131na d\u00f6n\u00fc\u015ft\u00fcr\u00fcyor. Kaynaklar\u0131 koruyoruz, y\u00fcksek [&hellip;]<\/p>\n","protected":false},"author":1,"featured_media":0,"parent":0,"menu_order":0,"comment_status":"closed","ping_status":"closed","template":"page-home.php","meta":{"footnotes":""},"class_list":["post-2375","page","type-page","status-publish","hentry"],"yoast_head":"<!-- This site is optimized with the Yoast SEO plugin v27.3 - https:\/\/yoast.com\/product\/yoast-seo-wordpress\/ -->\n<title>AIMR | Alex International for Mining and Refractories<\/title>\n<meta name=\"description\" content=\"Alex International for Mining and Refractories Products (AIMR), we invested in building a sustainable future for our company and our communities.\" \/>\n<meta name=\"robots\" content=\"index, follow, max-snippet:-1, max-image-preview:large, max-video-preview:-1\" \/>\n<meta property=\"og:locale\" content=\"tr_TR\" \/>\n<meta property=\"og:type\" content=\"article\" \/>\n<meta property=\"og:title\" content=\"AIMR | Alex International for Mining and Refractories\" \/>\n<meta property=\"og:description\" content=\"Alex International for Mining and Refractories Products (AIMR), we invested in building a sustainable future for our company and our communities.\" \/>\n<meta property=\"og:url\" content=\"https:\/\/aimr-mining.com\/tr\/\" \/>\n<meta property=\"og:site_name\" content=\"AIMR\" \/>\n<meta property=\"article:modified_time\" content=\"2018-06-06T10:38:27+00:00\" \/>\n<meta name=\"twitter:card\" content=\"summary_large_image\" \/>\n<meta name=\"twitter:label1\" content=\"Est. reading time\" \/>\n\t<meta name=\"twitter:data1\" content=\"4 minutes\" \/>\n<script type=\"application\/ld+json\" class=\"yoast-schema-graph\">{\"@context\":\"https:\\\/\\\/schema.org\",\"@graph\":[{\"@type\":\"WebPage\",\"@id\":\"https:\\\/\\\/aimr-mining.com\\\/tr\\\/\",\"url\":\"https:\\\/\\\/aimr-mining.com\\\/tr\\\/\",\"name\":\"AIMR | Alex International for Mining and Refractories\",\"isPartOf\":{\"@id\":\"https:\\\/\\\/aimr-mining.com\\\/#website\"},\"datePublished\":\"2016-06-21T13:18:26+00:00\",\"dateModified\":\"2018-06-06T10:38:27+00:00\",\"description\":\"Alex International for Mining and Refractories Products (AIMR), we invested in building a sustainable future for our company and our communities.\",\"breadcrumb\":{\"@id\":\"https:\\\/\\\/aimr-mining.com\\\/tr\\\/#breadcrumb\"},\"inLanguage\":\"tr\",\"potentialAction\":[{\"@type\":\"ReadAction\",\"target\":[\"https:\\\/\\\/aimr-mining.com\\\/tr\\\/\"]}]},{\"@type\":\"BreadcrumbList\",\"@id\":\"https:\\\/\\\/aimr-mining.com\\\/tr\\\/#breadcrumb\",\"itemListElement\":[{\"@type\":\"ListItem\",\"position\":1,\"name\":\"Home\",\"item\":\"https:\\\/\\\/aimr-mining.com\\\/tr\\\/\"},{\"@type\":\"ListItem\",\"position\":2,\"name\":\"Home\"}]},{\"@type\":\"WebSite\",\"@id\":\"https:\\\/\\\/aimr-mining.com\\\/#website\",\"url\":\"https:\\\/\\\/aimr-mining.com\\\/\",\"name\":\"AIMR\",\"description\":\"Alexandria International For Mining and Refractories\",\"potentialAction\":[{\"@type\":\"SearchAction\",\"target\":{\"@type\":\"EntryPoint\",\"urlTemplate\":\"https:\\\/\\\/aimr-mining.com\\\/?s={search_term_string}\"},\"query-input\":{\"@type\":\"PropertyValueSpecification\",\"valueRequired\":true,\"valueName\":\"search_term_string\"}}],\"inLanguage\":\"tr\"}]}<\/script>\n<!-- \/ Yoast SEO plugin. -->","yoast_head_json":{"title":"AIMR | Alex International for Mining and Refractories","description":"Alex International for Mining and Refractories Products (AIMR), we invested in building a sustainable future for our company and our communities.","robots":{"index":"index","follow":"follow","max-snippet":"max-snippet:-1","max-image-preview":"max-image-preview:large","max-video-preview":"max-video-preview:-1"},"og_locale":"tr_TR","og_type":"article","og_title":"AIMR | Alex International for Mining and Refractories","og_description":"Alex International for Mining and Refractories Products (AIMR), we invested in building a sustainable future for our company and our communities.","og_url":"https:\/\/aimr-mining.com\/tr\/","og_site_name":"AIMR","article_modified_time":"2018-06-06T10:38:27+00:00","twitter_card":"summary_large_image","twitter_misc":{"Est. reading time":"4 minutes"},"schema":{"@context":"https:\/\/schema.org","@graph":[{"@type":"WebPage","@id":"https:\/\/aimr-mining.com\/tr\/","url":"https:\/\/aimr-mining.com\/tr\/","name":"AIMR | Alex International for Mining and Refractories","isPartOf":{"@id":"https:\/\/aimr-mining.com\/#website"},"datePublished":"2016-06-21T13:18:26+00:00","dateModified":"2018-06-06T10:38:27+00:00","description":"Alex International for Mining and Refractories Products (AIMR), we invested in building a sustainable future for our company and our communities.","breadcrumb":{"@id":"https:\/\/aimr-mining.com\/tr\/#breadcrumb"},"inLanguage":"tr","potentialAction":[{"@type":"ReadAction","target":["https:\/\/aimr-mining.com\/tr\/"]}]},{"@type":"BreadcrumbList","@id":"https:\/\/aimr-mining.com\/tr\/#breadcrumb","itemListElement":[{"@type":"ListItem","position":1,"name":"Home","item":"https:\/\/aimr-mining.com\/tr\/"},{"@type":"ListItem","position":2,"name":"Home"}]},{"@type":"WebSite","@id":"https:\/\/aimr-mining.com\/#website","url":"https:\/\/aimr-mining.com\/","name":"AIMR","description":"Alexandria International For Mining and Refractories","potentialAction":[{"@type":"SearchAction","target":{"@type":"EntryPoint","urlTemplate":"https:\/\/aimr-mining.com\/?s={search_term_string}"},"query-input":{"@type":"PropertyValueSpecification","valueRequired":true,"valueName":"search_term_string"}}],"inLanguage":"tr"}]}},"_links":{"self":[{"href":"https:\/\/aimr-mining.com\/tr\/wp-json\/wp\/v2\/pages\/2375","targetHints":{"allow":["GET"]}}],"collection":[{"href":"https:\/\/aimr-mining.com\/tr\/wp-json\/wp\/v2\/pages"}],"about":[{"href":"https:\/\/aimr-mining.com\/tr\/wp-json\/wp\/v2\/types\/page"}],"author":[{"embeddable":true,"href":"https:\/\/aimr-mining.com\/tr\/wp-json\/wp\/v2\/users\/1"}],"replies":[{"embeddable":true,"href":"https:\/\/aimr-mining.com\/tr\/wp-json\/wp\/v2\/comments?post=2375"}],"version-history":[{"count":4,"href":"https:\/\/aimr-mining.com\/tr\/wp-json\/wp\/v2\/pages\/2375\/revisions"}],"predecessor-version":[{"id":2526,"href":"https:\/\/aimr-mining.com\/tr\/wp-json\/wp\/v2\/pages\/2375\/revisions\/2526"}],"wp:attachment":[{"href":"https:\/\/aimr-mining.com\/tr\/wp-json\/wp\/v2\/media?parent=2375"}],"curies":[{"name":"wp","href":"https:\/\/api.w.org\/{rel}","templated":true}]}}