{"id":2367,"date":"2016-06-22T10:30:32","date_gmt":"2016-06-22T10:30:32","guid":{"rendered":"https:\/\/aimr-mining.com\/tr\/about-us\/"},"modified":"2018-07-11T13:27:44","modified_gmt":"2018-07-11T11:27:44","slug":"bizimle-ilgili","status":"publish","type":"page","link":"https:\/\/aimr-mining.com\/tr\/bizimle-ilgili\/","title":{"rendered":"Bizimle ilgili"},"content":{"rendered":"<div class=\"wpb-content-wrapper\"><p>[vc_row full_width=&#8221;stretch_row&#8221; css=&#8221;.vc_custom_1528366700184{padding-top: 0px !important;background: #6b7b81 url(https:\/\/aimr-mining.com\/\/wp-content\/uploads\/2016\/06\/about-bg.jpg?id=53) !important;background-position: center !important;background-repeat: no-repeat !important;background-size: cover !important;}&#8221; el_class=&#8221;dark-section section&#8221; el_id=&#8221;bizim-sirketimiz &#8220;][vc_column][vc_column_text]<\/p>\n<p style=\"text-align: center;\">&#8220;AMTC&#8221;e i\u015etiraki bir \u015eirket olarak 2010&#8217;da kuruldu, madencilik \u00fcr\u00fcnleri ve imalat refrakterleri uzmanla\u015fm\u0131\u015f bir \u015firket. Farkl\u0131 \u00fclkelerden \u00e7\u0131kar\u0131lan minerallerin ilk sat\u0131c\u0131 olarak k\u00fcresel bir varl\u0131k kurmay\u0131 ama\u00e7l\u0131yor, sundu\u011fumuz kaynaklar ve sundu\u011fumuz \u00fcr\u00fcnlerin kalitesi i\u00e7in kendimizle gurur duyuyoruz. M\u0131s\u0131r&#8217;da \u0130skenderiye&#8217;de genel merkezlerimiz var, Amerika Birle\u015fik Devletleri&#8217;nde, \u00c7in&#8217;de ve Biele\u015fik Arap Emirlikleri&#8217;nde \u015fubelerimiz var, d\u00fcnyan\u0131n her taraf\u0131nda hizmet verebiliyoruz.<\/p>\n<p style=\"text-align: center;\">Aimr, y\u0131llar boyunca \u00fcr\u00fcrnlerin yelpazesini Kaolin, d\u00f6kme kaya tuzu, fosfat, kayalar, talk, feldispat, kuvars, al\u00e7\u0131ta\u015f\u0131, ate\u015fe dayan\u0131kl\u0131 maddeler, har\u00e7 ve tu\u011fla gibi zenginle\u015ftirmeye ba\u015fard\u0131.<\/p>\n<p style=\"text-align: center;\">Bizim felsefemiz varl\u0131klar de\u011fer zincirlerine ula\u015fmas\u0131d\u0131r, basit bir aramadan may\u0131nlar\u0131n i\u015fletmesine, \u00fcreticililere ve ihracat\u00e7\u0131lara varl\u0131klara ula\u015fmas\u0131d\u0131r. \u015eirketimiz hissedarlar\u0131na de\u011fer sa\u011flamak i\u00e7in bie denge piyasas\u0131 sat\u0131n alma stratejisi izlemektedir.<\/p>\n<p style=\"text-align: center;\">\u00dcr\u00fcnlerimiz kaya tuzu, fosfat kayas\u0131, kaolin gibi toplu olarak tedarik edilip edilmeyece\u011fi veya \u00f6zel ambalajlama d\u00fczenlemeleri gerekterip gerektirmedi\u011fi Aimr tedarik zincirinin, m\u00fc\u015fterilerimize ve da\u011f\u0131t\u0131mc\u0131lar\u0131m\u0131za e\u015fsiz bir destek sa\u011flayan miktarlar ve knoum kolayl\u0131\u011f\u0131 a\u00e7\u0131s\u0131ndan istisnai bir tedarik oran\u0131 sa\u011flamas\u0131d\u0131r.<\/p>\n<p style=\"text-align: center;\">Aimr ekibi, madencilik ve maden kaynaklar\u0131ndaki deneyime ve uzun y\u0131llara dayanan deneyime sahiptir. Ayr\u0131ca \u015firket \u00f6nemli end\u00fcstri oyuncular\u0131, uluslararas\u0131 ortaklar\u0131 ve h\u00fck\u00fcmet payda\u015flar\u0131 ile ili\u015fkiler geli\u015ftirdi.<\/p>\n<p style=\"text-align: center;\">Aimr&#8217;de, g\u00f6revini yerine getirme ve madencilik ve madeni kaynaklar sekt\u00f6r\u00fcndeki en iyiler aras\u0131nda kalabilmek i\u00e7in s\u00fcr\u00fcc\u00fc ve deneyime sahip oldu\u011fumuzdan eminiz.<\/p>\n<p>[\/vc_column_text][vc_column_text el_class=&#8221;header&#8221;]<\/p>\n<h2 style=\"text-align: center;\">Bizim \u015firketimiz <span class=\"ahr\">Madencilik ve refrakterler i\u00e7in uluslarars\u0131 \u0130skenderiye <span class=\"ahrr\">(Aimr)<\/span><\/span><\/h2>\n<p>[\/vc_column_text][vc_row_inner][vc_column_inner width=&#8221;1\/6&#8243;][\/vc_column_inner][vc_column_inner width=&#8221;2\/3&#8243;][\/vc_column_inner][vc_column_inner width=&#8221;1\/6&#8243;][\/vc_column_inner][\/vc_row_inner][\/vc_column][\/vc_row][vc_row el_class=&#8221;section&#8221;][vc_column][vc_tta_tour][vc_tta_section title=&#8221;K\u00fcresel mevcudiyet&#8221; tab_id=&#8221;kuresel-mevcudiyet&#8221;][vc_row_inner css=&#8221;.vc_custom_1466689850484{padding-bottom: 50px !important;}&#8221;][vc_column_inner width=&#8221;1\/3&#8243;][vc_single_image image=&#8221;39&#8243; img_size=&#8221;full&#8221;][\/vc_column_inner][vc_column_inner width=&#8221;2\/3&#8243;][vc_column_text]<\/p>\n<h5>\u00dcr\u00fcnlerimiz t\u00fcm d\u00fcnyada s\u00fcrekli olarak kullan\u0131ma a\u00e7\u0131l\u0131yor.<\/h5>\n<p>Piyasadaki talepler s\u00fcrekli de\u011fi\u015fiyor: baz\u0131 pazarlar daha olgunla\u015f\u0131r, di\u011ferleri ortaya \u00e7\u0131kar ve baz\u0131 tecr\u00fcbeler geli\u015fir. M\u00fc\u015fterilerimiz, baz\u0131lar\u0131n\u0131n ba\u015fka bir yere ta\u015f\u0131nmas\u0131 ve di\u011ferlerinin deneyimlerini geli\u015ftirmeleri i\u00e7in de\u011fi\u015ftikleri yerlerde de\u011fi\u015fmektedir. Onlar\u0131n geli\u015ftirme a\u015famalar\u0131n\u0131 nerede oldu\u011funu yada onlar\u0131n nerede olduklar\u0131n\u0131 \u00f6nemli de\u011fil, Madencilik ve Refrakter i\u00e7in uluslararas\u0131 \u0130skenderiye &#8220;Aimr&#8221; b\u00fcy\u00fcmeleri i\u00e7in en iyi deste\u011fi ve hizmetleri sunuyor. Bu, pazar\u0131n e\u011filimlerine ve m\u00fc\u015fterilerin taleplerine dayal\u0131 \u00fcretim platformunu hizalad\u0131\u011f\u0131m\u0131z i\u00e7in \u015firketimizin uluslararas\u0131 olarak geni\u015flemesinin ana sebebidir.[\/vc_column_text][\/vc_column_inner][\/vc_row_inner][vc_row_inner][vc_column_inner width=&#8221;1\/2&#8243;][vc_column_text]<\/p>\n<p class=\"Normal tm5\"><span class=\"tm6\">\u00dcr\u00fcn\u00fcm\u00fcz d\u00fcnya \u00e7ap\u0131nda s\u00fcrekli olarak mevcut hale geliyor. Amerika Birle\u015fik Devletleri&amp; Avrupa&amp; Kanada&#8217;da operasyonlar geni\u015fliyor<\/span><span class=\"tm6\">, <\/span><span class=\"tm6\">biz di\u011fer refrakter \u00fcr\u00fcnlerin etkileyici bir aral\u0131\u011f\u0131 ile birlikte kaliteli M\u0131s\u0131r kaya tuzu<\/span><span class=\"tm6\">, fosfat kaya, kalsine kaolin sa<\/span><span class=\"tm6\">\u011fl\u0131yoruz. M\u0131s\u0131r<\/span><span class=\"tm6\">,<\/span><span class=\"tm6\"> kesinlike mineraller ve minerallerin m\u00fcteakip yan \u00fcr\u00fcnleri a\u00e7\u0131s\u0131ndan zengindir. Aimr<\/span><span class=\"tm6\">, sundu<\/span><span class=\"tm6\">\u011fumuz bu minerallerin ve refarkter \u00fcr\u00fcnlerin en iyileri ile d\u00fcnya tedarikte liderdir.<\/span><\/p>\n<p class=\"Normal tm5\">\u00a0<span class=\"tm6\">Uzun k\u00fcresel deneyimlerimizle yap\u0131lan<\/span><span class=\"tm6\">, <\/span><span class=\"tm6\">uluslararas\u0131 d\u00fczeyde i\u015f yapmak Aimr&#8217;in ikinci do\u011fas\u0131d\u0131r. Yerel ve uluslararas\u0131 i\u015f ortaklar\u0131yla iyi ili\u015fkiler kurmak ve s\u00fcrd\u00fcrmek bizim \u00f6nceli\u011fimizdir.<\/span><\/p>\n<p>[\/vc_column_text][\/vc_column_inner][vc_column_inner width=&#8221;1\/2&#8243;][vc_single_image image=&#8221;40&#8243; img_size=&#8221;full&#8221;][\/vc_column_inner][\/vc_row_inner][\/vc_tta_section][vc_tta_section title=&#8221;G\u00f6rme &amp; g\u00f6rev&#8221; tab_id=&#8221;gorme-gorev&#8221;][vc_row_inner][vc_column_inner width=&#8221;1\/2&#8243;][vc_column_text]<\/p>\n<p class=\"Normal tm5\"><strong><span class=\"tm6\">G\u00f6rme<\/span><\/strong><\/p>\n<p class=\"Normal tm5\"><span class=\"tm6\">Madencili\u011fe kar\u015f\u0131 \u00e7evreye duyarl\u0131 ve kaynak sorumlu yakla\u015f\u0131m\u0131m\u0131zla gurur duyuyoruz<\/span><span class=\"tm6\">, <strong>Aimr <\/strong><\/span><span class=\"tm6\">\u015firketimiz ve toplumlar\u0131m\u0131z i\u00e7in s\u00fcrd\u00fcr\u00fclebilir bir gelecek in\u015fa etmeye yat\u0131r\u0131m yap\u0131yor. G\u00f6rmemiz<\/span><span class=\"tm6\">, <\/span><span class=\"tm6\">d\u00fcnyan\u0131n her yerinde minerallerin s\u00fcrd\u00fcr\u00fclebilir tedarik\u00e7isi say\u0131lan birinci numara olmakt\u0131r.<\/span><\/p>\n<p>[\/vc_column_text][vc_column_text]<\/p>\n<p class=\"Normal tm5\"><strong><span class=\"tm6\">G\u00f6rev<\/span><\/strong><\/p>\n<p class=\"Normal tm5\"><span class=\"tm6\">Aimr<\/span><span class=\"tm6\">, <\/span><span class=\"tm6\">maden kaynaklar\u0131n\u0131 toplumun modern uygarl\u0131\u011f\u0131n\u0131 yap\u0131 ta\u015flar\u0131na d\u00f6n\u00fc\u015ft\u00fcr\u00fcyor. Kaynaklar\u0131 koruyoruz<\/span><span class=\"tm6\">, <\/span><span class=\"tm6\">y\u00fcksek kaliteli mineralleri sa\u011fl\u0131yoruz ve \u00e7evreyi korumak i\u00e7in \u00e7e\u015fitli s\u00fcrd\u00fcr\u00fclebilir faaliyetler uyguluyoruz.<\/span><\/p>\n<p>[\/vc_column_text][\/vc_column_inner][vc_column_inner width=&#8221;1\/2&#8243;][vc_single_image image=&#8221;175&#8243; img_size=&#8221;full&#8221; alignment=&#8221;center&#8221;][\/vc_column_inner][\/vc_row_inner][\/vc_tta_section][vc_tta_section title=&#8221;Bizim grubumuz&#8221; tab_id=&#8221;bizim-grubumuz&#8221;][vc_row_inner][vc_column_inner width=&#8221;1\/2&#8243;][vc_column_text]<\/p>\n<h4>Bizim grubumuz<\/h4>\n<p class=\"Normal tm5\"><span class=\"tm6\">2006 y\u0131l\u0131nda kurulan \u0130skenderiye Modern Ticaret \u015eirketi<\/span><span class=\"tm6\">, <\/span><span class=\"tm6\">M\u0131s\u0131r&#8217;daki en b\u00fcy\u00fck ihracat y\u00f6netimi ve yerelle\u015ftirme f\u0131rmalar\u0131ndan biri olarak ortaya \u00e7\u0131km\u0131\u015ft\u0131r. D\u00fcnya ekonomisinin merkezinde<\/span><span class=\"tm6\">, grubumuz bu <\/span><span class=\"tm6\">\u015firketlerden olu\u015fturuyor<\/span><\/p>\n<p>[\/vc_column_text][vc_column_text el_class=&#8221;bullets-enabled&#8221;]<\/p>\n<ul>\n<li>Elo (T\u0131bbi ekipman \u015firketi)<\/li>\n<li>Amtc (\u0130hracat y\u00f6netimi \u015firketi)<\/li>\n<li>Plastik end\u00fcstrisi i\u00e7in uluslarars\u0131 \u0130skenderiye (ambalaj malzemeleri imalat \u015firketi)<\/li>\n<li>ve tabiki Aimr (Madencilik ve refrakterler i\u00e7in uluslararas\u0131 \u0130skenderiye)<\/li>\n<\/ul>\n<p>[\/vc_column_text][\/vc_column_inner][vc_column_inner width=&#8221;1\/2&#8243;][vc_single_image image=&#8221;179&#8243; img_size=&#8221;full&#8221; alignment=&#8221;center&#8221;][\/vc_column_inner][\/vc_row_inner][\/vc_tta_section][vc_tta_section title=&#8221;De\u011ferler&#8221; tab_id=&#8221;degerler&#8221;][vc_row_inner][vc_column_inner width=&#8221;1\/2&#8243;][vc_column_text]<\/p>\n<h4>De\u011ferler<\/h4>\n<p>Ni\u015fimizde en iyi hizmet ve \u00fcr\u00fcnleri sunmaya yat\u0131r\u0131m yap\u0131yoruz, Aimr d\u00fcnya \u00e7ap\u0131nda y\u00fcksek kaliteli refrakter ve mineral \u00fcr\u00fcnleri tedarik\u00e7isi olmaktan gurur duymaktad\u0131r. Bizim y\u00f6ntemlerimize geldi\u011finde benzersiziz. Size en uygun malzemeleri sunuyoruz. Her zaman \u00f6nceli\u011fimiz m\u00fc\u015fteridir, memn\u00fcniyetinize adad\u0131k.<\/p>\n<p class=\"Normal tm5\"><span class=\"tm6\">Aimr&#8217;de<\/span><span class=\"tm6\">, <\/span><span class=\"tm6\">M\u0131s\u0131r&#8217;da ve faaliyet g\u00f6sterdi\u011fimiz \u00fclke ve topluluklar\u0131n yan\u0131 s\u0131ra gerekli \u00f6nlemleri uygulama ihtiyac\u0131n\u0131 anl\u0131yoruz. Sadece gerekli olan kaynaklar\u0131 kullanarak m\u00fcmk\u00fcn olan her durumda muhafaza eder<\/span><span class=\"tm6\">, kurur ve geri y<\/span><span class=\"tm6\">\u00fckleriz. Kalbimiz ve vicdan\u0131m\u0131z olan bir madencilik ve refrakter \u015firket<\/span><span class=\"tm6\">, <\/span><span class=\"tm6\">kendimizi en y\u00fcksek standartlarda tutuyoruz.<\/span><\/p>\n<p>[\/vc_column_text][vc_column_text el_class=&#8221;bullets-enabled&#8221;]<\/p>\n<h4>\u00dcr\u00fcnlerimiz de ayn\u0131 standartlarda tutulur.<\/h4>\n<ul>\n<li>Y\u00fcksek profesyonellik standartlar\u0131n\u0131 takip etmek.<\/li>\n<li>M\u00fc\u015fterilerimizin menfaatlerini \u00f6n\u00fcm\u00fcze koymak.<\/li>\n<li>Etik standartlar\u0131 takip etmek.<\/li>\n<li>M\u00fc\u015fterilerimizin gizlili\u011fini korumak.<\/li>\n<li>M\u00fc\u015fteri ve organizasyon kaynaklar\u0131n\u0131 uygun maliyetli bir \u015fekilde y\u00f6netmek.<\/li>\n<li>M\u00fc\u015fterilerin performans\u0131n\u0131 \u00f6nemli \u00f6l\u00e7\u00fcde geli\u015ftirmek.<\/li>\n<li>\u00dcst y\u00f6netim konseptini takip etmek.<\/li>\n<li>M\u00fc\u015fterilere en iyi hizmet sunmak i\u00e7in uluslararas\u0131 a\u011flar\u0131 kullan\u0131yoruz.<\/li>\n<li>Performans\u0131 iyile\u015ftirmek ve iyile\u015ftirmeyi sa\u011flamak i\u00e7in istemci \u00f6zelliklerini geli\u015ftiriyoruz.<\/li>\n<li>D\u00fcr\u00fcstl\u00fck ve g\u00fcvene dayal\u0131 uzun s\u00fcreli ili\u015fkileri kurmak.<\/li>\n<\/ul>\n<p>[\/vc_column_text][\/vc_column_inner][vc_column_inner width=&#8221;1\/2&#8243;][vc_single_image image=&#8221;182&#8243; img_size=&#8221;full&#8221; alignment=&#8221;center&#8221;][vc_single_image image=&#8221;180&#8243; img_size=&#8221;full&#8221; alignment=&#8221;center&#8221;][\/vc_column_inner][\/vc_row_inner][\/vc_tta_section][\/vc_tta_tour][\/vc_column][\/vc_row][vc_row full_width=&#8221;stretch_row&#8221; el_class=&#8221;section dark-section&#8221; css=&#8221;.vc_custom_1528366800706{background: #092840 url(https:\/\/aimr-mining.com\/\/wp-content\/uploads\/2016\/06\/seo-about-bg.jpg?id=62) !important;background-position: center !important;background-repeat: no-repeat !important;background-size: cover !important;}&#8221; el_id=&#8221;ceo-muzun-sozleri&#8221;][vc_column width=&#8221;1\/6&#8243;][\/vc_column][vc_column width=&#8221;2\/3&#8243;][vc_single_image image=&#8221;63&#8243; img_size=&#8221;full&#8221; alignment=&#8221;center&#8221; el_class=&#8221;header-icon&#8221;][vc_column_text el_class=&#8221;header&#8221;]<\/p>\n<h2 style=\"text-align: center;\">CEO&#8217;muzun s\u00f6zleri<\/h2>\n<p>[\/vc_column_text][vc_column_text]<\/p>\n<p style=\"text-align: center;\">\u0130tibarimiz ve \u00fcr\u00fcnlerimiz arkas\u0131nday\u0131z. Sadece \u00fcst \u00e7entik tekniklerini ve y\u00f6ntemlerini kullanarak, mineral ve refarkter end\u00fcstrisinde kale olu\u015fturmak i\u00e7in \u00e7al\u0131\u015f\u0131yoruz. \u0130\u015finiz yada sekt\u00f6r\u00fcn\u00fcz\u00fcn sundu\u011fumuz \u00fcr\u00fcnlere geldi\u011finde ihtiya\u00e7 duyabilece\u011fi herhangi bir soru sormadan etkileyici bir \u00e7al\u0131\u015fan, personel tedarik\u00e7i ve distrib\u00fct\u00f6r a\u011f\u0131yla gurur duyuyoruz.<\/p>\n<p style=\"text-align: center;\">En iyi hizmet ve en iyi garanti olmazsa yerle\u015fmeyi reddediyoruz, iyile\u015ftirmek ve daha iyi performans g\u00f6stermek i\u00e7in s\u00fcrekli \u00e7al\u0131\u015f\u0131yoruz. Bu size s\u00f6yleyece\u011fim kelime ve d\u00fcnya \u00e7ap\u0131nda refrakter ve mineral end\u00fcstrisine verece\u011fim s\u00f6z.<\/p>\n<p>[\/vc_column_text][vc_single_image image=&#8221;795&#8243; img_size=&#8221;full&#8221; alignment=&#8221;center&#8221; css=&#8221;.vc_custom_1471170111990{padding-top: 10px !important;}&#8221;][\/vc_column][vc_column width=&#8221;1\/6&#8243;][\/vc_column][\/vc_row]<\/p>\n<\/div>","protected":false},"excerpt":{"rendered":"<p>[vc_row full_width=&#8221;stretch_row&#8221; css=&#8221;.vc_custom_1528366700184{padding-top: 0px !important;background: #6b7b81 url(https:\/\/aimr-mining.com\/\/wp-content\/uploads\/2016\/06\/about-bg.jpg?id=53) !important;background-position: center !important;background-repeat: no-repeat !important;background-size: cover !important;}&#8221; el_class=&#8221;dark-section section&#8221; el_id=&#8221;bizim-sirketimiz &#8220;][vc_column][vc_column_text] &#8220;AMTC&#8221;e i\u015etiraki bir \u015eirket olarak 2010&#8217;da kuruldu, madencilik \u00fcr\u00fcnleri ve imalat refrakterleri uzmanla\u015fm\u0131\u015f bir \u015firket. Farkl\u0131 \u00fclkelerden \u00e7\u0131kar\u0131lan minerallerin ilk sat\u0131c\u0131 olarak k\u00fcresel bir varl\u0131k kurmay\u0131 ama\u00e7l\u0131yor, sundu\u011fumuz kaynaklar ve sundu\u011fumuz \u00fcr\u00fcnlerin kalitesi i\u00e7in kendimizle gurur duyuyoruz. [&hellip;]<\/p>\n","protected":false},"author":1,"featured_media":2368,"parent":0,"menu_order":0,"comment_status":"closed","ping_status":"closed","template":"","meta":{"footnotes":""},"class_list":["post-2367","page","type-page","status-publish","has-post-thumbnail","hentry"],"yoast_head":"<!-- This site is optimized with the Yoast SEO plugin v27.3 - https:\/\/yoast.com\/product\/yoast-seo-wordpress\/ -->\n<title>Bizimle ilgili - AIMR<\/title>\n<meta name=\"description\" content=\"Turning Natural Resources into a promise of better life. AIMR is the largest exporter of Egyptian Kaolin, Chamotte, Phosphate, Talc, Rock Salt and Quartz.\" \/>\n<meta name=\"robots\" content=\"index, follow, max-snippet:-1, max-image-preview:large, max-video-preview:-1\" \/>\n<meta property=\"og:locale\" content=\"tr_TR\" \/>\n<meta property=\"og:type\" content=\"article\" \/>\n<meta property=\"og:title\" content=\"Bizimle ilgili - AIMR\" \/>\n<meta property=\"og:description\" content=\"Turning Natural Resources into a promise of better life. AIMR is the largest exporter of Egyptian Kaolin, Chamotte, Phosphate, Talc, Rock Salt and Quartz.\" \/>\n<meta property=\"og:url\" content=\"https:\/\/aimr-mining.com\/tr\/bizimle-ilgili\/\" \/>\n<meta property=\"og:site_name\" content=\"AIMR\" \/>\n<meta property=\"article:modified_time\" content=\"2018-07-11T11:27:44+00:00\" \/>\n<meta property=\"og:image\" content=\"https:\/\/aimr-mining.com\/wp-content\/uploads\/2016\/06\/about-banner.jpg\" \/>\n\t<meta property=\"og:image:width\" content=\"1920\" \/>\n\t<meta property=\"og:image:height\" content=\"251\" \/>\n\t<meta property=\"og:image:type\" content=\"image\/jpeg\" \/>\n<meta name=\"twitter:card\" content=\"summary_large_image\" \/>\n<meta name=\"twitter:label1\" content=\"Est. reading time\" \/>\n\t<meta name=\"twitter:data1\" content=\"7 minutes\" \/>\n<script type=\"application\/ld+json\" class=\"yoast-schema-graph\">{\"@context\":\"https:\\\/\\\/schema.org\",\"@graph\":[{\"@type\":\"WebPage\",\"@id\":\"https:\\\/\\\/aimr-mining.com\\\/tr\\\/bizimle-ilgili\\\/\",\"url\":\"https:\\\/\\\/aimr-mining.com\\\/tr\\\/bizimle-ilgili\\\/\",\"name\":\"Bizimle ilgili - AIMR\",\"isPartOf\":{\"@id\":\"https:\\\/\\\/aimr-mining.com\\\/#website\"},\"primaryImageOfPage\":{\"@id\":\"https:\\\/\\\/aimr-mining.com\\\/tr\\\/bizimle-ilgili\\\/#primaryimage\"},\"image\":{\"@id\":\"https:\\\/\\\/aimr-mining.com\\\/tr\\\/bizimle-ilgili\\\/#primaryimage\"},\"thumbnailUrl\":\"https:\\\/\\\/aimr-mining.com\\\/wp-content\\\/uploads\\\/2016\\\/06\\\/about-banner.jpg\",\"datePublished\":\"2016-06-22T10:30:32+00:00\",\"dateModified\":\"2018-07-11T11:27:44+00:00\",\"description\":\"Turning Natural Resources into a promise of better life. AIMR is the largest exporter of Egyptian Kaolin, Chamotte, Phosphate, Talc, Rock Salt and Quartz.\",\"breadcrumb\":{\"@id\":\"https:\\\/\\\/aimr-mining.com\\\/tr\\\/bizimle-ilgili\\\/#breadcrumb\"},\"inLanguage\":\"tr\",\"potentialAction\":[{\"@type\":\"ReadAction\",\"target\":[\"https:\\\/\\\/aimr-mining.com\\\/tr\\\/bizimle-ilgili\\\/\"]}]},{\"@type\":\"ImageObject\",\"inLanguage\":\"tr\",\"@id\":\"https:\\\/\\\/aimr-mining.com\\\/tr\\\/bizimle-ilgili\\\/#primaryimage\",\"url\":\"https:\\\/\\\/aimr-mining.com\\\/wp-content\\\/uploads\\\/2016\\\/06\\\/about-banner.jpg\",\"contentUrl\":\"https:\\\/\\\/aimr-mining.com\\\/wp-content\\\/uploads\\\/2016\\\/06\\\/about-banner.jpg\",\"width\":1920,\"height\":251},{\"@type\":\"BreadcrumbList\",\"@id\":\"https:\\\/\\\/aimr-mining.com\\\/tr\\\/bizimle-ilgili\\\/#breadcrumb\",\"itemListElement\":[{\"@type\":\"ListItem\",\"position\":1,\"name\":\"Home\",\"item\":\"https:\\\/\\\/aimr-mining.com\\\/tr\\\/\"},{\"@type\":\"ListItem\",\"position\":2,\"name\":\"Bizimle ilgili\"}]},{\"@type\":\"WebSite\",\"@id\":\"https:\\\/\\\/aimr-mining.com\\\/#website\",\"url\":\"https:\\\/\\\/aimr-mining.com\\\/\",\"name\":\"AIMR\",\"description\":\"Alexandria International For Mining and Refractories\",\"potentialAction\":[{\"@type\":\"SearchAction\",\"target\":{\"@type\":\"EntryPoint\",\"urlTemplate\":\"https:\\\/\\\/aimr-mining.com\\\/?s={search_term_string}\"},\"query-input\":{\"@type\":\"PropertyValueSpecification\",\"valueRequired\":true,\"valueName\":\"search_term_string\"}}],\"inLanguage\":\"tr\"}]}<\/script>\n<!-- \/ Yoast SEO plugin. -->","yoast_head_json":{"title":"Bizimle ilgili - AIMR","description":"Turning Natural Resources into a promise of better life. AIMR is the largest exporter of Egyptian Kaolin, Chamotte, Phosphate, Talc, Rock Salt and Quartz.","robots":{"index":"index","follow":"follow","max-snippet":"max-snippet:-1","max-image-preview":"max-image-preview:large","max-video-preview":"max-video-preview:-1"},"og_locale":"tr_TR","og_type":"article","og_title":"Bizimle ilgili - AIMR","og_description":"Turning Natural Resources into a promise of better life. AIMR is the largest exporter of Egyptian Kaolin, Chamotte, Phosphate, Talc, Rock Salt and Quartz.","og_url":"https:\/\/aimr-mining.com\/tr\/bizimle-ilgili\/","og_site_name":"AIMR","article_modified_time":"2018-07-11T11:27:44+00:00","og_image":[{"width":1920,"height":251,"url":"https:\/\/aimr-mining.com\/wp-content\/uploads\/2016\/06\/about-banner.jpg","type":"image\/jpeg"}],"twitter_card":"summary_large_image","twitter_misc":{"Est. reading time":"7 minutes"},"schema":{"@context":"https:\/\/schema.org","@graph":[{"@type":"WebPage","@id":"https:\/\/aimr-mining.com\/tr\/bizimle-ilgili\/","url":"https:\/\/aimr-mining.com\/tr\/bizimle-ilgili\/","name":"Bizimle ilgili - AIMR","isPartOf":{"@id":"https:\/\/aimr-mining.com\/#website"},"primaryImageOfPage":{"@id":"https:\/\/aimr-mining.com\/tr\/bizimle-ilgili\/#primaryimage"},"image":{"@id":"https:\/\/aimr-mining.com\/tr\/bizimle-ilgili\/#primaryimage"},"thumbnailUrl":"https:\/\/aimr-mining.com\/wp-content\/uploads\/2016\/06\/about-banner.jpg","datePublished":"2016-06-22T10:30:32+00:00","dateModified":"2018-07-11T11:27:44+00:00","description":"Turning Natural Resources into a promise of better life. AIMR is the largest exporter of Egyptian Kaolin, Chamotte, Phosphate, Talc, Rock Salt and Quartz.","breadcrumb":{"@id":"https:\/\/aimr-mining.com\/tr\/bizimle-ilgili\/#breadcrumb"},"inLanguage":"tr","potentialAction":[{"@type":"ReadAction","target":["https:\/\/aimr-mining.com\/tr\/bizimle-ilgili\/"]}]},{"@type":"ImageObject","inLanguage":"tr","@id":"https:\/\/aimr-mining.com\/tr\/bizimle-ilgili\/#primaryimage","url":"https:\/\/aimr-mining.com\/wp-content\/uploads\/2016\/06\/about-banner.jpg","contentUrl":"https:\/\/aimr-mining.com\/wp-content\/uploads\/2016\/06\/about-banner.jpg","width":1920,"height":251},{"@type":"BreadcrumbList","@id":"https:\/\/aimr-mining.com\/tr\/bizimle-ilgili\/#breadcrumb","itemListElement":[{"@type":"ListItem","position":1,"name":"Home","item":"https:\/\/aimr-mining.com\/tr\/"},{"@type":"ListItem","position":2,"name":"Bizimle ilgili"}]},{"@type":"WebSite","@id":"https:\/\/aimr-mining.com\/#website","url":"https:\/\/aimr-mining.com\/","name":"AIMR","description":"Alexandria International For Mining and Refractories","potentialAction":[{"@type":"SearchAction","target":{"@type":"EntryPoint","urlTemplate":"https:\/\/aimr-mining.com\/?s={search_term_string}"},"query-input":{"@type":"PropertyValueSpecification","valueRequired":true,"valueName":"search_term_string"}}],"inLanguage":"tr"}]}},"_links":{"self":[{"href":"https:\/\/aimr-mining.com\/tr\/wp-json\/wp\/v2\/pages\/2367","targetHints":{"allow":["GET"]}}],"collection":[{"href":"https:\/\/aimr-mining.com\/tr\/wp-json\/wp\/v2\/pages"}],"about":[{"href":"https:\/\/aimr-mining.com\/tr\/wp-json\/wp\/v2\/types\/page"}],"author":[{"embeddable":true,"href":"https:\/\/aimr-mining.com\/tr\/wp-json\/wp\/v2\/users\/1"}],"replies":[{"embeddable":true,"href":"https:\/\/aimr-mining.com\/tr\/wp-json\/wp\/v2\/comments?post=2367"}],"version-history":[{"count":10,"href":"https:\/\/aimr-mining.com\/tr\/wp-json\/wp\/v2\/pages\/2367\/revisions"}],"predecessor-version":[{"id":2546,"href":"https:\/\/aimr-mining.com\/tr\/wp-json\/wp\/v2\/pages\/2367\/revisions\/2546"}],"wp:featuredmedia":[{"embeddable":true,"href":"https:\/\/aimr-mining.com\/tr\/wp-json\/wp\/v2\/media\/2368"}],"wp:attachment":[{"href":"https:\/\/aimr-mining.com\/tr\/wp-json\/wp\/v2\/media?parent=2367"}],"curies":[{"name":"wp","href":"https:\/\/api.w.org\/{rel}","templated":true}]}}