{"id":2349,"date":"2016-06-22T10:37:50","date_gmt":"2016-06-22T08:37:50","guid":{"rendered":"https:\/\/aimr-mining.com\/tr\/sustainable-development\/"},"modified":"2018-07-11T13:32:41","modified_gmt":"2018-07-11T11:32:41","slug":"suerduerebilir-gelisme","status":"publish","type":"page","link":"https:\/\/aimr-mining.com\/tr\/suerduerebilir-gelisme\/","title":{"rendered":"S\u00fcrd\u00fcrebilir geli\u015fme"},"content":{"rendered":"<div class=\"wpb-content-wrapper\"><p>[vc_row el_class=&#8221;row-spacing&#8221;][vc_column width=&#8221;1\/2&#8243;][vc_column_text css=&#8221;.vc_custom_1529840950892{padding-top: 40px !important;}&#8221;]<\/p>\n<h3>Toplumsal geli\u015fim<\/h3>\n<p>\u015eirketimize yat\u0131r\u0131m yap\u0131yoruz. \u0130lgilendiren \u015firket, banliy\u00f6 kasaba ve kasabalar\u0131n\u0131n kurulmas\u0131n\u0131n ve sa\u011flamla\u015ft\u0131r\u0131lmas\u0131n\u0131n sa\u011flanmas\u0131nda yer al\u0131yoruz. Yollar\u0131n asfaltlanmas\u0131 ve tatl\u0131 su borular\u0131n\u0131n d\u00f6\u015fenmesinde yard\u0131mc\u0131 olan Aimr, her zaman geri vermeye \u00e7al\u0131\u015fmaktad\u0131r. Yetimhaneler ve kaliteli yetim bak\u0131m\u0131 ile yart\u0131\u011f\u0131m\u0131z \u00e7al\u0131\u015fma, ba\u015fkalar\u0131na yard\u0131m etme ve toplulu\u011fumuza geri d\u00f6nme konusundaki kararl\u0131l\u0131\u011f\u0131m\u0131z\u0131 dile getiriyor.[\/vc_column_text][vc_column_text el_class=&#8221;read-more&#8221;]<a href=\"#\">Daha fazla oku<\/a>[\/vc_column_text][\/vc_column][vc_column width=&#8221;1\/2&#8243;][vc_single_image image=&#8221;78&#8243; img_size=&#8221;full&#8221; alignment=&#8221;center&#8221;][\/vc_column][\/vc_row][vc_row el_class=&#8221;row-spacing flip-order-mobile&#8221;][vc_column width=&#8221;1\/2&#8243;][vc_single_image image=&#8221;79&#8243; img_size=&#8221;full&#8221; alignment=&#8221;center&#8221;][\/vc_column][vc_column width=&#8221;1\/2&#8243;][vc_column_text css=&#8221;.vc_custom_1529841034499{padding-top: 80px !important;}&#8221;]<\/p>\n<h3>\u00c7evresel sorumluluk<\/h3>\n<p>Madencilik bazen tehlikeli bir i\u015f olabilir. Bunu anl\u0131yoruz ve bu y\u00fczden g\u00fcvenli ve \u00e7evre dostu madencilik uygulamalar\u0131na gelince uyan\u0131k ve sorumlu oldu\u011fumuz nedeni budur. Ayr\u0131ca, do\u011fru karbon ayak izi takibini te\u015fvik ederek, gerekti\u011finde ve sadece uygulamalar\u0131m\u0131z\u0131 yans\u0131tmak i\u00e7in kullanabilece\u011fimiz dikkatli bir muhasabe tutmaya \u00e7al\u0131\u015f\u0131yoruz.[\/vc_column_text][vc_column_text el_class=&#8221;read-more&#8221;]<a href=\"#\">Daha fazla oku<\/a>[\/vc_column_text][\/vc_column][\/vc_row]<\/p>\n<\/div>","protected":false},"excerpt":{"rendered":"<p>[vc_row el_class=&#8221;row-spacing&#8221;][vc_column width=&#8221;1\/2&#8243;][vc_column_text css=&#8221;.vc_custom_1529840950892{padding-top: 40px !important;}&#8221;] Toplumsal geli\u015fim \u015eirketimize yat\u0131r\u0131m yap\u0131yoruz. \u0130lgilendiren \u015firket, banliy\u00f6 kasaba ve kasabalar\u0131n\u0131n kurulmas\u0131n\u0131n ve sa\u011flamla\u015ft\u0131r\u0131lmas\u0131n\u0131n sa\u011flanmas\u0131nda yer al\u0131yoruz. Yollar\u0131n asfaltlanmas\u0131 ve tatl\u0131 su borular\u0131n\u0131n d\u00f6\u015fenmesinde yard\u0131mc\u0131 olan Aimr, her zaman geri vermeye \u00e7al\u0131\u015fmaktad\u0131r. Yetimhaneler ve kaliteli yetim bak\u0131m\u0131 ile yart\u0131\u011f\u0131m\u0131z \u00e7al\u0131\u015fma, ba\u015fkalar\u0131na yard\u0131m etme ve toplulu\u011fumuza geri d\u00f6nme konusundaki kararl\u0131l\u0131\u011f\u0131m\u0131z\u0131 [&hellip;]<\/p>\n","protected":false},"author":1,"featured_media":2344,"parent":0,"menu_order":0,"comment_status":"closed","ping_status":"closed","template":"","meta":{"footnotes":""},"class_list":["post-2349","page","type-page","status-publish","has-post-thumbnail","hentry"],"yoast_head":"<!-- This site is optimized with the Yoast SEO plugin v27.3 - https:\/\/yoast.com\/product\/yoast-seo-wordpress\/ -->\n<title>S\u00fcrd\u00fcrebilir geli\u015fme - AIMR<\/title>\n<meta name=\"description\" content=\"Alex International for Mining and Refractories Products (AIMR), we invested in building a sustainable future for our company and our communities.\" \/>\n<meta name=\"robots\" content=\"index, follow, max-snippet:-1, max-image-preview:large, max-video-preview:-1\" \/>\n<meta property=\"og:locale\" content=\"tr_TR\" \/>\n<meta property=\"og:type\" content=\"article\" \/>\n<meta property=\"og:title\" content=\"S\u00fcrd\u00fcrebilir geli\u015fme - AIMR\" \/>\n<meta property=\"og:description\" content=\"Alex International for Mining and Refractories Products (AIMR), we invested in building a sustainable future for our company and our communities.\" \/>\n<meta property=\"og:url\" content=\"https:\/\/aimr-mining.com\/tr\/suerduerebilir-gelisme\/\" \/>\n<meta property=\"og:site_name\" content=\"AIMR\" \/>\n<meta property=\"article:modified_time\" content=\"2018-07-11T11:32:41+00:00\" \/>\n<meta property=\"og:image\" content=\"https:\/\/aimr-mining.com\/wp-content\/uploads\/2016\/06\/Sustainable-banner.jpg\" \/>\n\t<meta property=\"og:image:width\" content=\"1920\" \/>\n\t<meta property=\"og:image:height\" content=\"249\" \/>\n\t<meta property=\"og:image:type\" content=\"image\/jpeg\" \/>\n<meta name=\"twitter:card\" content=\"summary_large_image\" \/>\n<meta name=\"twitter:label1\" content=\"Est. reading time\" \/>\n\t<meta name=\"twitter:data1\" content=\"1 minute\" \/>\n<script type=\"application\/ld+json\" class=\"yoast-schema-graph\">{\"@context\":\"https:\\\/\\\/schema.org\",\"@graph\":[{\"@type\":\"WebPage\",\"@id\":\"https:\\\/\\\/aimr-mining.com\\\/tr\\\/suerduerebilir-gelisme\\\/\",\"url\":\"https:\\\/\\\/aimr-mining.com\\\/tr\\\/suerduerebilir-gelisme\\\/\",\"name\":\"S\u00fcrd\u00fcrebilir geli\u015fme - AIMR\",\"isPartOf\":{\"@id\":\"https:\\\/\\\/aimr-mining.com\\\/#website\"},\"primaryImageOfPage\":{\"@id\":\"https:\\\/\\\/aimr-mining.com\\\/tr\\\/suerduerebilir-gelisme\\\/#primaryimage\"},\"image\":{\"@id\":\"https:\\\/\\\/aimr-mining.com\\\/tr\\\/suerduerebilir-gelisme\\\/#primaryimage\"},\"thumbnailUrl\":\"https:\\\/\\\/aimr-mining.com\\\/wp-content\\\/uploads\\\/2016\\\/06\\\/Sustainable-banner.jpg\",\"datePublished\":\"2016-06-22T08:37:50+00:00\",\"dateModified\":\"2018-07-11T11:32:41+00:00\",\"description\":\"Alex International for Mining and Refractories Products (AIMR), we invested in building a sustainable future for our company and our communities.\",\"breadcrumb\":{\"@id\":\"https:\\\/\\\/aimr-mining.com\\\/tr\\\/suerduerebilir-gelisme\\\/#breadcrumb\"},\"inLanguage\":\"tr\",\"potentialAction\":[{\"@type\":\"ReadAction\",\"target\":[\"https:\\\/\\\/aimr-mining.com\\\/tr\\\/suerduerebilir-gelisme\\\/\"]}]},{\"@type\":\"ImageObject\",\"inLanguage\":\"tr\",\"@id\":\"https:\\\/\\\/aimr-mining.com\\\/tr\\\/suerduerebilir-gelisme\\\/#primaryimage\",\"url\":\"https:\\\/\\\/aimr-mining.com\\\/wp-content\\\/uploads\\\/2016\\\/06\\\/Sustainable-banner.jpg\",\"contentUrl\":\"https:\\\/\\\/aimr-mining.com\\\/wp-content\\\/uploads\\\/2016\\\/06\\\/Sustainable-banner.jpg\",\"width\":1920,\"height\":249},{\"@type\":\"BreadcrumbList\",\"@id\":\"https:\\\/\\\/aimr-mining.com\\\/tr\\\/suerduerebilir-gelisme\\\/#breadcrumb\",\"itemListElement\":[{\"@type\":\"ListItem\",\"position\":1,\"name\":\"Home\",\"item\":\"https:\\\/\\\/aimr-mining.com\\\/tr\\\/\"},{\"@type\":\"ListItem\",\"position\":2,\"name\":\"S\u00fcrd\u00fcrebilir geli\u015fme\"}]},{\"@type\":\"WebSite\",\"@id\":\"https:\\\/\\\/aimr-mining.com\\\/#website\",\"url\":\"https:\\\/\\\/aimr-mining.com\\\/\",\"name\":\"AIMR\",\"description\":\"Alexandria International For Mining and Refractories\",\"potentialAction\":[{\"@type\":\"SearchAction\",\"target\":{\"@type\":\"EntryPoint\",\"urlTemplate\":\"https:\\\/\\\/aimr-mining.com\\\/?s={search_term_string}\"},\"query-input\":{\"@type\":\"PropertyValueSpecification\",\"valueRequired\":true,\"valueName\":\"search_term_string\"}}],\"inLanguage\":\"tr\"}]}<\/script>\n<!-- \/ Yoast SEO plugin. -->","yoast_head_json":{"title":"S\u00fcrd\u00fcrebilir geli\u015fme - AIMR","description":"Alex International for Mining and Refractories Products (AIMR), we invested in building a sustainable future for our company and our communities.","robots":{"index":"index","follow":"follow","max-snippet":"max-snippet:-1","max-image-preview":"max-image-preview:large","max-video-preview":"max-video-preview:-1"},"og_locale":"tr_TR","og_type":"article","og_title":"S\u00fcrd\u00fcrebilir geli\u015fme - AIMR","og_description":"Alex International for Mining and Refractories Products (AIMR), we invested in building a sustainable future for our company and our communities.","og_url":"https:\/\/aimr-mining.com\/tr\/suerduerebilir-gelisme\/","og_site_name":"AIMR","article_modified_time":"2018-07-11T11:32:41+00:00","og_image":[{"width":1920,"height":249,"url":"https:\/\/aimr-mining.com\/wp-content\/uploads\/2016\/06\/Sustainable-banner.jpg","type":"image\/jpeg"}],"twitter_card":"summary_large_image","twitter_misc":{"Est. reading time":"1 minute"},"schema":{"@context":"https:\/\/schema.org","@graph":[{"@type":"WebPage","@id":"https:\/\/aimr-mining.com\/tr\/suerduerebilir-gelisme\/","url":"https:\/\/aimr-mining.com\/tr\/suerduerebilir-gelisme\/","name":"S\u00fcrd\u00fcrebilir geli\u015fme - AIMR","isPartOf":{"@id":"https:\/\/aimr-mining.com\/#website"},"primaryImageOfPage":{"@id":"https:\/\/aimr-mining.com\/tr\/suerduerebilir-gelisme\/#primaryimage"},"image":{"@id":"https:\/\/aimr-mining.com\/tr\/suerduerebilir-gelisme\/#primaryimage"},"thumbnailUrl":"https:\/\/aimr-mining.com\/wp-content\/uploads\/2016\/06\/Sustainable-banner.jpg","datePublished":"2016-06-22T08:37:50+00:00","dateModified":"2018-07-11T11:32:41+00:00","description":"Alex International for Mining and Refractories Products (AIMR), we invested in building a sustainable future for our company and our communities.","breadcrumb":{"@id":"https:\/\/aimr-mining.com\/tr\/suerduerebilir-gelisme\/#breadcrumb"},"inLanguage":"tr","potentialAction":[{"@type":"ReadAction","target":["https:\/\/aimr-mining.com\/tr\/suerduerebilir-gelisme\/"]}]},{"@type":"ImageObject","inLanguage":"tr","@id":"https:\/\/aimr-mining.com\/tr\/suerduerebilir-gelisme\/#primaryimage","url":"https:\/\/aimr-mining.com\/wp-content\/uploads\/2016\/06\/Sustainable-banner.jpg","contentUrl":"https:\/\/aimr-mining.com\/wp-content\/uploads\/2016\/06\/Sustainable-banner.jpg","width":1920,"height":249},{"@type":"BreadcrumbList","@id":"https:\/\/aimr-mining.com\/tr\/suerduerebilir-gelisme\/#breadcrumb","itemListElement":[{"@type":"ListItem","position":1,"name":"Home","item":"https:\/\/aimr-mining.com\/tr\/"},{"@type":"ListItem","position":2,"name":"S\u00fcrd\u00fcrebilir geli\u015fme"}]},{"@type":"WebSite","@id":"https:\/\/aimr-mining.com\/#website","url":"https:\/\/aimr-mining.com\/","name":"AIMR","description":"Alexandria International For Mining and Refractories","potentialAction":[{"@type":"SearchAction","target":{"@type":"EntryPoint","urlTemplate":"https:\/\/aimr-mining.com\/?s={search_term_string}"},"query-input":{"@type":"PropertyValueSpecification","valueRequired":true,"valueName":"search_term_string"}}],"inLanguage":"tr"}]}},"_links":{"self":[{"href":"https:\/\/aimr-mining.com\/tr\/wp-json\/wp\/v2\/pages\/2349","targetHints":{"allow":["GET"]}}],"collection":[{"href":"https:\/\/aimr-mining.com\/tr\/wp-json\/wp\/v2\/pages"}],"about":[{"href":"https:\/\/aimr-mining.com\/tr\/wp-json\/wp\/v2\/types\/page"}],"author":[{"embeddable":true,"href":"https:\/\/aimr-mining.com\/tr\/wp-json\/wp\/v2\/users\/1"}],"replies":[{"embeddable":true,"href":"https:\/\/aimr-mining.com\/tr\/wp-json\/wp\/v2\/comments?post=2349"}],"version-history":[{"count":3,"href":"https:\/\/aimr-mining.com\/tr\/wp-json\/wp\/v2\/pages\/2349\/revisions"}],"predecessor-version":[{"id":2559,"href":"https:\/\/aimr-mining.com\/tr\/wp-json\/wp\/v2\/pages\/2349\/revisions\/2559"}],"wp:featuredmedia":[{"embeddable":true,"href":"https:\/\/aimr-mining.com\/tr\/wp-json\/wp\/v2\/media\/2344"}],"wp:attachment":[{"href":"https:\/\/aimr-mining.com\/tr\/wp-json\/wp\/v2\/media?parent=2349"}],"curies":[{"name":"wp","href":"https:\/\/api.w.org\/{rel}","templated":true}]}}