{"id":2034,"date":"2016-06-22T10:30:32","date_gmt":"2016-06-22T08:30:32","guid":{"rendered":"https:\/\/aimr-mining.com\/it\/about-us\/"},"modified":"2018-11-27T11:07:33","modified_gmt":"2018-11-27T09:07:33","slug":"about-us","status":"publish","type":"page","link":"https:\/\/aimr-mining.com\/it\/about-us\/","title":{"rendered":"A Proposito Di Aimr"},"content":{"rendered":"<div class=\"wpb-content-wrapper\"><p>[vc_row full_width=&#8221;stretch_row&#8221; css=&#8221;.vc_custom_1470645079514{padding-top: 0px !important;background: #6b7b81 url(https:\/\/aimr-mining.com\/\/wp-content\/uploads\/2016\/06\/about-bg.jpg?id=53) !important;background-position: center !important;background-repeat: no-repeat !important;background-size: cover !important;}&#8221; el_class=&#8221;dark-section section&#8221; el_id=&#8221;our-company-section &#8220;][vc_column][vc_column_text]<\/p>\n<p style=\"text-align: center;\">Fondata il 2010 come sussidiaria di &#8220;AMTC&#8221;, societ\u00e0 specializzata in prodotti minerari e produzione di refrattari. Mirando a stabilire una presenza globale come principale fornitore di minerali estratti da diversi paesi, siamo orgogliosi delle risorse a cui abbiamo accesso e della qualit\u00e0 dei prodotti che offriamo.<\/p>\n<p style=\"text-align: center;\">Nel corso degli anni AIMR \u00e8 riuscita ad arricchire la gamma di prodotti forniti, tra cui il caolino, la salgemma sfusa, le rocce fosfatiche, il talco, il feldspato, il quarzo, i calcinabili refrattari, la malta ed i mattoni.<\/p>\n<p style=\"text-align: center;\">La nostra filosofia aziendale \u00e8 di ottenere beni in tutte le catene del valore, dalla semplice esplorazione alle miniere operative fino ai produttori e agli esportatori. La nostra azienda segue una strategia di acquisizione mercato equilibrio per mantenere il valore per i suoi azionisti.<\/p>\n<p style=\"text-align: center;\">Indipendentemente dal fatto che i prodotti siano forniti alla rinfusa come la salgemma, le rocce fosfatiche e il caolino o richiedano speciali disposizioni di imballaggio, la catena di fornitura AIMR mantiene un tasso di offerta eccezionale in termini di quantit\u00e0 e convenienza di localizzazione ottenendo un supporto incomparabile per i nostri clienti e distributori.<br \/>\nIl team di AIMR ha anni di esperienza e quella pratica nel settore minerario e delle risorse minerarie. La societ\u00e0 ha anche sviluppato relazioni con i significativi riproduttori del settore, i soci internazionali e gli stakeholder governativi.<\/p>\n<p style=\"text-align: center;\">In AIMR siamo davvero fiduciosi di avere la motiva e l&#8217;esperienza per lanciare il proprio mandato e rimanere tra i migliori nel settore minerario e delle risorse minerarie.<\/p>\n<p>[\/vc_column_text][vc_column_text el_class=&#8221;header&#8221;]<\/p>\n<h2 style=\"text-align: center;\">NOSTRA SOCIET\u00c0 <span class=\"ahr\">Alex International for Mining and Refractories <span class=\"ahrr\">(AIMR)<\/span><\/span><\/h2>\n<p>[\/vc_column_text][vc_row_inner][vc_column_inner width=&#8221;1\/6&#8243;][\/vc_column_inner][vc_column_inner width=&#8221;2\/3&#8243;][\/vc_column_inner][vc_column_inner width=&#8221;1\/6&#8243;][\/vc_column_inner][\/vc_row_inner][\/vc_column][\/vc_row][vc_row el_class=&#8221;section&#8221;][vc_column][vc_tta_tour][vc_tta_section title=&#8221;Presenza Globale &#8221; tab_id=&#8221;global-presence-section&#8221;][vc_row_inner css=&#8221;.vc_custom_1466689850484{padding-bottom: 50px !important;}&#8221;][vc_column_inner width=&#8221;1\/3&#8243;][vc_single_image image=&#8221;39&#8243; img_size=&#8221;full&#8221;][\/vc_column_inner][vc_column_inner width=&#8221;2\/3&#8243;][vc_column_text]<\/p>\n<h5>I nostri prodotti sono costantemente disponibili in tutto il mondo.<\/h5>\n<p>Le richieste nel mercato sono costantemente variabili: alcuni mercati diventano pi\u00f9 maturi, altri emergono ed alcuni miglioramenti di esperienza. I nostri clienti cambiano anche dove alcuni si trasferiscono in altri luoghi e altri spostano le loro operazioni a livello internazionale. Indipendentemente dalla loro fase di sviluppo o da dove si trovano, Alex International for Mining and Refractories &#8220;AIMR&#8221; offre il miglior supporto e servizi per la loro crescita. Questo \u00e8 il motivo principale per cui la nostra azienda \u00e8 in continua espansione a livello internazionale, allineando la piattaforma di produzione in base alle tendenze del mercato e alle richieste dei clienti.[\/vc_column_text][\/vc_column_inner][\/vc_row_inner][vc_row_inner][vc_column_inner width=&#8221;1\/2&#8243;][vc_column_text]I nostri prodotti sono costantemente disponibili in tutto il mondo. Espandendo le operazioni negli Stati Uniti, Europa e Canada, forniamo una qualit\u00e0 di salgemma egiziana, fosfato, caolino calcinato e una gamma impressionante di altri prodotti refrattari. L&#8217;Egitto \u00e8 certamente ricco dei minerali e dei successivi sottoprodotti di questi minerali. AIMR \u00e8 leader al mondo nel fornire il meglio di questi minerali e prodotti refrattari che offriamo.<br \/>\nSostenuto dalla nostra lunga esperienza globale, condurre affari a livello internazionale \u00e8 una seconda natura per AIMR. La nostra priorit\u00e0 \u00e9 creare e mantenere buone relazioni con i soci commerciali locali ed internazionali.[\/vc_column_text][\/vc_column_inner][vc_column_inner width=&#8221;1\/2&#8243;][vc_single_image image=&#8221;40&#8243; img_size=&#8221;full&#8221;][\/vc_column_inner][\/vc_row_inner][\/vc_tta_section][vc_tta_section title=&#8221;Visione &amp; Missione &#8221; tab_id=&#8221;vision-mission-section&#8221;][vc_row_inner][vc_column_inner width=&#8221;1\/2&#8243;][vc_column_text]<\/p>\n<h4>Visione<\/h4>\n<p>Essendo orgoliosi del nostro approccio eco-consapevole e responsabile delle risorse nell\u02bcattivit\u00e0 mineraria, <strong>AIMR<\/strong> investe nella costruzione di un futuro sostenibile per la nostra azienda e le nostre comunit\u00e0. La nostra visione \u00e8 quella di diventare il primo ammirato fornitore sostenibile di minerali in tutto il mondo.[\/vc_column_text][vc_column_text]<\/p>\n<h4>Missione<\/h4>\n<p>AIMR fornisce e trasforma le risorse minerarie nei blocchi costitutivi della societ\u00e0 della civilt\u00e0 moderna. Preserviamo le risorse, forniamo i minerali di alta qualit\u00e0, e svolgiamo varie attivit\u00e0 sostenibili per proteggere l&#8217;ambiente.[\/vc_column_text][\/vc_column_inner][vc_column_inner width=&#8221;1\/2&#8243;][vc_single_image image=&#8221;175&#8243; img_size=&#8221;full&#8221; alignment=&#8221;center&#8221;][\/vc_column_inner][\/vc_row_inner][\/vc_tta_section][vc_tta_section title=&#8221;Nostro Gruppo &#8221; tab_id=&#8221;our-group-section&#8221;][vc_row_inner][vc_column_inner width=&#8221;1\/2&#8243;][vc_column_text]<\/p>\n<h4>Nostro Gruppo<\/h4>\n<p>La societ\u00e0 Alexandria Modern Trade, fondata il 2006, \u00e8 emersa come una delle migliori aziende di gestione e localizzazione delle esportazioni in Egitto. Al centro dell&#8217;economia mondiale, il nostro gruppo \u00e8 composto da:[\/vc_column_text][vc_column_text el_class=&#8221;bullets-enabled&#8221;]<\/p>\n<ul>\n<li>EIO (Medical Equipment Company)<\/li>\n<li>AMTC (Export Mangement Company)<\/li>\n<li>Alex International for Plastic Industry (Packaging Materials Manufacturing Company)<\/li>\n<li>E certamente, AIMR (Alex International for Mining and Refractories).<\/li>\n<\/ul>\n<p>[\/vc_column_text][\/vc_column_inner][vc_column_inner width=&#8221;1\/2&#8243;][vc_single_image image=&#8221;179&#8243; img_size=&#8221;full&#8221; alignment=&#8221;center&#8221;][\/vc_column_inner][\/vc_row_inner][\/vc_tta_section][vc_tta_section title=&#8221;Valori &#8221; tab_id=&#8221;values-section&#8221;][vc_row_inner][vc_column_inner width=&#8221;1\/2&#8243;][vc_column_text]<\/p>\n<h4>Valori<\/h4>\n<p>Investiti nel fornire il miglior servizio e prodotti nella nostra nicchia, AIMR si vanta di essere un fornitore mondiale di refrattari e prodotti minerali di alta qualit\u00e0, Ineguagliabile per quanto riguarda i nostri metodi, ti offriamo i migliori materiali disponibili. Mettendo sempre il cliente al primo posto, ci dedichiamo alla vostra soddisfazione.<\/p>\n<p>In AIMR, comprendiamo la necessit\u00e0 di attuare misure significative qui in Egitto e in aggiunta ai paesi e alle comunit\u00e0 in cui operiamo. Utilizzando solo le risorse necessarie, le conserviamo, preserviamo e ripristiniamo quando \u00e9 possibile. Una societ\u00e0 mineraria e refrattaria con un cuore e una coscienza, ci atteniamo ai pi\u00f9 alti standard.[\/vc_column_text][vc_column_text el_class=&#8221;bullets-enabled&#8221;]<\/p>\n<h4>Anche i nostri prodotti sono soggetti agli stessi standard.<\/h4>\n<ul>\n<li>Seguire elevati standard di professionalit\u00e0.<\/li>\n<li>Mettere gli interessi dei clienti davanti alla nostra.<\/li>\n<li>Seguire gli standard etici.<\/li>\n<li>Preservare le confidenze dei nostri clienti.<\/li>\n<li>Gestire i clienti e le risorse organizzative in modo economicamente efficace.<\/li>\n<li>Migliorare le prestazioni dei clienti in modo significativo.<\/li>\n<li>Seguire un concetto di alta dirigenza.<\/li>\n<li>Usare le reti internazionali per fornire i migliori servizi ai clienti.<\/li>\n<li>Aumentare le capacit\u00e0 del client per migliorare le prestazioni e mantenere il miglioramento.<\/li>\n<li>Costruire relazioni durature basate sull&#8217;onest\u00e0 e sulla fiducia.<\/li>\n<\/ul>\n<p>[\/vc_column_text][\/vc_column_inner][vc_column_inner width=&#8221;1\/2&#8243;][vc_single_image image=&#8221;182&#8243; img_size=&#8221;full&#8221; alignment=&#8221;center&#8221;][vc_single_image image=&#8221;180&#8243; img_size=&#8221;full&#8221; alignment=&#8221;center&#8221;][\/vc_column_inner][\/vc_row_inner][\/vc_tta_section][\/vc_tta_tour][\/vc_column][\/vc_row][vc_row full_width=&#8221;stretch_row&#8221; el_class=&#8221;section dark-section&#8221; css=&#8221;.vc_custom_1470645552747{background: #092840 url(https:\/\/aimr-mining.com\/\/wp-content\/uploads\/2016\/06\/seo-about-bg.jpg?id=62) !important;background-position: center !important;background-repeat: no-repeat !important;background-size: cover !important;}&#8221; el_id=&#8221;word-ceo&#8221;][vc_column width=&#8221;1\/6&#8243;][\/vc_column][vc_column width=&#8221;2\/3&#8243;][vc_single_image image=&#8221;63&#8243; img_size=&#8221;full&#8221; alignment=&#8221;center&#8221; el_class=&#8221;header-icon&#8221;][vc_column_text el_class=&#8221;header&#8221;]<\/p>\n<h2 style=\"text-align: center;\">PAROLE DEL NOSTRO CEO<\/h2>\n<p>[\/vc_column_text][vc_column_text]<\/p>\n<p style=\"text-align: center;\">I nostri prodotti sono costantemente disponibili in tutto il mondo. Espandendo le operazioni negli Stati Uniti, Europa e Canada, forniamo una qualit\u00e0 di salgemma egiziana, fosfato, caolino calcinato e una gamma impressionante di altri prodotti refrattari. L&#8217;Egitto \u00e8 certamente ricco dei minerali e dei successivi sottoprodotti di questi minerali. AIMR \u00e8 leader al mondo nel fornire il meglio di questi minerali e prodotti refrattari che offriamo.<\/p>\n<p style=\"text-align: center;\">Sostenuto dalla nostra lunga esperienza globale, condurre affari a livello internazionale \u00e8 una seconda natura per AIMR. La nostra priorit\u00e0 \u00e9 creare e mantenere buone relazioni con i soci commerciali locali ed internazionali.<\/p>\n<p>[\/vc_column_text][vc_single_image image=&#8221;795&#8243; img_size=&#8221;full&#8221; alignment=&#8221;center&#8221; css=&#8221;.vc_custom_1471170111990{padding-top: 10px !important;}&#8221;][\/vc_column][vc_column width=&#8221;1\/6&#8243;][\/vc_column][\/vc_row]<br \/>\n<!-- Global site tag (gtag.js) - Google Ads: 987736642 --><br \/>\n<script async src=\"https:\/\/www.googletagmanager.com\/gtag\/js?id=AW-987736642\"><\/script><br \/>\n<script>\n  window.dataLayer = window.dataLayer || [];\n  function gtag(){dataLayer.push(arguments);}\n  gtag('js', new Date());<\/p>\n<p>  gtag('config', 'AW-987736642');\n<\/script><\/p>\n<\/div>","protected":false},"excerpt":{"rendered":"<p>[vc_row full_width=&#8221;stretch_row&#8221; css=&#8221;.vc_custom_1470645079514{padding-top: 0px !important;background: #6b7b81 url(https:\/\/aimr-mining.com\/\/wp-content\/uploads\/2016\/06\/about-bg.jpg?id=53) !important;background-position: center !important;background-repeat: no-repeat !important;background-size: cover !important;}&#8221; el_class=&#8221;dark-section section&#8221; el_id=&#8221;our-company-section &#8220;][vc_column][vc_column_text] Fondata il 2010 come sussidiaria di &#8220;AMTC&#8221;, societ\u00e0 specializzata in prodotti minerari e produzione di refrattari. Mirando a stabilire una presenza globale come principale fornitore di minerali estratti da diversi paesi, siamo orgogliosi delle risorse a cui [&hellip;]<\/p>\n","protected":false},"author":1,"featured_media":2035,"parent":0,"menu_order":0,"comment_status":"closed","ping_status":"closed","template":"","meta":{"footnotes":""},"class_list":["post-2034","page","type-page","status-publish","has-post-thumbnail","hentry"],"yoast_head":"<!-- This site is optimized with the Yoast SEO plugin v27.3 - https:\/\/yoast.com\/product\/yoast-seo-wordpress\/ -->\n<title>A Proposito Di Aimr - AIMR<\/title>\n<meta name=\"description\" content=\"Turning Natural Resources into a promise of better life. AIMR is the largest exporter of Egyptian Kaolin, Chamotte, Phosphate, Talc, Rock Salt and Quartz.\" \/>\n<meta name=\"robots\" content=\"index, follow, max-snippet:-1, max-image-preview:large, max-video-preview:-1\" \/>\n<meta property=\"og:locale\" content=\"it_IT\" \/>\n<meta property=\"og:type\" content=\"article\" \/>\n<meta property=\"og:title\" content=\"A Proposito Di Aimr - AIMR\" \/>\n<meta property=\"og:description\" content=\"Turning Natural Resources into a promise of better life. AIMR is the largest exporter of Egyptian Kaolin, Chamotte, Phosphate, Talc, Rock Salt and Quartz.\" \/>\n<meta property=\"og:url\" content=\"https:\/\/aimr-mining.com\/it\/about-us\/\" \/>\n<meta property=\"og:site_name\" content=\"AIMR\" \/>\n<meta property=\"article:modified_time\" content=\"2018-11-27T09:07:33+00:00\" \/>\n<meta property=\"og:image\" content=\"https:\/\/aimr-mining.com\/wp-content\/uploads\/2016\/06\/about-banner.jpg\" \/>\n\t<meta property=\"og:image:width\" content=\"1920\" \/>\n\t<meta property=\"og:image:height\" content=\"251\" \/>\n\t<meta property=\"og:image:type\" content=\"image\/jpeg\" \/>\n<meta name=\"twitter:card\" content=\"summary_large_image\" \/>\n<meta name=\"twitter:label1\" content=\"Tempo di lettura stimato\" \/>\n\t<meta name=\"twitter:data1\" content=\"7 minuti\" \/>\n<script type=\"application\/ld+json\" class=\"yoast-schema-graph\">{\"@context\":\"https:\\\/\\\/schema.org\",\"@graph\":[{\"@type\":\"WebPage\",\"@id\":\"https:\\\/\\\/aimr-mining.com\\\/it\\\/about-us\\\/\",\"url\":\"https:\\\/\\\/aimr-mining.com\\\/it\\\/about-us\\\/\",\"name\":\"A Proposito Di Aimr - AIMR\",\"isPartOf\":{\"@id\":\"https:\\\/\\\/aimr-mining.com\\\/#website\"},\"primaryImageOfPage\":{\"@id\":\"https:\\\/\\\/aimr-mining.com\\\/it\\\/about-us\\\/#primaryimage\"},\"image\":{\"@id\":\"https:\\\/\\\/aimr-mining.com\\\/it\\\/about-us\\\/#primaryimage\"},\"thumbnailUrl\":\"https:\\\/\\\/aimr-mining.com\\\/wp-content\\\/uploads\\\/2016\\\/06\\\/about-banner.jpg\",\"datePublished\":\"2016-06-22T08:30:32+00:00\",\"dateModified\":\"2018-11-27T09:07:33+00:00\",\"description\":\"Turning Natural Resources into a promise of better life. AIMR is the largest exporter of Egyptian Kaolin, Chamotte, Phosphate, Talc, Rock Salt and Quartz.\",\"breadcrumb\":{\"@id\":\"https:\\\/\\\/aimr-mining.com\\\/it\\\/about-us\\\/#breadcrumb\"},\"inLanguage\":\"it-IT\",\"potentialAction\":[{\"@type\":\"ReadAction\",\"target\":[\"https:\\\/\\\/aimr-mining.com\\\/it\\\/about-us\\\/\"]}]},{\"@type\":\"ImageObject\",\"inLanguage\":\"it-IT\",\"@id\":\"https:\\\/\\\/aimr-mining.com\\\/it\\\/about-us\\\/#primaryimage\",\"url\":\"https:\\\/\\\/aimr-mining.com\\\/wp-content\\\/uploads\\\/2016\\\/06\\\/about-banner.jpg\",\"contentUrl\":\"https:\\\/\\\/aimr-mining.com\\\/wp-content\\\/uploads\\\/2016\\\/06\\\/about-banner.jpg\",\"width\":1920,\"height\":251},{\"@type\":\"BreadcrumbList\",\"@id\":\"https:\\\/\\\/aimr-mining.com\\\/it\\\/about-us\\\/#breadcrumb\",\"itemListElement\":[{\"@type\":\"ListItem\",\"position\":1,\"name\":\"Home\",\"item\":\"https:\\\/\\\/aimr-mining.com\\\/it\\\/\"},{\"@type\":\"ListItem\",\"position\":2,\"name\":\"A Proposito Di Aimr\"}]},{\"@type\":\"WebSite\",\"@id\":\"https:\\\/\\\/aimr-mining.com\\\/#website\",\"url\":\"https:\\\/\\\/aimr-mining.com\\\/\",\"name\":\"AIMR\",\"description\":\"Alexandria International For Mining and Refractories\",\"potentialAction\":[{\"@type\":\"SearchAction\",\"target\":{\"@type\":\"EntryPoint\",\"urlTemplate\":\"https:\\\/\\\/aimr-mining.com\\\/?s={search_term_string}\"},\"query-input\":{\"@type\":\"PropertyValueSpecification\",\"valueRequired\":true,\"valueName\":\"search_term_string\"}}],\"inLanguage\":\"it-IT\"}]}<\/script>\n<!-- \/ Yoast SEO plugin. -->","yoast_head_json":{"title":"A Proposito Di Aimr - AIMR","description":"Turning Natural Resources into a promise of better life. AIMR is the largest exporter of Egyptian Kaolin, Chamotte, Phosphate, Talc, Rock Salt and Quartz.","robots":{"index":"index","follow":"follow","max-snippet":"max-snippet:-1","max-image-preview":"max-image-preview:large","max-video-preview":"max-video-preview:-1"},"og_locale":"it_IT","og_type":"article","og_title":"A Proposito Di Aimr - AIMR","og_description":"Turning Natural Resources into a promise of better life. AIMR is the largest exporter of Egyptian Kaolin, Chamotte, Phosphate, Talc, Rock Salt and Quartz.","og_url":"https:\/\/aimr-mining.com\/it\/about-us\/","og_site_name":"AIMR","article_modified_time":"2018-11-27T09:07:33+00:00","og_image":[{"width":1920,"height":251,"url":"https:\/\/aimr-mining.com\/wp-content\/uploads\/2016\/06\/about-banner.jpg","type":"image\/jpeg"}],"twitter_card":"summary_large_image","twitter_misc":{"Tempo di lettura stimato":"7 minuti"},"schema":{"@context":"https:\/\/schema.org","@graph":[{"@type":"WebPage","@id":"https:\/\/aimr-mining.com\/it\/about-us\/","url":"https:\/\/aimr-mining.com\/it\/about-us\/","name":"A Proposito Di Aimr - AIMR","isPartOf":{"@id":"https:\/\/aimr-mining.com\/#website"},"primaryImageOfPage":{"@id":"https:\/\/aimr-mining.com\/it\/about-us\/#primaryimage"},"image":{"@id":"https:\/\/aimr-mining.com\/it\/about-us\/#primaryimage"},"thumbnailUrl":"https:\/\/aimr-mining.com\/wp-content\/uploads\/2016\/06\/about-banner.jpg","datePublished":"2016-06-22T08:30:32+00:00","dateModified":"2018-11-27T09:07:33+00:00","description":"Turning Natural Resources into a promise of better life. AIMR is the largest exporter of Egyptian Kaolin, Chamotte, Phosphate, Talc, Rock Salt and Quartz.","breadcrumb":{"@id":"https:\/\/aimr-mining.com\/it\/about-us\/#breadcrumb"},"inLanguage":"it-IT","potentialAction":[{"@type":"ReadAction","target":["https:\/\/aimr-mining.com\/it\/about-us\/"]}]},{"@type":"ImageObject","inLanguage":"it-IT","@id":"https:\/\/aimr-mining.com\/it\/about-us\/#primaryimage","url":"https:\/\/aimr-mining.com\/wp-content\/uploads\/2016\/06\/about-banner.jpg","contentUrl":"https:\/\/aimr-mining.com\/wp-content\/uploads\/2016\/06\/about-banner.jpg","width":1920,"height":251},{"@type":"BreadcrumbList","@id":"https:\/\/aimr-mining.com\/it\/about-us\/#breadcrumb","itemListElement":[{"@type":"ListItem","position":1,"name":"Home","item":"https:\/\/aimr-mining.com\/it\/"},{"@type":"ListItem","position":2,"name":"A Proposito Di Aimr"}]},{"@type":"WebSite","@id":"https:\/\/aimr-mining.com\/#website","url":"https:\/\/aimr-mining.com\/","name":"AIMR","description":"Alexandria International For Mining and Refractories","potentialAction":[{"@type":"SearchAction","target":{"@type":"EntryPoint","urlTemplate":"https:\/\/aimr-mining.com\/?s={search_term_string}"},"query-input":{"@type":"PropertyValueSpecification","valueRequired":true,"valueName":"search_term_string"}}],"inLanguage":"it-IT"}]}},"_links":{"self":[{"href":"https:\/\/aimr-mining.com\/it\/wp-json\/wp\/v2\/pages\/2034","targetHints":{"allow":["GET"]}}],"collection":[{"href":"https:\/\/aimr-mining.com\/it\/wp-json\/wp\/v2\/pages"}],"about":[{"href":"https:\/\/aimr-mining.com\/it\/wp-json\/wp\/v2\/types\/page"}],"author":[{"embeddable":true,"href":"https:\/\/aimr-mining.com\/it\/wp-json\/wp\/v2\/users\/1"}],"replies":[{"embeddable":true,"href":"https:\/\/aimr-mining.com\/it\/wp-json\/wp\/v2\/comments?post=2034"}],"version-history":[{"count":9,"href":"https:\/\/aimr-mining.com\/it\/wp-json\/wp\/v2\/pages\/2034\/revisions"}],"predecessor-version":[{"id":3531,"href":"https:\/\/aimr-mining.com\/it\/wp-json\/wp\/v2\/pages\/2034\/revisions\/3531"}],"wp:featuredmedia":[{"embeddable":true,"href":"https:\/\/aimr-mining.com\/it\/wp-json\/wp\/v2\/media\/2035"}],"wp:attachment":[{"href":"https:\/\/aimr-mining.com\/it\/wp-json\/wp\/v2\/media?parent=2034"}],"curies":[{"name":"wp","href":"https:\/\/api.w.org\/{rel}","templated":true}]}}