{"id":2030,"date":"2016-06-22T10:32:03","date_gmt":"2016-06-22T10:32:03","guid":{"rendered":"https:\/\/aimr-mining.com\/it\/becoming-our-supplier\/"},"modified":"2018-09-03T16:05:09","modified_gmt":"2018-09-03T14:05:09","slug":"becoming-our-supplier","status":"publish","type":"page","link":"https:\/\/aimr-mining.com\/it\/becoming-our-supplier\/","title":{"rendered":"Diventare Il Nostro Fornitore"},"content":{"rendered":"<div class=\"wpb-content-wrapper\"><p>[vc_row full_width=&#8221;stretch_row&#8221; el_class=&#8221;section dark-section&#8221; css=&#8221;.vc_custom_1466691877193{padding-top: 20px !important;background: #6b7b81 url(https:\/\/aimr-mining.com\/\/wp-content\/uploads\/2016\/06\/become-supplier-bg.jpg?id=67) !important;background-position: center !important;background-repeat: no-repeat !important;background-size: cover !important;}&#8221;][vc_column width=&#8221;1\/4&#8243;][\/vc_column][vc_column width=&#8221;1\/2&#8243;][vc_column_text el_class=&#8221;header&#8221;]<\/p>\n<h2 style=\"text-align: center;\">DIVENTANDO UNO DI<\/h2>\n<h3 style=\"text-align: center;\">I NOSTRI FORNITORI<\/h3>\n<p>[\/vc_column_text][vc_column_text]<\/p>\n<p style=\"text-align: center;\">In AIMR siamo orgogliosi della qualit\u00e0 dei nostri prodotti; i nostri materiali sono molto apprezzati perch\u00e9 controlliamo attentamente e intervistiamo tutti i fornitori potenziali. Conosciamo te e la tua capacit\u00e0 dentro e fuori prima di farti parte del gruppo. Ci atteniamo ai pi\u00f9 alti standard possibili e ci aspettiamo lo stesso da tutti i nostri fornitori.<\/p>\n<p>[\/vc_column_text][\/vc_column][vc_column width=&#8221;1\/4&#8243;][\/vc_column][\/vc_row][vc_row full_width=&#8221;stretch_row_content&#8221; equal_height=&#8221;yes&#8221; css=&#8221;.vc_custom_1468141872493{background-color: #d2d2d2 !important;}&#8221;][vc_column width=&#8221;1\/2&#8243; css=&#8221;.vc_custom_1468145031864{padding-top: 0px !important;padding-right: 0px !important;padding-bottom: 0px !important;padding-left: 0px !important;background-color: #e8eaea !important;}&#8221;][vc_column_text css=&#8221;.vc_custom_1535622738734{margin-top: 0px !important;margin-bottom: 0px !important;padding-top: 100px !important;padding-right: 70px !important;padding-bottom: 140px !important;background-color: #f3f4f4 !important;}&#8221; el_class=&#8221;push-padding-left&#8221;]<\/p>\n<h5>Siamo lieti di annunciare il lancio del programma di estrazione mineraria sostenibile, o (SMP), che si basa sul nostro precedente lavoro con i fornitori per migliorare l&#8217;adempimento dei pilastri del nostro Codice di condotta dei fornitori, tra cui:<\/h5>\n<ul>\n<li>Pratiche sui diritti umani del lavoro<\/li>\n<li>Salute e sicurezza nell&#8217;ambiente di lavoro<\/li>\n<li>Conformit\u00e0 ambientale<\/li>\n<li>Mineraria responsabile delle risorse<\/li>\n<li>Integrit\u00e0 aziendale<\/li>\n<li>Livello di qualit\u00e0 costante<\/li>\n<li>Efficienza della filiera<\/li>\n<\/ul>\n<p>[\/vc_column_text][vc_column_text css=&#8221;.vc_custom_1535622919758{margin-top: 0px !important;margin-bottom: 0px !important;padding-top: 100px !important;padding-right: 70px !important;padding-bottom: 140px !important;background-color: #e8eaea !important;}&#8221; el_class=&#8221;push-padding-left list-column-2&#8243;]<\/p>\n<h5>Abbiamo un continuo bisogno di fornitori, produttori e proprietari di miniere di calce per un&#8217;ampia gamma di materiali e minerali che coprono:<\/h5>\n<ul>\n<li>Caolino<\/li>\n<li>Salgemma<\/li>\n<li>Feldspato<\/li>\n<li>Fluorite<\/li>\n<li>Ilmenite<\/li>\n<li>Silice<\/li>\n<li>Bauxite<\/li>\n<li>Andalusite<\/li>\n<li>Mullite<\/li>\n<li>Dolomite<\/li>\n<li>Ferromanganese<\/li>\n<li>Gesso<\/li>\n<li>Carbonato di calcio<\/li>\n<li>Talco<\/li>\n<li>Bentonite<\/li>\n<li>Barite<\/li>\n<li>Fosfato rocce<\/li>\n<\/ul>\n<p>[\/vc_column_text][\/vc_column][vc_column width=&#8221;1\/2&#8243; el_class=&#8221;push-padding-right&#8221; css=&#8221;.vc_custom_1468144061555{padding-top: 100px !important;padding-bottom: 100px !important;padding-left: 70px !important;}&#8221;][vc_column_text]<\/p>\n<h5>Come parte del programma di estrazione mineraria sostenibile, dovrai dimostrare<br \/>\nconformit\u00e0 al Codice dei fornitori attraverso una serie specifica di attivit\u00e0, tra cui:<\/h5>\n<p>A nome di tutti in AIMR, grazie per il tuo impegno attivo a questo programma. Non vediamo l\u2019ora di continuare la nostra partnership in corso per costruire un futuro pi\u00f9 sostenibile.[\/vc_column_text][vc_column_text el_class=&#8221;tiled-titles supplier-identification&#8221;]<\/p>\n<h4><em>01 \/<\/em> IDENTIFICAZIONE DEL FORNITORE<\/h4>\n<p>[\/vc_column_text][vc_column_text el_class=&#8221;tiled-titles status-assessment&#8221;]<\/p>\n<h4><em>02 \/<\/em> VALUTAZIONE DI STATO<\/h4>\n<p>[\/vc_column_text][vc_column_text el_class=&#8221;tiled-titles on-site-audit&#8221;]<\/p>\n<h4><em>03 \/<\/em> SUL CONTROLLO Del SITO<\/h4>\n<p>[\/vc_column_text][vc_column_text el_class=&#8221;tiled-titles corrective-action-plan&#8221;]<\/p>\n<h4><em>04 \/<\/em> PIANO D&#8217;AZIONE CORRETTIVO<\/h4>\n<p>[\/vc_column_text][vc_single_image image=&#8221;220&#8243; img_size=&#8221;full&#8221; alignment=&#8221;center&#8221; css=&#8221;.vc_custom_1468144145252{padding-top: 30px !important;}&#8221;][\/vc_column][\/vc_row][vc_row el_class=&#8221;section&#8221;][vc_column width=&#8221;1\/4&#8243;][\/vc_column][vc_column width=&#8221;1\/2&#8243; css=&#8221;.vc_custom_1468146119043{padding-top: 0px !important;}&#8221;][vc_column_text css=&#8221;.vc_custom_1535983467434{padding-top: 0px !important;}&#8221;]<\/p>\n<h3 style=\"text-align: center;\">modulo di Profilo di Fornitore<\/h3>\n<p>[\/vc_column_text][vc_column_text]<\/p>\n<p style=\"text-align: center;\">AIMR Modulo di Profilo di Fornitore di Minerali (AMSP)<\/p>\n<p>[\/vc_column_text][vc_btn title=&#8221;Sii nostro fornitore&#8221; style=&#8221;classic&#8221; shape=&#8221;square&#8221; align=&#8221;center&#8221; css_animation=&#8221;appear&#8221; link=&#8221;url:%23||&#8221; el_class=&#8221;supplier-modal&#8221;][\/vc_column][vc_column width=&#8221;1\/4&#8243;][\/vc_column][\/vc_row]<\/p>\n<\/div>","protected":false},"excerpt":{"rendered":"<p>[vc_row full_width=&#8221;stretch_row&#8221; el_class=&#8221;section dark-section&#8221; css=&#8221;.vc_custom_1466691877193{padding-top: 20px !important;background: #6b7b81 url(https:\/\/aimr-mining.com\/\/wp-content\/uploads\/2016\/06\/become-supplier-bg.jpg?id=67) !important;background-position: center !important;background-repeat: no-repeat !important;background-size: cover !important;}&#8221;][vc_column width=&#8221;1\/4&#8243;][\/vc_column][vc_column width=&#8221;1\/2&#8243;][vc_column_text el_class=&#8221;header&#8221;] DIVENTANDO UNO DI I NOSTRI FORNITORI [\/vc_column_text][vc_column_text] In AIMR siamo orgogliosi della qualit\u00e0 dei nostri prodotti; i nostri materiali sono molto apprezzati perch\u00e9 controlliamo attentamente e intervistiamo tutti i fornitori potenziali. Conosciamo te e la tua [&hellip;]<\/p>\n","protected":false},"author":1,"featured_media":2031,"parent":0,"menu_order":0,"comment_status":"closed","ping_status":"closed","template":"","meta":{"footnotes":""},"class_list":["post-2030","page","type-page","status-publish","has-post-thumbnail","hentry"],"yoast_head":"<!-- This site is optimized with the Yoast SEO plugin v27.3 - https:\/\/yoast.com\/product\/yoast-seo-wordpress\/ -->\n<title>Diventare Il Nostro Fornitore - AIMR<\/title>\n<meta name=\"description\" content=\"Alex International for Mining and Refractories Products (AIMR), we invested in building a sustainable future for our company and our communities.\" \/>\n<meta name=\"robots\" content=\"index, follow, max-snippet:-1, max-image-preview:large, max-video-preview:-1\" \/>\n<meta property=\"og:locale\" content=\"it_IT\" \/>\n<meta property=\"og:type\" content=\"article\" \/>\n<meta property=\"og:title\" content=\"Diventare Il Nostro Fornitore - AIMR\" \/>\n<meta property=\"og:description\" content=\"Alex International for Mining and Refractories Products (AIMR), we invested in building a sustainable future for our company and our communities.\" \/>\n<meta property=\"og:url\" content=\"https:\/\/aimr-mining.com\/it\/becoming-our-supplier\/\" \/>\n<meta property=\"og:site_name\" content=\"AIMR\" \/>\n<meta property=\"article:modified_time\" content=\"2018-09-03T14:05:09+00:00\" \/>\n<meta property=\"og:image\" content=\"https:\/\/aimr-mining.com\/wp-content\/uploads\/2016\/06\/suppliers-banner.jpg\" \/>\n\t<meta property=\"og:image:width\" content=\"1920\" \/>\n\t<meta property=\"og:image:height\" content=\"249\" \/>\n\t<meta property=\"og:image:type\" content=\"image\/jpeg\" \/>\n<meta name=\"twitter:card\" content=\"summary_large_image\" \/>\n<meta name=\"twitter:label1\" content=\"Tempo di lettura stimato\" \/>\n\t<meta name=\"twitter:data1\" content=\"3 minuti\" \/>\n<script type=\"application\/ld+json\" class=\"yoast-schema-graph\">{\"@context\":\"https:\\\/\\\/schema.org\",\"@graph\":[{\"@type\":\"WebPage\",\"@id\":\"https:\\\/\\\/aimr-mining.com\\\/it\\\/becoming-our-supplier\\\/\",\"url\":\"https:\\\/\\\/aimr-mining.com\\\/it\\\/becoming-our-supplier\\\/\",\"name\":\"Diventare Il Nostro Fornitore - AIMR\",\"isPartOf\":{\"@id\":\"https:\\\/\\\/aimr-mining.com\\\/#website\"},\"primaryImageOfPage\":{\"@id\":\"https:\\\/\\\/aimr-mining.com\\\/it\\\/becoming-our-supplier\\\/#primaryimage\"},\"image\":{\"@id\":\"https:\\\/\\\/aimr-mining.com\\\/it\\\/becoming-our-supplier\\\/#primaryimage\"},\"thumbnailUrl\":\"https:\\\/\\\/aimr-mining.com\\\/wp-content\\\/uploads\\\/2016\\\/06\\\/suppliers-banner.jpg\",\"datePublished\":\"2016-06-22T10:32:03+00:00\",\"dateModified\":\"2018-09-03T14:05:09+00:00\",\"description\":\"Alex International for Mining and Refractories Products (AIMR), we invested in building a sustainable future for our company and our communities.\",\"breadcrumb\":{\"@id\":\"https:\\\/\\\/aimr-mining.com\\\/it\\\/becoming-our-supplier\\\/#breadcrumb\"},\"inLanguage\":\"it-IT\",\"potentialAction\":[{\"@type\":\"ReadAction\",\"target\":[\"https:\\\/\\\/aimr-mining.com\\\/it\\\/becoming-our-supplier\\\/\"]}]},{\"@type\":\"ImageObject\",\"inLanguage\":\"it-IT\",\"@id\":\"https:\\\/\\\/aimr-mining.com\\\/it\\\/becoming-our-supplier\\\/#primaryimage\",\"url\":\"https:\\\/\\\/aimr-mining.com\\\/wp-content\\\/uploads\\\/2016\\\/06\\\/suppliers-banner.jpg\",\"contentUrl\":\"https:\\\/\\\/aimr-mining.com\\\/wp-content\\\/uploads\\\/2016\\\/06\\\/suppliers-banner.jpg\",\"width\":1920,\"height\":249},{\"@type\":\"BreadcrumbList\",\"@id\":\"https:\\\/\\\/aimr-mining.com\\\/it\\\/becoming-our-supplier\\\/#breadcrumb\",\"itemListElement\":[{\"@type\":\"ListItem\",\"position\":1,\"name\":\"Home\",\"item\":\"https:\\\/\\\/aimr-mining.com\\\/it\\\/\"},{\"@type\":\"ListItem\",\"position\":2,\"name\":\"Diventare Il Nostro Fornitore\"}]},{\"@type\":\"WebSite\",\"@id\":\"https:\\\/\\\/aimr-mining.com\\\/#website\",\"url\":\"https:\\\/\\\/aimr-mining.com\\\/\",\"name\":\"AIMR\",\"description\":\"Alexandria International For Mining and Refractories\",\"potentialAction\":[{\"@type\":\"SearchAction\",\"target\":{\"@type\":\"EntryPoint\",\"urlTemplate\":\"https:\\\/\\\/aimr-mining.com\\\/?s={search_term_string}\"},\"query-input\":{\"@type\":\"PropertyValueSpecification\",\"valueRequired\":true,\"valueName\":\"search_term_string\"}}],\"inLanguage\":\"it-IT\"}]}<\/script>\n<!-- \/ Yoast SEO plugin. -->","yoast_head_json":{"title":"Diventare Il Nostro Fornitore - AIMR","description":"Alex International for Mining and Refractories Products (AIMR), we invested in building a sustainable future for our company and our communities.","robots":{"index":"index","follow":"follow","max-snippet":"max-snippet:-1","max-image-preview":"max-image-preview:large","max-video-preview":"max-video-preview:-1"},"og_locale":"it_IT","og_type":"article","og_title":"Diventare Il Nostro Fornitore - AIMR","og_description":"Alex International for Mining and Refractories Products (AIMR), we invested in building a sustainable future for our company and our communities.","og_url":"https:\/\/aimr-mining.com\/it\/becoming-our-supplier\/","og_site_name":"AIMR","article_modified_time":"2018-09-03T14:05:09+00:00","og_image":[{"width":1920,"height":249,"url":"https:\/\/aimr-mining.com\/wp-content\/uploads\/2016\/06\/suppliers-banner.jpg","type":"image\/jpeg"}],"twitter_card":"summary_large_image","twitter_misc":{"Tempo di lettura stimato":"3 minuti"},"schema":{"@context":"https:\/\/schema.org","@graph":[{"@type":"WebPage","@id":"https:\/\/aimr-mining.com\/it\/becoming-our-supplier\/","url":"https:\/\/aimr-mining.com\/it\/becoming-our-supplier\/","name":"Diventare Il Nostro Fornitore - AIMR","isPartOf":{"@id":"https:\/\/aimr-mining.com\/#website"},"primaryImageOfPage":{"@id":"https:\/\/aimr-mining.com\/it\/becoming-our-supplier\/#primaryimage"},"image":{"@id":"https:\/\/aimr-mining.com\/it\/becoming-our-supplier\/#primaryimage"},"thumbnailUrl":"https:\/\/aimr-mining.com\/wp-content\/uploads\/2016\/06\/suppliers-banner.jpg","datePublished":"2016-06-22T10:32:03+00:00","dateModified":"2018-09-03T14:05:09+00:00","description":"Alex International for Mining and Refractories Products (AIMR), we invested in building a sustainable future for our company and our communities.","breadcrumb":{"@id":"https:\/\/aimr-mining.com\/it\/becoming-our-supplier\/#breadcrumb"},"inLanguage":"it-IT","potentialAction":[{"@type":"ReadAction","target":["https:\/\/aimr-mining.com\/it\/becoming-our-supplier\/"]}]},{"@type":"ImageObject","inLanguage":"it-IT","@id":"https:\/\/aimr-mining.com\/it\/becoming-our-supplier\/#primaryimage","url":"https:\/\/aimr-mining.com\/wp-content\/uploads\/2016\/06\/suppliers-banner.jpg","contentUrl":"https:\/\/aimr-mining.com\/wp-content\/uploads\/2016\/06\/suppliers-banner.jpg","width":1920,"height":249},{"@type":"BreadcrumbList","@id":"https:\/\/aimr-mining.com\/it\/becoming-our-supplier\/#breadcrumb","itemListElement":[{"@type":"ListItem","position":1,"name":"Home","item":"https:\/\/aimr-mining.com\/it\/"},{"@type":"ListItem","position":2,"name":"Diventare Il Nostro Fornitore"}]},{"@type":"WebSite","@id":"https:\/\/aimr-mining.com\/#website","url":"https:\/\/aimr-mining.com\/","name":"AIMR","description":"Alexandria International For Mining and Refractories","potentialAction":[{"@type":"SearchAction","target":{"@type":"EntryPoint","urlTemplate":"https:\/\/aimr-mining.com\/?s={search_term_string}"},"query-input":{"@type":"PropertyValueSpecification","valueRequired":true,"valueName":"search_term_string"}}],"inLanguage":"it-IT"}]}},"_links":{"self":[{"href":"https:\/\/aimr-mining.com\/it\/wp-json\/wp\/v2\/pages\/2030","targetHints":{"allow":["GET"]}}],"collection":[{"href":"https:\/\/aimr-mining.com\/it\/wp-json\/wp\/v2\/pages"}],"about":[{"href":"https:\/\/aimr-mining.com\/it\/wp-json\/wp\/v2\/types\/page"}],"author":[{"embeddable":true,"href":"https:\/\/aimr-mining.com\/it\/wp-json\/wp\/v2\/users\/1"}],"replies":[{"embeddable":true,"href":"https:\/\/aimr-mining.com\/it\/wp-json\/wp\/v2\/comments?post=2030"}],"version-history":[{"count":3,"href":"https:\/\/aimr-mining.com\/it\/wp-json\/wp\/v2\/pages\/2030\/revisions"}],"predecessor-version":[{"id":3346,"href":"https:\/\/aimr-mining.com\/it\/wp-json\/wp\/v2\/pages\/2030\/revisions\/3346"}],"wp:featuredmedia":[{"embeddable":true,"href":"https:\/\/aimr-mining.com\/it\/wp-json\/wp\/v2\/media\/2031"}],"wp:attachment":[{"href":"https:\/\/aimr-mining.com\/it\/wp-json\/wp\/v2\/media?parent=2030"}],"curies":[{"name":"wp","href":"https:\/\/api.w.org\/{rel}","templated":true}]}}