{"id":2016,"date":"2016-06-22T10:37:50","date_gmt":"2016-06-22T08:37:50","guid":{"rendered":"https:\/\/aimr-mining.com\/it\/sustainable-development\/"},"modified":"2018-11-27T11:29:13","modified_gmt":"2018-11-27T09:29:13","slug":"sustainable-development","status":"publish","type":"page","link":"https:\/\/aimr-mining.com\/it\/sustainable-development\/","title":{"rendered":"Sviluppo Sostenibile"},"content":{"rendered":"<div class=\"wpb-content-wrapper\"><p>[vc_row el_class=&#8221;row-spacing&#8221;][vc_column width=&#8221;1\/2&#8243;][vc_column_text css=&#8221;.vc_custom_1531837363548{padding-top: 40px !important;}&#8221;]<\/p>\n<h3>Sviluppo Della Comunit\u00e0<\/h3>\n<p>Siamo investiti nella nostra comunit\u00e0. L&#8217;azienda che si prende cura, siamo fortemente coinvolti nel garantire lo stabilimento e la solidificazione delle suburbane, dei villaggi e delle citt\u00e0. Assistiamo durante la pavimentazione di strade e le tubature di acqua dolce, AIMR si sforza sempre per aiutare il mondo. Il nostro lavoro con orfanotrofi e le\u00a0cure di qualit\u00e0 agli orfani, ci\u00f2 rivela il nostro impegno per aiutare gli altri e la nostra comunit\u00e0.[\/vc_column_text][vc_column_text el_class=&#8221;read-more&#8221;]<a href=\"#\">Leggi di pi\u00f9<\/a>[\/vc_column_text][\/vc_column][vc_column width=&#8221;1\/2&#8243;][vc_single_image image=&#8221;78&#8243; img_size=&#8221;full&#8221; alignment=&#8221;center&#8221;][\/vc_column][\/vc_row][vc_row el_class=&#8221;row-spacing flip-order-mobile&#8221;][vc_column width=&#8221;1\/2&#8243;][vc_single_image image=&#8221;79&#8243; img_size=&#8221;full&#8221; alignment=&#8221;center&#8221;][\/vc_column][vc_column width=&#8221;1\/2&#8243;][vc_column_text css=&#8221;.vc_custom_1531837311764{padding-top: 80px !important;}&#8221;]<\/p>\n<h3>Responsabilit\u00e0 Ambientale<\/h3>\n<p>L&#8217;attivit\u00e0 mineraria pu\u00f2 a volte essere un&#8217;attivit\u00e0 rischiosa. Lo capiamo ed \u00e8 per questo che siamo sempre vigili e responsabili quando si tratta di pratiche minerarie sicure e rispettose dell&#8217;ambiente.[\/vc_column_text][vc_column_text el_class=&#8221;read-more&#8221;]<a href=\"#\">Leggi di pi\u00f9<\/a>[\/vc_column_text][\/vc_column][\/vc_row]<br \/>\n<!-- Global site tag (gtag.js) - Google Ads: 987736642 --><br \/>\n<script async src=\"https:\/\/www.googletagmanager.com\/gtag\/js?id=AW-987736642\"><\/script><br \/>\n<script>\n  window.dataLayer = window.dataLayer || [];\n  function gtag(){dataLayer.push(arguments);}\n  gtag('js', new Date());<\/p>\n<p>  gtag('config', 'AW-987736642');\n<\/script><\/p>\n<\/div>","protected":false},"excerpt":{"rendered":"<p>[vc_row el_class=&#8221;row-spacing&#8221;][vc_column width=&#8221;1\/2&#8243;][vc_column_text css=&#8221;.vc_custom_1531837363548{padding-top: 40px !important;}&#8221;] Sviluppo Della Comunit\u00e0 Siamo investiti nella nostra comunit\u00e0. L&#8217;azienda che si prende cura, siamo fortemente coinvolti nel garantire lo stabilimento e la solidificazione delle suburbane, dei villaggi e delle citt\u00e0. Assistiamo durante la pavimentazione di strade e le tubature di acqua dolce, AIMR si sforza sempre per aiutare il [&hellip;]<\/p>\n","protected":false},"author":1,"featured_media":2000,"parent":0,"menu_order":0,"comment_status":"closed","ping_status":"closed","template":"","meta":{"footnotes":""},"class_list":["post-2016","page","type-page","status-publish","has-post-thumbnail","hentry"],"yoast_head":"<!-- This site is optimized with the Yoast SEO plugin v27.3 - https:\/\/yoast.com\/product\/yoast-seo-wordpress\/ -->\n<title>Sviluppo Sostenibile - AIMR<\/title>\n<meta name=\"description\" content=\"Alex International for Mining and Refractories Products (AIMR), we invested in building a sustainable future for our company and our communities.\" \/>\n<meta name=\"robots\" content=\"index, follow, max-snippet:-1, max-image-preview:large, max-video-preview:-1\" \/>\n<meta property=\"og:locale\" content=\"it_IT\" \/>\n<meta property=\"og:type\" content=\"article\" \/>\n<meta property=\"og:title\" content=\"Sviluppo Sostenibile - AIMR\" \/>\n<meta property=\"og:description\" content=\"Alex International for Mining and Refractories Products (AIMR), we invested in building a sustainable future for our company and our communities.\" \/>\n<meta property=\"og:url\" content=\"https:\/\/aimr-mining.com\/it\/sustainable-development\/\" \/>\n<meta property=\"og:site_name\" content=\"AIMR\" \/>\n<meta property=\"article:modified_time\" content=\"2018-11-27T09:29:13+00:00\" \/>\n<meta property=\"og:image\" content=\"https:\/\/aimr-mining.com\/wp-content\/uploads\/2016\/06\/Sustainable-banner.jpg\" \/>\n\t<meta property=\"og:image:width\" content=\"1920\" \/>\n\t<meta property=\"og:image:height\" content=\"249\" \/>\n\t<meta property=\"og:image:type\" content=\"image\/jpeg\" \/>\n<meta name=\"twitter:card\" content=\"summary_large_image\" \/>\n<meta name=\"twitter:label1\" content=\"Tempo di lettura stimato\" \/>\n\t<meta name=\"twitter:data1\" content=\"1 minuto\" \/>\n<script type=\"application\/ld+json\" class=\"yoast-schema-graph\">{\"@context\":\"https:\\\/\\\/schema.org\",\"@graph\":[{\"@type\":\"WebPage\",\"@id\":\"https:\\\/\\\/aimr-mining.com\\\/it\\\/sustainable-development\\\/\",\"url\":\"https:\\\/\\\/aimr-mining.com\\\/it\\\/sustainable-development\\\/\",\"name\":\"Sviluppo Sostenibile - AIMR\",\"isPartOf\":{\"@id\":\"https:\\\/\\\/aimr-mining.com\\\/#website\"},\"primaryImageOfPage\":{\"@id\":\"https:\\\/\\\/aimr-mining.com\\\/it\\\/sustainable-development\\\/#primaryimage\"},\"image\":{\"@id\":\"https:\\\/\\\/aimr-mining.com\\\/it\\\/sustainable-development\\\/#primaryimage\"},\"thumbnailUrl\":\"https:\\\/\\\/aimr-mining.com\\\/wp-content\\\/uploads\\\/2016\\\/06\\\/Sustainable-banner.jpg\",\"datePublished\":\"2016-06-22T08:37:50+00:00\",\"dateModified\":\"2018-11-27T09:29:13+00:00\",\"description\":\"Alex International for Mining and Refractories Products (AIMR), we invested in building a sustainable future for our company and our communities.\",\"breadcrumb\":{\"@id\":\"https:\\\/\\\/aimr-mining.com\\\/it\\\/sustainable-development\\\/#breadcrumb\"},\"inLanguage\":\"it-IT\",\"potentialAction\":[{\"@type\":\"ReadAction\",\"target\":[\"https:\\\/\\\/aimr-mining.com\\\/it\\\/sustainable-development\\\/\"]}]},{\"@type\":\"ImageObject\",\"inLanguage\":\"it-IT\",\"@id\":\"https:\\\/\\\/aimr-mining.com\\\/it\\\/sustainable-development\\\/#primaryimage\",\"url\":\"https:\\\/\\\/aimr-mining.com\\\/wp-content\\\/uploads\\\/2016\\\/06\\\/Sustainable-banner.jpg\",\"contentUrl\":\"https:\\\/\\\/aimr-mining.com\\\/wp-content\\\/uploads\\\/2016\\\/06\\\/Sustainable-banner.jpg\",\"width\":1920,\"height\":249},{\"@type\":\"BreadcrumbList\",\"@id\":\"https:\\\/\\\/aimr-mining.com\\\/it\\\/sustainable-development\\\/#breadcrumb\",\"itemListElement\":[{\"@type\":\"ListItem\",\"position\":1,\"name\":\"Home\",\"item\":\"https:\\\/\\\/aimr-mining.com\\\/it\\\/\"},{\"@type\":\"ListItem\",\"position\":2,\"name\":\"Sviluppo Sostenibile\"}]},{\"@type\":\"WebSite\",\"@id\":\"https:\\\/\\\/aimr-mining.com\\\/#website\",\"url\":\"https:\\\/\\\/aimr-mining.com\\\/\",\"name\":\"AIMR\",\"description\":\"Alexandria International For Mining and Refractories\",\"potentialAction\":[{\"@type\":\"SearchAction\",\"target\":{\"@type\":\"EntryPoint\",\"urlTemplate\":\"https:\\\/\\\/aimr-mining.com\\\/?s={search_term_string}\"},\"query-input\":{\"@type\":\"PropertyValueSpecification\",\"valueRequired\":true,\"valueName\":\"search_term_string\"}}],\"inLanguage\":\"it-IT\"}]}<\/script>\n<!-- \/ Yoast SEO plugin. -->","yoast_head_json":{"title":"Sviluppo Sostenibile - AIMR","description":"Alex International for Mining and Refractories Products (AIMR), we invested in building a sustainable future for our company and our communities.","robots":{"index":"index","follow":"follow","max-snippet":"max-snippet:-1","max-image-preview":"max-image-preview:large","max-video-preview":"max-video-preview:-1"},"og_locale":"it_IT","og_type":"article","og_title":"Sviluppo Sostenibile - AIMR","og_description":"Alex International for Mining and Refractories Products (AIMR), we invested in building a sustainable future for our company and our communities.","og_url":"https:\/\/aimr-mining.com\/it\/sustainable-development\/","og_site_name":"AIMR","article_modified_time":"2018-11-27T09:29:13+00:00","og_image":[{"width":1920,"height":249,"url":"https:\/\/aimr-mining.com\/wp-content\/uploads\/2016\/06\/Sustainable-banner.jpg","type":"image\/jpeg"}],"twitter_card":"summary_large_image","twitter_misc":{"Tempo di lettura stimato":"1 minuto"},"schema":{"@context":"https:\/\/schema.org","@graph":[{"@type":"WebPage","@id":"https:\/\/aimr-mining.com\/it\/sustainable-development\/","url":"https:\/\/aimr-mining.com\/it\/sustainable-development\/","name":"Sviluppo Sostenibile - AIMR","isPartOf":{"@id":"https:\/\/aimr-mining.com\/#website"},"primaryImageOfPage":{"@id":"https:\/\/aimr-mining.com\/it\/sustainable-development\/#primaryimage"},"image":{"@id":"https:\/\/aimr-mining.com\/it\/sustainable-development\/#primaryimage"},"thumbnailUrl":"https:\/\/aimr-mining.com\/wp-content\/uploads\/2016\/06\/Sustainable-banner.jpg","datePublished":"2016-06-22T08:37:50+00:00","dateModified":"2018-11-27T09:29:13+00:00","description":"Alex International for Mining and Refractories Products (AIMR), we invested in building a sustainable future for our company and our communities.","breadcrumb":{"@id":"https:\/\/aimr-mining.com\/it\/sustainable-development\/#breadcrumb"},"inLanguage":"it-IT","potentialAction":[{"@type":"ReadAction","target":["https:\/\/aimr-mining.com\/it\/sustainable-development\/"]}]},{"@type":"ImageObject","inLanguage":"it-IT","@id":"https:\/\/aimr-mining.com\/it\/sustainable-development\/#primaryimage","url":"https:\/\/aimr-mining.com\/wp-content\/uploads\/2016\/06\/Sustainable-banner.jpg","contentUrl":"https:\/\/aimr-mining.com\/wp-content\/uploads\/2016\/06\/Sustainable-banner.jpg","width":1920,"height":249},{"@type":"BreadcrumbList","@id":"https:\/\/aimr-mining.com\/it\/sustainable-development\/#breadcrumb","itemListElement":[{"@type":"ListItem","position":1,"name":"Home","item":"https:\/\/aimr-mining.com\/it\/"},{"@type":"ListItem","position":2,"name":"Sviluppo Sostenibile"}]},{"@type":"WebSite","@id":"https:\/\/aimr-mining.com\/#website","url":"https:\/\/aimr-mining.com\/","name":"AIMR","description":"Alexandria International For Mining and Refractories","potentialAction":[{"@type":"SearchAction","target":{"@type":"EntryPoint","urlTemplate":"https:\/\/aimr-mining.com\/?s={search_term_string}"},"query-input":{"@type":"PropertyValueSpecification","valueRequired":true,"valueName":"search_term_string"}}],"inLanguage":"it-IT"}]}},"_links":{"self":[{"href":"https:\/\/aimr-mining.com\/it\/wp-json\/wp\/v2\/pages\/2016","targetHints":{"allow":["GET"]}}],"collection":[{"href":"https:\/\/aimr-mining.com\/it\/wp-json\/wp\/v2\/pages"}],"about":[{"href":"https:\/\/aimr-mining.com\/it\/wp-json\/wp\/v2\/types\/page"}],"author":[{"embeddable":true,"href":"https:\/\/aimr-mining.com\/it\/wp-json\/wp\/v2\/users\/1"}],"replies":[{"embeddable":true,"href":"https:\/\/aimr-mining.com\/it\/wp-json\/wp\/v2\/comments?post=2016"}],"version-history":[{"count":8,"href":"https:\/\/aimr-mining.com\/it\/wp-json\/wp\/v2\/pages\/2016\/revisions"}],"predecessor-version":[{"id":3541,"href":"https:\/\/aimr-mining.com\/it\/wp-json\/wp\/v2\/pages\/2016\/revisions\/3541"}],"wp:featuredmedia":[{"embeddable":true,"href":"https:\/\/aimr-mining.com\/it\/wp-json\/wp\/v2\/media\/2000"}],"wp:attachment":[{"href":"https:\/\/aimr-mining.com\/it\/wp-json\/wp\/v2\/media?parent=2016"}],"curies":[{"name":"wp","href":"https:\/\/api.w.org\/{rel}","templated":true}]}}