{"id":1846,"date":"2016-06-21T13:18:26","date_gmt":"2016-06-21T13:18:26","guid":{"rendered":"https:\/\/aimr-mining.com\/it\/home\/"},"modified":"2018-11-28T15:14:19","modified_gmt":"2018-11-28T13:14:19","slug":"home","status":"publish","type":"page","link":"https:\/\/aimr-mining.com\/it\/","title":{"rendered":"Home"},"content":{"rendered":"<div class=\"wpb-content-wrapper\"><p>[vc_row][vc_column][vc_tta_tabs active_section=&#8221;2&#8243;][vc_tta_section title=&#8221;Visione &amp; Missione &#8221; tab_id=&#8221;1466679120217-9e8496d9-95d9&#8243;][vc_row_inner][vc_column_inner width=&#8221;1\/2&#8243;][vc_column_text]<\/p>\n<h4>Visione<\/h4>\n<p>Essendo orgoliosi del nostro approccio eco-consapevole e responsabile delle risorse nell\u02bcattivit\u00e0 mineraria, <strong>AIMR<\/strong> investe nella costruzione di un futuro sostenibile per la nostra azienda e le nostre comunit\u00e0. La nostra visione \u00e8 quella di diventare il primo ammirato fornitore sostenibile di minerali in tutto il mondo.[\/vc_column_text][vc_column_text]<\/p>\n<h4>Missione<\/h4>\n<p>AIMR fornisce e trasforma le risorse minerarie nei blocchi costitutivi della societ\u00e0 della civilt\u00e0 moderna. Preserviamo le risorse, forniamo i minerali di alta qualit\u00e0, e svolgiamo varie attivit\u00e0 sostenibili per proteggere l&#8217;ambiente.[\/vc_column_text][\/vc_column_inner][vc_column_inner width=&#8221;1\/2&#8243;][vc_single_image image=&#8221;175&#8243; img_size=&#8221;full&#8221;][\/vc_column_inner][\/vc_row_inner][\/vc_tta_section][vc_tta_section title=&#8221;Presenza Globale &#8221; tab_id=&#8221;1466679406794-bd6d4522-d77b&#8221;][vc_row_inner][vc_column_inner width=&#8221;1\/2&#8243;][vc_column_text]<\/p>\n<h4>I nostri prodotti sono costantemente disponibili in tutto il mondo.<\/h4>\n<p>Le richieste nel mercato sono costantemente variabili: alcuni mercati diventano pi\u00f9 maturi, altri emergono ed alcuni miglioramenti di esperienza. I nostri clienti cambiano anche dove alcuni si trasferiscono in altri luoghi e altri spostano le loro operazioni a livello internazionale. Indipendentemente dalla loro fase di sviluppo o da dove si trovano, Alex International for Mining and Refractories &#8220;AIMR&#8221; offre il miglior supporto e servizi per la loro crescita. Questo \u00e8 il motivo principale per cui la nostra azienda \u00e8 in continua espansione a livello internazionale, allineando la piattaforma di produzione in base alle tendenze del mercato e alle richieste dei clienti.[\/vc_column_text][vc_single_image image=&#8221;1689&#8243; img_size=&#8221;full&#8221; el_class=&#8221;hidden-xs&#8221;][\/vc_column_inner][vc_column_inner width=&#8221;1\/2&#8243;][vc_single_image image=&#8221;40&#8243; img_size=&#8221;full&#8221;][\/vc_column_inner][\/vc_row_inner][\/vc_tta_section][vc_tta_section title=&#8221;Nostro Gruppo &#8221; tab_id=&#8221;1466679404693-257563b4-019a&#8221;][vc_row_inner][vc_column_inner width=&#8221;1\/2&#8243;][vc_column_text el_class=&#8221;bullets-enabled&#8221;]<\/p>\n<h4>Nostro Gruppo<\/h4>\n<p>La societ\u00e0 Alexandria Modern Trade, fondata il 2006, \u00e8 emersa come una delle migliori aziende di gestione e localizzazione delle esportazioni in Egitto. Al centro dell&#8217;economia mondiale, il nostro gruppo \u00e8 composto da:<\/p>\n<p>&nbsp;<\/p>\n<ul>\n<li>EIO (Medical Equipment Company)<\/li>\n<li>AMTC (Export Mangement Company)<\/li>\n<li>Alex International for Plastic Industry (Packaging Materials Manufacturing Company)<\/li>\n<li>E certamente, AIMR (Alex International for Mining and Refractories).<\/li>\n<\/ul>\n<p>[\/vc_column_text][\/vc_column_inner][vc_column_inner width=&#8221;1\/2&#8243;][vc_single_image image=&#8221;179&#8243; img_size=&#8221;full&#8221;][\/vc_column_inner][\/vc_row_inner][\/vc_tta_section][vc_tta_section title=&#8221;Valori &#8221; tab_id=&#8221;1466679401520-c815b776-1294&#8243;][vc_row_inner][vc_column_inner width=&#8221;1\/2&#8243;][vc_column_text]<\/p>\n<h4>Valori<\/h4>\n<p>Investiti nel fornire il miglior servizio e prodotti nella nostra nicchia, AIMR si vanta di essere un fornitore mondiale di refrattari e prodotti minerali di alta qualit\u00e0, Ineguagliabile per quanto riguarda i nostri metodi, ti offriamo i migliori materiali disponibili. Mettendo sempre il cliente al primo posto, ci dedichiamo alla vostra soddisfazione.<\/p>\n<p>In AIMR, comprendiamo la necessit\u00e0 di attuare misure significative qui in Egitto e in aggiunta ai paesi e alle comunit\u00e0 in cui operiamo. Utilizzando solo le risorse necessarie, le conserviamo, preserviamo e ripristiniamo quando \u00e9 possibile. Una societ\u00e0 mineraria e refrattaria con un cuore e una coscienza, ci atteniamo ai pi\u00f9 alti standard.[\/vc_column_text][vc_column_text el_class=&#8221;bullets-enabled&#8221;]<\/p>\n<h4>Anche i nostri prodotti sono soggetti agli stessi standard.<\/h4>\n<ul>\n<li>Seguire elevati standard di professionalit\u00e0.<\/li>\n<li>Mettere gli interessi dei clienti davanti alla nostra<\/li>\n<li>Seguire gli standard etici<\/li>\n<li>Preservare le confidenze dei nostri clienti.<\/li>\n<li>Gestire i clienti e le risorse organizzative in modo economicamente efficace.<\/li>\n<li>Migliorare le prestazioni dei clienti in modo significativo.<\/li>\n<li>Seguire un concetto di alta dirigenza.<\/li>\n<li>Usare le reti internazionali per fornire i migliori servizi ai clienti.<\/li>\n<li>Aumentare le capacit\u00e0 del client per migliorare le prestazioni e mantenere il miglioramento.<\/li>\n<li>Costruire relazioni durature basate sull&#8217;onest\u00e0 e sulla fiducia.<\/li>\n<\/ul>\n<p>[\/vc_column_text][\/vc_column_inner][vc_column_inner width=&#8221;1\/2&#8243;][vc_single_image image=&#8221;182&#8243; img_size=&#8221;full&#8221; alignment=&#8221;center&#8221; css=&#8221;.vc_custom_1470559611651{margin-bottom: 0px !important;}&#8221;][vc_single_image image=&#8221;180&#8243; img_size=&#8221;full&#8221; alignment=&#8221;center&#8221;][\/vc_column_inner][\/vc_row_inner][vc_row_inner][vc_column_inner width=&#8221;1\/2&#8243;][\/vc_column_inner][vc_column_inner width=&#8221;1\/2&#8243;][\/vc_column_inner][\/vc_row_inner][\/vc_tta_section][\/vc_tta_tabs][\/vc_column][\/vc_row]<\/p>\n<p><!-- Global site tag (gtag.js) - Google Analytics --><br \/>\n<script async src=\"https:\/\/www.googletagmanager.com\/gtag\/js?id=UA-108906625-1\"><\/script><br \/>\n<script>\n  window.dataLayer = window.dataLayer || [];\n  function gtag(){dataLayer.push(arguments);}\n  gtag('js', new Date());<\/p>\n<p>  gtag('config', 'UA-108906625-1');\n  gtag('config', 'AW-987736642');\n<\/script><br \/>\n<script>\nfunction gtag_report_conversion(url) {\n  var callback = function () {\n    if (typeof(url) != 'undefined') {\n      window.location = url;\n    }\n  };\n  gtag('event', 'conversion', {\n      'send_to': 'AW-987736642\/WMi2CMC2o5ABEMLU_tYD',\n      'event_callback': callback\n  });\n  return false;\n}\n<\/script><br \/>\n<button onclick=\"return gtag_report_conversion(\u2018https:\/\/aimr-mining.com\/it\/contact-us\/')\">Submit<\/button><\/p>\n<\/div>","protected":false},"excerpt":{"rendered":"<p>[vc_row][vc_column][vc_tta_tabs active_section=&#8221;2&#8243;][vc_tta_section title=&#8221;Visione &amp; Missione &#8221; tab_id=&#8221;1466679120217-9e8496d9-95d9&#8243;][vc_row_inner][vc_column_inner width=&#8221;1\/2&#8243;][vc_column_text] Visione Essendo orgoliosi del nostro approccio eco-consapevole e responsabile delle risorse nell\u02bcattivit\u00e0 mineraria, AIMR investe nella costruzione di un futuro sostenibile per la nostra azienda e le nostre comunit\u00e0. La nostra visione \u00e8 quella di diventare il primo ammirato fornitore sostenibile di minerali in tutto il mondo.[\/vc_column_text][vc_column_text] [&hellip;]<\/p>\n","protected":false},"author":1,"featured_media":0,"parent":0,"menu_order":0,"comment_status":"closed","ping_status":"closed","template":"page-home.php","meta":{"footnotes":""},"class_list":["post-1846","page","type-page","status-publish","hentry"],"yoast_head":"<!-- This site is optimized with the Yoast SEO plugin v27.3 - https:\/\/yoast.com\/product\/yoast-seo-wordpress\/ -->\n<title>AIMR | Alex International for Mining and Refractories<\/title>\n<meta name=\"description\" content=\"Alex International for Mining and Refractories Products (AIMR), we invested in building a sustainable future for our company and our communities.\" \/>\n<meta name=\"robots\" content=\"index, follow, max-snippet:-1, max-image-preview:large, max-video-preview:-1\" \/>\n<meta property=\"og:locale\" content=\"it_IT\" \/>\n<meta property=\"og:type\" content=\"article\" \/>\n<meta property=\"og:title\" content=\"AIMR | Alex International for Mining and Refractories\" \/>\n<meta property=\"og:description\" content=\"Alex International for Mining and Refractories Products (AIMR), we invested in building a sustainable future for our company and our communities.\" \/>\n<meta property=\"og:url\" content=\"https:\/\/aimr-mining.com\/it\/\" \/>\n<meta property=\"og:site_name\" content=\"AIMR\" \/>\n<meta property=\"article:modified_time\" content=\"2018-11-28T13:14:19+00:00\" \/>\n<meta name=\"twitter:card\" content=\"summary_large_image\" \/>\n<meta name=\"twitter:label1\" content=\"Tempo di lettura stimato\" \/>\n\t<meta name=\"twitter:data1\" content=\"4 minuti\" \/>\n<script type=\"application\/ld+json\" class=\"yoast-schema-graph\">{\"@context\":\"https:\\\/\\\/schema.org\",\"@graph\":[{\"@type\":\"WebPage\",\"@id\":\"https:\\\/\\\/aimr-mining.com\\\/it\\\/\",\"url\":\"https:\\\/\\\/aimr-mining.com\\\/it\\\/\",\"name\":\"AIMR | Alex International for Mining and Refractories\",\"isPartOf\":{\"@id\":\"https:\\\/\\\/aimr-mining.com\\\/#website\"},\"datePublished\":\"2016-06-21T13:18:26+00:00\",\"dateModified\":\"2018-11-28T13:14:19+00:00\",\"description\":\"Alex International for Mining and Refractories Products (AIMR), we invested in building a sustainable future for our company and our communities.\",\"breadcrumb\":{\"@id\":\"https:\\\/\\\/aimr-mining.com\\\/it\\\/#breadcrumb\"},\"inLanguage\":\"it-IT\",\"potentialAction\":[{\"@type\":\"ReadAction\",\"target\":[\"https:\\\/\\\/aimr-mining.com\\\/it\\\/\"]}]},{\"@type\":\"BreadcrumbList\",\"@id\":\"https:\\\/\\\/aimr-mining.com\\\/it\\\/#breadcrumb\",\"itemListElement\":[{\"@type\":\"ListItem\",\"position\":1,\"name\":\"Home\",\"item\":\"https:\\\/\\\/aimr-mining.com\\\/it\\\/\"},{\"@type\":\"ListItem\",\"position\":2,\"name\":\"Home\"}]},{\"@type\":\"WebSite\",\"@id\":\"https:\\\/\\\/aimr-mining.com\\\/#website\",\"url\":\"https:\\\/\\\/aimr-mining.com\\\/\",\"name\":\"AIMR\",\"description\":\"Alexandria International For Mining and Refractories\",\"potentialAction\":[{\"@type\":\"SearchAction\",\"target\":{\"@type\":\"EntryPoint\",\"urlTemplate\":\"https:\\\/\\\/aimr-mining.com\\\/?s={search_term_string}\"},\"query-input\":{\"@type\":\"PropertyValueSpecification\",\"valueRequired\":true,\"valueName\":\"search_term_string\"}}],\"inLanguage\":\"it-IT\"}]}<\/script>\n<!-- \/ Yoast SEO plugin. -->","yoast_head_json":{"title":"AIMR | Alex International for Mining and Refractories","description":"Alex International for Mining and Refractories Products (AIMR), we invested in building a sustainable future for our company and our communities.","robots":{"index":"index","follow":"follow","max-snippet":"max-snippet:-1","max-image-preview":"max-image-preview:large","max-video-preview":"max-video-preview:-1"},"og_locale":"it_IT","og_type":"article","og_title":"AIMR | Alex International for Mining and Refractories","og_description":"Alex International for Mining and Refractories Products (AIMR), we invested in building a sustainable future for our company and our communities.","og_url":"https:\/\/aimr-mining.com\/it\/","og_site_name":"AIMR","article_modified_time":"2018-11-28T13:14:19+00:00","twitter_card":"summary_large_image","twitter_misc":{"Tempo di lettura stimato":"4 minuti"},"schema":{"@context":"https:\/\/schema.org","@graph":[{"@type":"WebPage","@id":"https:\/\/aimr-mining.com\/it\/","url":"https:\/\/aimr-mining.com\/it\/","name":"AIMR | Alex International for Mining and Refractories","isPartOf":{"@id":"https:\/\/aimr-mining.com\/#website"},"datePublished":"2016-06-21T13:18:26+00:00","dateModified":"2018-11-28T13:14:19+00:00","description":"Alex International for Mining and Refractories Products (AIMR), we invested in building a sustainable future for our company and our communities.","breadcrumb":{"@id":"https:\/\/aimr-mining.com\/it\/#breadcrumb"},"inLanguage":"it-IT","potentialAction":[{"@type":"ReadAction","target":["https:\/\/aimr-mining.com\/it\/"]}]},{"@type":"BreadcrumbList","@id":"https:\/\/aimr-mining.com\/it\/#breadcrumb","itemListElement":[{"@type":"ListItem","position":1,"name":"Home","item":"https:\/\/aimr-mining.com\/it\/"},{"@type":"ListItem","position":2,"name":"Home"}]},{"@type":"WebSite","@id":"https:\/\/aimr-mining.com\/#website","url":"https:\/\/aimr-mining.com\/","name":"AIMR","description":"Alexandria International For Mining and Refractories","potentialAction":[{"@type":"SearchAction","target":{"@type":"EntryPoint","urlTemplate":"https:\/\/aimr-mining.com\/?s={search_term_string}"},"query-input":{"@type":"PropertyValueSpecification","valueRequired":true,"valueName":"search_term_string"}}],"inLanguage":"it-IT"}]}},"_links":{"self":[{"href":"https:\/\/aimr-mining.com\/it\/wp-json\/wp\/v2\/pages\/1846","targetHints":{"allow":["GET"]}}],"collection":[{"href":"https:\/\/aimr-mining.com\/it\/wp-json\/wp\/v2\/pages"}],"about":[{"href":"https:\/\/aimr-mining.com\/it\/wp-json\/wp\/v2\/types\/page"}],"author":[{"embeddable":true,"href":"https:\/\/aimr-mining.com\/it\/wp-json\/wp\/v2\/users\/1"}],"replies":[{"embeddable":true,"href":"https:\/\/aimr-mining.com\/it\/wp-json\/wp\/v2\/comments?post=1846"}],"version-history":[{"count":7,"href":"https:\/\/aimr-mining.com\/it\/wp-json\/wp\/v2\/pages\/1846\/revisions"}],"predecessor-version":[{"id":3543,"href":"https:\/\/aimr-mining.com\/it\/wp-json\/wp\/v2\/pages\/1846\/revisions\/3543"}],"wp:attachment":[{"href":"https:\/\/aimr-mining.com\/it\/wp-json\/wp\/v2\/media?parent=1846"}],"curies":[{"name":"wp","href":"https:\/\/api.w.org\/{rel}","templated":true}]}}