{"id":1144,"date":"2016-06-21T13:18:26","date_gmt":"2016-06-21T13:18:26","guid":{"rendered":"https:\/\/aimr-mining.com\/fr\/home-page\/"},"modified":"2019-03-26T12:02:44","modified_gmt":"2019-03-26T10:02:44","slug":"home-page","status":"publish","type":"page","link":"https:\/\/aimr-mining.com\/fr\/","title":{"rendered":"Home"},"content":{"rendered":"<div class=\"wpb-content-wrapper\"><p>[vc_row][vc_column][vc_tta_tabs active_section=\u00a0\u00bb2&Prime;][vc_tta_section title=\u00a0\u00bbVision &amp; Mission\u00a0\u00bb tab_id=\u00a0\u00bb1466679120217-9e8496d9-95d9&Prime;][vc_row_inner][vc_column_inner width=\u00a0\u00bb1\/2&Prime;][vc_column_text]<\/p>\n<h4>Vision<\/h4>\n<p>Fiers de nos ressources et respectueuse de l&rsquo;approche responsable de l&rsquo;exploitation mini\u00e8re, l&rsquo; AIMR a investi dans la construction d&rsquo;un avenir durable pour notre soci\u00e9t\u00e9 et nos communaut\u00e9s. Nous cherchons \u00e0 avoir une pr\u00e9sence mondiale et devenir le fournisseur num\u00e9ro un de min\u00e9raux et produits r\u00e9fractaires dans le monde entier.[\/vc_column_text][vc_column_text]<\/p>\n<h4>Mission<\/h4>\n<p>L&rsquo;AIMR fournitures et transforme les ressources min\u00e9rales dans la soci\u00e9t\u00e9&rsquo;s building blocks de la civilisation moderne. Nous pr\u00e9server les ressources, l&rsquo;approvisionnement en min\u00e9raux de haute qualit\u00e9, durable et de mise en \u0153uvre de diverses activit\u00e9s visant \u00e0 prot\u00e9ger l&rsquo;environnement.[\/vc_column_text][\/vc_column_inner][vc_column_inner width=\u00a0\u00bb1\/2&Prime;][vc_single_image image=\u00a0\u00bb175&Prime; img_size=\u00a0\u00bbfull\u00a0\u00bb][\/vc_column_inner][\/vc_row_inner][\/vc_tta_section][vc_tta_section title=\u00a0\u00bbPr\u00e9sence mondiale \u00a0\u00bb tab_id=\u00a0\u00bb1466679406794-bd6d4522-d77b\u00a0\u00bb][vc_row_inner][vc_column_inner width=\u00a0\u00bb1\/2&Prime;][vc_column_text]<\/p>\n<h4>Nos produits sont progressivement disponibles dans le monde entier.<\/h4>\n<p>Extension des op\u00e9rations en Europe, aux Etats-Unis et au Canada, nous fournissons des \u00c9gyptiens de qualit\u00e9 du sel de roche, le phosphate de roche, de kaolin calcin\u00e9 avec une impressionnante gamme d&rsquo;autres produits r\u00e9fractaires. L&rsquo;\u00c9gypte est certes riche en min\u00e9raux et dans les sous-produits de ces min\u00e9raux. L&rsquo;AIMR est un chef de file dans l&rsquo;approvisionnement des pays \u00e0 travers le monde avec le meilleur de ces min\u00e9raux et produits r\u00e9fractaires.[\/vc_column_text][vc_single_image image=\u00a0\u00bb39&Prime; img_size=\u00a0\u00bbfull\u00a0\u00bb el_class=\u00a0\u00bbhidden-xs\u00a0\u00bb][\/vc_column_inner][vc_column_inner width=\u00a0\u00bb1\/2&Prime;][vc_single_image image=\u00a0\u00bb40&Prime; img_size=\u00a0\u00bbfull\u00a0\u00bb][\/vc_column_inner][\/vc_row_inner][\/vc_tta_section][vc_tta_section title=\u00a0\u00bbNotre groupe \u00a0\u00bb tab_id=\u00a0\u00bb1466679404693-257563b4-019a\u00a0\u00bb][vc_row_inner][vc_column_inner width=\u00a0\u00bb1\/2&Prime;][vc_column_text el_class=\u00a0\u00bbbullets-enabled\u00a0\u00bb]<\/p>\n<h4>Notre groupe<\/h4>\n<p>Le commerce moderne d&rsquo;Alexandrie, fond\u00e9e en 2006, est devenue l&rsquo;un des top export management et de localisation des entreprises en Egypte. Au centre de l&rsquo;\u00e9conomie mondiale, notre groupe est compos\u00e9 de :<\/p>\n<ul>\n<li>(EIO), soci\u00e9t\u00e9 d&rsquo;\u00e9quipement m\u00e9dical<\/li>\n<li>Ctfa (Soci\u00e9t\u00e9 de gestion des exportations),<\/li>\n<li>International Alex pour l&rsquo;industrie des mati\u00e8res plastiques (mat\u00e9riaux d&#8217;emballage ManufacturingCompany)<\/li>\n<li>Et bien s\u00fbr, l&rsquo;AIMR (Alex pour International Mining &amp; r\u00e9fractaires.)<\/li>\n<\/ul>\n<p>[\/vc_column_text][\/vc_column_inner][vc_column_inner width=\u00a0\u00bb1\/2&Prime;][vc_single_image image=\u00a0\u00bb179&Prime; img_size=\u00a0\u00bbfull\u00a0\u00bb][\/vc_column_inner][\/vc_row_inner][\/vc_tta_section][vc_tta_section title=\u00a0\u00bbValeurs\u00a0\u00bb tab_id=\u00a0\u00bb1466679401520-c815b776-1294&Prime;][vc_row_inner][vc_column_inner width=\u00a0\u00bb1\/2&Prime;][vc_column_text]<\/p>\n<h4>Valeurs<\/h4>\n<p>L&rsquo;AIMR est fier d&rsquo;\u00eatre un fournisseur mondial de mat\u00e9riaux r\u00e9fractaires de haute qualit\u00e9 et de produits min\u00e9raux. lorsqu&rsquo;il s&rsquo;agit de nos m\u00e9thodes, nous vous offrons les meilleurs mat\u00e9riaux disponibles. Toujours mettre le client en premier lieu, nous sommes d\u00e9di\u00e9s \u00e0 votre satisfaction.<\/p>\n<p>Dans l&rsquo;AIMR, nous comprenons la n\u00e9cessit\u00e9 de mettre en \u0153uvre des mesures importantes en Egypte et dans les pays et les communaut\u00e9s dans lesquelles nous op\u00e9rons. Une soci\u00e9t\u00e9 mini\u00e8re et r\u00e9fractaires avec un coeur et une conscience, nous adh\u00e9rons aux normes les plus \u00e9lev\u00e9es.[\/vc_column_text][vc_column_text el_class=\u00a0\u00bbbullets-enabled\u00a0\u00bb]<\/p>\n<h4>Nos produits sont \u00e9galement tenues \u00e0 ces m\u00eames normes.<\/h4>\n<ul>\n<li>Suivre des normes \u00e9lev\u00e9es de professionnalisme<\/li>\n<li>lacer les int\u00e9r\u00eats des clients avant le n\u00f4tre.<\/li>\n<li>Suivre les standards \u00e9thiques.<\/li>\n<li>Pr\u00e9server les confidences de nos clients.<\/li>\n<li>G\u00e9rer les ressources organisationnelles et d&rsquo;une mani\u00e8re rentable.<\/li>\n<li>Am\u00e9liorer la performance des clients de mani\u00e8re significative<\/li>\n<li>Suivre un concept de gestion.<\/li>\n<li>En utilisant les r\u00e9seaux internationaux d&rsquo;offrir les meilleurs services aux clients.<\/li>\n<li>Renforcer les capacit\u00e9s pour am\u00e9liorer les performances du client et maintenir l&rsquo;am\u00e9lioration.<\/li>\n<li>Construire des relations durables fond\u00e9es sur l&rsquo;honn\u00eatet\u00e9 et la confiance.<\/li>\n<\/ul>\n<p>[\/vc_column_text][\/vc_column_inner][vc_column_inner width=\u00a0\u00bb1\/2&Prime;][vc_single_image image=\u00a0\u00bb182&Prime; img_size=\u00a0\u00bbfull\u00a0\u00bb alignment=\u00a0\u00bbcenter\u00a0\u00bb css=\u00a0\u00bb.vc_custom_1470559611651{margin-bottom: 0px !important;}\u00a0\u00bb][vc_single_image image=\u00a0\u00bb180&Prime; img_size=\u00a0\u00bbfull\u00a0\u00bb alignment=\u00a0\u00bbcenter\u00a0\u00bb][\/vc_column_inner][\/vc_row_inner][vc_row_inner][vc_column_inner width=\u00a0\u00bb1\/2&Prime;][\/vc_column_inner][vc_column_inner width=\u00a0\u00bb1\/2&Prime;][\/vc_column_inner][\/vc_row_inner][\/vc_tta_section][\/vc_tta_tabs][\/vc_column][\/vc_row]<\/p>\n<\/div>","protected":false},"excerpt":{"rendered":"<p>[vc_row][vc_column][vc_tta_tabs active_section=\u00a0\u00bb2&Prime;][vc_tta_section title=\u00a0\u00bbVision &amp; Mission\u00a0\u00bb tab_id=\u00a0\u00bb1466679120217-9e8496d9-95d9&Prime;][vc_row_inner][vc_column_inner width=\u00a0\u00bb1\/2&Prime;][vc_column_text] Vision Fiers de nos ressources et respectueuse de l&rsquo;approche responsable de l&rsquo;exploitation mini\u00e8re, l&rsquo; AIMR a investi dans la construction d&rsquo;un avenir durable pour notre soci\u00e9t\u00e9 et nos communaut\u00e9s. Nous cherchons \u00e0 avoir une pr\u00e9sence mondiale et devenir le fournisseur num\u00e9ro un de min\u00e9raux et produits r\u00e9fractaires dans [&hellip;]<\/p>\n","protected":false},"author":1,"featured_media":0,"parent":0,"menu_order":0,"comment_status":"closed","ping_status":"closed","template":"page-home.php","meta":{"footnotes":""},"class_list":["post-1144","page","type-page","status-publish","hentry"],"yoast_head":"<!-- This site is optimized with the Yoast SEO plugin v27.3 - https:\/\/yoast.com\/product\/yoast-seo-wordpress\/ -->\n<title>Home - AIMR<\/title>\n<meta name=\"description\" content=\"Alex International for Mining and Refractories Products (AIMR), we invested in building a sustainable future for our company and our communities.\" \/>\n<meta name=\"robots\" content=\"index, follow, max-snippet:-1, max-image-preview:large, max-video-preview:-1\" \/>\n<meta property=\"og:locale\" content=\"fr_FR\" \/>\n<meta property=\"og:type\" content=\"article\" \/>\n<meta property=\"og:title\" content=\"Home - AIMR\" \/>\n<meta property=\"og:description\" content=\"Alex International for Mining and Refractories Products (AIMR), we invested in building a sustainable future for our company and our communities.\" \/>\n<meta property=\"og:url\" content=\"https:\/\/aimr-mining.com\/fr\/\" \/>\n<meta property=\"og:site_name\" content=\"AIMR\" \/>\n<meta property=\"article:modified_time\" content=\"2019-03-26T10:02:44+00:00\" \/>\n<meta name=\"twitter:card\" content=\"summary_large_image\" \/>\n<meta name=\"twitter:label1\" content=\"Dur\u00e9e de lecture estim\u00e9e\" \/>\n\t<meta name=\"twitter:data1\" content=\"4 minutes\" \/>\n<script type=\"application\/ld+json\" class=\"yoast-schema-graph\">{\"@context\":\"https:\\\/\\\/schema.org\",\"@graph\":[{\"@type\":\"WebPage\",\"@id\":\"https:\\\/\\\/aimr-mining.com\\\/fr\\\/\",\"url\":\"https:\\\/\\\/aimr-mining.com\\\/fr\\\/\",\"name\":\"Home - AIMR\",\"isPartOf\":{\"@id\":\"https:\\\/\\\/aimr-mining.com\\\/#website\"},\"datePublished\":\"2016-06-21T13:18:26+00:00\",\"dateModified\":\"2019-03-26T10:02:44+00:00\",\"description\":\"Alex International for Mining and Refractories Products (AIMR), we invested in building a sustainable future for our company and our communities.\",\"breadcrumb\":{\"@id\":\"https:\\\/\\\/aimr-mining.com\\\/fr\\\/#breadcrumb\"},\"inLanguage\":\"fr-FR\",\"potentialAction\":[{\"@type\":\"ReadAction\",\"target\":[\"https:\\\/\\\/aimr-mining.com\\\/fr\\\/\"]}]},{\"@type\":\"BreadcrumbList\",\"@id\":\"https:\\\/\\\/aimr-mining.com\\\/fr\\\/#breadcrumb\",\"itemListElement\":[{\"@type\":\"ListItem\",\"position\":1,\"name\":\"Home\",\"item\":\"https:\\\/\\\/aimr-mining.com\\\/fr\\\/\"},{\"@type\":\"ListItem\",\"position\":2,\"name\":\"Home\"}]},{\"@type\":\"WebSite\",\"@id\":\"https:\\\/\\\/aimr-mining.com\\\/#website\",\"url\":\"https:\\\/\\\/aimr-mining.com\\\/\",\"name\":\"AIMR\",\"description\":\"Alexandria International For Mining and Refractories\",\"potentialAction\":[{\"@type\":\"SearchAction\",\"target\":{\"@type\":\"EntryPoint\",\"urlTemplate\":\"https:\\\/\\\/aimr-mining.com\\\/?s={search_term_string}\"},\"query-input\":{\"@type\":\"PropertyValueSpecification\",\"valueRequired\":true,\"valueName\":\"search_term_string\"}}],\"inLanguage\":\"fr-FR\"}]}<\/script>\n<!-- \/ Yoast SEO plugin. -->","yoast_head_json":{"title":"Home - AIMR","description":"Alex International for Mining and Refractories Products (AIMR), we invested in building a sustainable future for our company and our communities.","robots":{"index":"index","follow":"follow","max-snippet":"max-snippet:-1","max-image-preview":"max-image-preview:large","max-video-preview":"max-video-preview:-1"},"og_locale":"fr_FR","og_type":"article","og_title":"Home - AIMR","og_description":"Alex International for Mining and Refractories Products (AIMR), we invested in building a sustainable future for our company and our communities.","og_url":"https:\/\/aimr-mining.com\/fr\/","og_site_name":"AIMR","article_modified_time":"2019-03-26T10:02:44+00:00","twitter_card":"summary_large_image","twitter_misc":{"Dur\u00e9e de lecture estim\u00e9e":"4 minutes"},"schema":{"@context":"https:\/\/schema.org","@graph":[{"@type":"WebPage","@id":"https:\/\/aimr-mining.com\/fr\/","url":"https:\/\/aimr-mining.com\/fr\/","name":"Home - AIMR","isPartOf":{"@id":"https:\/\/aimr-mining.com\/#website"},"datePublished":"2016-06-21T13:18:26+00:00","dateModified":"2019-03-26T10:02:44+00:00","description":"Alex International for Mining and Refractories Products (AIMR), we invested in building a sustainable future for our company and our communities.","breadcrumb":{"@id":"https:\/\/aimr-mining.com\/fr\/#breadcrumb"},"inLanguage":"fr-FR","potentialAction":[{"@type":"ReadAction","target":["https:\/\/aimr-mining.com\/fr\/"]}]},{"@type":"BreadcrumbList","@id":"https:\/\/aimr-mining.com\/fr\/#breadcrumb","itemListElement":[{"@type":"ListItem","position":1,"name":"Home","item":"https:\/\/aimr-mining.com\/fr\/"},{"@type":"ListItem","position":2,"name":"Home"}]},{"@type":"WebSite","@id":"https:\/\/aimr-mining.com\/#website","url":"https:\/\/aimr-mining.com\/","name":"AIMR","description":"Alexandria International For Mining and Refractories","potentialAction":[{"@type":"SearchAction","target":{"@type":"EntryPoint","urlTemplate":"https:\/\/aimr-mining.com\/?s={search_term_string}"},"query-input":{"@type":"PropertyValueSpecification","valueRequired":true,"valueName":"search_term_string"}}],"inLanguage":"fr-FR"}]}},"_links":{"self":[{"href":"https:\/\/aimr-mining.com\/fr\/wp-json\/wp\/v2\/pages\/1144","targetHints":{"allow":["GET"]}}],"collection":[{"href":"https:\/\/aimr-mining.com\/fr\/wp-json\/wp\/v2\/pages"}],"about":[{"href":"https:\/\/aimr-mining.com\/fr\/wp-json\/wp\/v2\/types\/page"}],"author":[{"embeddable":true,"href":"https:\/\/aimr-mining.com\/fr\/wp-json\/wp\/v2\/users\/1"}],"replies":[{"embeddable":true,"href":"https:\/\/aimr-mining.com\/fr\/wp-json\/wp\/v2\/comments?post=1144"}],"version-history":[{"count":2,"href":"https:\/\/aimr-mining.com\/fr\/wp-json\/wp\/v2\/pages\/1144\/revisions"}],"predecessor-version":[{"id":3573,"href":"https:\/\/aimr-mining.com\/fr\/wp-json\/wp\/v2\/pages\/1144\/revisions\/3573"}],"wp:attachment":[{"href":"https:\/\/aimr-mining.com\/fr\/wp-json\/wp\/v2\/media?parent=1144"}],"curies":[{"name":"wp","href":"https:\/\/api.w.org\/{rel}","templated":true}]}}