{"id":1143,"date":"2016-06-22T10:30:32","date_gmt":"2016-06-22T10:30:32","guid":{"rendered":"https:\/\/aimr-mining.com\/fr\/about-us\/"},"modified":"2019-03-28T14:16:12","modified_gmt":"2019-03-28T12:16:12","slug":"about-us","status":"publish","type":"page","link":"https:\/\/aimr-mining.com\/fr\/about-us\/","title":{"rendered":"About us"},"content":{"rendered":"<div class=\"wpb-content-wrapper\"><p>[vc_row full_width=\u00a0\u00bbstretch_row\u00a0\u00bb css=\u00a0\u00bb.vc_custom_1470645079514{padding-top: 0px !important;background: #6b7b81 url(https:\/\/aimr-mining.com\/\/wp-content\/uploads\/2016\/06\/about-bg.jpg?id=53) !important;background-position: center !important;background-repeat: no-repeat !important;background-size: cover !important;}\u00a0\u00bb el_class=\u00a0\u00bbdark-section section\u00a0\u00bb el_id=\u00a0\u00bbour-company-section \u00ab\u00a0][vc_column][vc_column_text el_class=\u00a0\u00bbheader\u00a0\u00bb]<\/p>\n<h2 style=\"text-align: center;\">Notre entreprise <span class=\"ahr\">Alex International pour l&rsquo;exploitation mini\u00e8re et r\u00e9fractaires <span class=\"ahrr\">(AIMR)<\/span><\/span><\/h2>\n<p>[\/vc_column_text][vc_row_inner][vc_column_inner width=\u00a0\u00bb1\/6&Prime;][\/vc_column_inner][vc_column_inner width=\u00a0\u00bb2\/3&Prime;][vc_column_text]<\/p>\n<p style=\"text-align: center;\">L&rsquo;AIMR a \u00e9t\u00e9 cr\u00e9\u00e9 en 2010 en tant que filiale de la CTFA (www.amtc.com.eg), une soci\u00e9t\u00e9 sp\u00e9cialis\u00e9e dans l&rsquo;exploitation mini\u00e8re et de la fabrication de produits r\u00e9fractaires. Visant \u00e0 \u00e9tablir une pr\u00e9sence mondiale en tant que premier fournisseur de min\u00e9raux extraits de diff\u00e9rents pays, nous sommes fiers de les ressources auxquelles nous avons acc\u00e8s et la qualit\u00e9 des produits que nous offrons. Bas\u00e9e \u00e0 Alexandrie en \u00c9gypte, et ayant \u00e9tabli des succursales dans les USA, la Chine et les \u00c9MIRATS ARABES UNIS, nous sommes en mesure d&rsquo;assurer le service de tous les pays du monde.<\/p>\n<p style=\"text-align: center;\">Tout au long des ann\u00e9es de l&rsquo;AIMR a r\u00e9ussi \u00e0 enrichir la gamme de produits fournis y compris le Kaolin, gros sel de roche, des phosphates naturels, talc, feldspath, Quartz, gypse et r\u00e9fractaires Castables, mortier, et de briques.<\/p>\n<p style=\"text-align: center;\">La philosophie de notre entreprise est d&rsquo;atteindre actifs tout au long de la cha\u00eene de valeur, de la simple exploration \u00e0 l&rsquo;exploitation des mines pour les producteurs et les exportateurs. Notre entreprise suit une strat\u00e9gie d&rsquo;acquisition du march\u00e9 l&rsquo;\u00e9quilibre \u00e0 maintenir vale pour ses actionnaires.<\/p>\n<p style=\"text-align: center;\">Si les produits sont livr\u00e9s en vrac comme sel gemme, phosphate de calcium, le Kaolin ou besoin d&rsquo;arrangements sp\u00e9ciaux d&#8217;emballage, de la cha\u00eene d&rsquo;AIMR maintient le taux d&rsquo;approvisionnement exceptionnelle en termes de quantit\u00e9s et de commodit\u00e9 emplacement incomparable atteinte \u00e0 nos clients et distributeurs<br \/>\nL&rsquo;AIMR&rsquo;s team a des ann\u00e9es d&rsquo;exp\u00e9rience et de l&rsquo;exp\u00e9rience dans l&rsquo;exploitation mini\u00e8re et des ressources min\u00e9rales. La soci\u00e9t\u00e9 a \u00e9galement d\u00e9velopp\u00e9 des relations avec d&rsquo;importants acteurs de l&rsquo;industrie, les partenaires internationaux,et des intervenants du gouvernement.<\/p>\n<p style=\"text-align: center;\">Dans l&rsquo;AIMR nous sommes tout \u00e0 fait confiants que nous avons l&rsquo;exp\u00e9rience d&rsquo;entra\u00eenement et de s&rsquo;acquitter de son mandat et de rester parmi les meilleurs de l&rsquo;industrie mini\u00e8re et du secteur des ressources humaines.<\/p>\n<p>[\/vc_column_text][\/vc_column_inner][vc_column_inner width=\u00a0\u00bb1\/6&Prime;][\/vc_column_inner][\/vc_row_inner][\/vc_column][\/vc_row][vc_row el_class=\u00a0\u00bbsection\u00a0\u00bb][vc_column][vc_tta_tour][vc_tta_section title=\u00a0\u00bbPr\u00e9sence mondiale \u00a0\u00bb tab_id=\u00a0\u00bbglobal-presence-section\u00a0\u00bb][vc_row_inner css=\u00a0\u00bb.vc_custom_1466689850484{padding-bottom: 50px !important;}\u00a0\u00bb][vc_column_inner width=\u00a0\u00bb1\/3&Prime;][vc_single_image image=\u00a0\u00bb39&Prime; img_size=\u00a0\u00bbfull\u00a0\u00bb][\/vc_column_inner][vc_column_inner width=\u00a0\u00bb2\/3&Prime;][vc_column_text]<\/p>\n<h5>Our products are steadily becoming available all over the world.<\/h5>\n<p>Offres sur le march\u00e9 sont en constante \u00e9volution : certains march\u00e9s se d\u00e9veloppent, d&rsquo;autres \u00e9mergent, et une certaine exp\u00e9rience des am\u00e9liorations. Nos clients \u00e9voluent et o\u00f9 certains d\u00e9placements vers d&rsquo;autres lieux et d&rsquo;autres d\u00e9placent leurs op\u00e9rations \u00e0 l&rsquo;\u00e9chelle internationale. N&rsquo;importe ce que leur stade de d\u00e9veloppement est ou o\u00f9 ils sont situ\u00e9s, pour l&rsquo;exploitation mini\u00e8re et l&rsquo;International Alex \u00ab\u00a0r\u00e9fractaires de l&rsquo;AIMR\u00a0\u00bb offre le meilleur soutien et services pour leur croissance. C&rsquo;est la principale raison pour laquelle notre entreprise est en constante expansion au niveau international, comme nous aligner la plate-forme de production bas\u00e9 sur les tendances du march\u00e9 et les demandes des clients.[\/vc_column_text][\/vc_column_inner][\/vc_row_inner][vc_row_inner][vc_column_inner width=\u00a0\u00bb1\/2&Prime;][vc_column_text]Nos produits sont progressivement disponibles dans le monde entier. Extension des op\u00e9rations en Europe, aux Etats-Unis et au Canada, nous fournissons des \u00c9gyptiens de qualit\u00e9 du sel de roche, le phosphate de roche, de kaolin calcin\u00e9 avec une impressionnante gamme d&rsquo;autres produits r\u00e9fractaires. L&rsquo;\u00c9gypte est certes riche en min\u00e9raux et dans les sous-produits de ces min\u00e9raux. L&rsquo;AIMR est un chef de file dans l&rsquo;approvisionnement des pays \u00e0 travers le monde avec le meilleur de ces min\u00e9raux et produits r\u00e9fractaires.[\/vc_column_text][\/vc_column_inner][vc_column_inner width=\u00a0\u00bb1\/2&Prime;][vc_single_image image=\u00a0\u00bb40&Prime; img_size=\u00a0\u00bbfull\u00a0\u00bb][\/vc_column_inner][\/vc_row_inner][\/vc_tta_section][vc_tta_section title=\u00a0\u00bbVision &amp; Mission\u00a0\u00bb tab_id=\u00a0\u00bbvision-mission-section\u00a0\u00bb][vc_row_inner][vc_column_inner width=\u00a0\u00bb1\/2&Prime;][vc_column_text]<\/p>\n<h4>Vision<\/h4>\n<p>Fiers de nos ressources et respectueuse de l&rsquo;approche responsable de l&rsquo;exploitation mini\u00e8re, l&rsquo; AIMR a investi dans la construction d&rsquo;un avenir durable pour notre soci\u00e9t\u00e9 et nos communaut\u00e9s. Nous cherchons \u00e0 avoir une pr\u00e9sence mondiale et devenir le fournisseur num\u00e9ro un de min\u00e9raux et produits r\u00e9fractaires dans le monde entier.[\/vc_column_text][vc_column_text]<\/p>\n<h4>Mission<\/h4>\n<p>L&rsquo;AIMR fournitures et transforme les ressources min\u00e9rales dans la soci\u00e9t\u00e9&rsquo;s building blocks de la civilisation moderne. Nous pr\u00e9server les ressources, l&rsquo;approvisionnement en min\u00e9raux de haute qualit\u00e9, durable et de mise en \u0153uvre de diverses activit\u00e9s visant \u00e0 prot\u00e9ger l&rsquo;environnement.[\/vc_column_text][\/vc_column_inner][vc_column_inner width=\u00a0\u00bb1\/2&Prime;][vc_single_image image=\u00a0\u00bb175&Prime; img_size=\u00a0\u00bbfull\u00a0\u00bb alignment=\u00a0\u00bbcenter\u00a0\u00bb][\/vc_column_inner][\/vc_row_inner][\/vc_tta_section][vc_tta_section title=\u00a0\u00bbNotre groupe \u00a0\u00bb tab_id=\u00a0\u00bbour-group-section\u00a0\u00bb][vc_row_inner][vc_column_inner width=\u00a0\u00bb1\/2&Prime;][vc_column_text]<\/p>\n<h4>Notre groupe<\/h4>\n<p>Le commerce moderne d&rsquo;Alexandrie, fond\u00e9e en 2006, est devenue l&rsquo;un des top export management et de localisation des entreprises en Egypte. Au centre de l&rsquo;\u00e9conomie mondiale, notre groupe est compos\u00e9 de :[\/vc_column_text][vc_column_text el_class=\u00a0\u00bbbullets-enabled\u00a0\u00bb]<\/p>\n<ul>\n<li>(EIO), soci\u00e9t\u00e9 d&rsquo;\u00e9quipement m\u00e9dical<\/li>\n<li>Ctfa (Soci\u00e9t\u00e9 de gestion des exportations),<\/li>\n<li>International Alex pour l&rsquo;industrie des mati\u00e8res plastiques (mat\u00e9riaux d&#8217;emballage ManufacturingCompany)<\/li>\n<li>Et bien s\u00fbr, l&rsquo;AIMR (Alex pour International Mining &amp; r\u00e9fractaires.)<\/li>\n<\/ul>\n<p>[\/vc_column_text][\/vc_column_inner][vc_column_inner width=\u00a0\u00bb1\/2&Prime;][vc_single_image image=\u00a0\u00bb179&Prime; img_size=\u00a0\u00bbfull\u00a0\u00bb alignment=\u00a0\u00bbcenter\u00a0\u00bb][\/vc_column_inner][\/vc_row_inner][\/vc_tta_section][vc_tta_section title=\u00a0\u00bbValeurs \u00a0\u00bb tab_id=\u00a0\u00bbvalues-section\u00a0\u00bb][vc_row_inner][vc_column_inner width=\u00a0\u00bb1\/2&Prime;][vc_column_text]<\/p>\n<h4>Valeurs<\/h4>\n<p>L&rsquo;AIMR est fier d&rsquo;\u00eatre un fournisseur mondial de mat\u00e9riaux r\u00e9fractaires de haute qualit\u00e9 et de produits min\u00e9raux. lorsqu&rsquo;il s&rsquo;agit de nos m\u00e9thodes, nous vous offrons les meilleurs mat\u00e9riaux disponibles. Toujours mettre le client en premier lieu, nous sommes d\u00e9di\u00e9s \u00e0 votre satisfaction.<\/p>\n<p>Dans l&rsquo;AIMR, nous comprenons la n\u00e9cessit\u00e9 de mettre en \u0153uvre des mesures importantes en Egypte et dans les pays et les communaut\u00e9s dans lesquelles nous op\u00e9rons. Une soci\u00e9t\u00e9 mini\u00e8re et r\u00e9fractaires avec un coeur et une conscience, nous adh\u00e9rons aux normes les plus \u00e9lev\u00e9es. Nos produits sont \u00e9galement tenues \u00e0 ces m\u00eames normes.[\/vc_column_text][vc_column_text el_class=\u00a0\u00bbbullets-enabled\u00a0\u00bb]<\/p>\n<h4>Our products likewise are held to those same standards.<\/h4>\n<ul>\n<li>Suivre des normes \u00e9lev\u00e9es de professionnalisme<\/li>\n<li>Placer les int\u00e9r\u00eats des clients avant le n\u00f4tre.<\/li>\n<li>Suivre les standards \u00e9thiques.<\/li>\n<li>Pr\u00e9server les confidences de nos clients.<\/li>\n<li>G\u00e9rer les ressources organisationnelles et d&rsquo;une mani\u00e8re rentable.<\/li>\n<li>Am\u00e9liorer la performance des clients de mani\u00e8re significative<\/li>\n<li>Suivre un concept de gestion.<\/li>\n<li>En utilisant les r\u00e9seaux internationaux d&rsquo;offrir les meilleurs services aux clients.<\/li>\n<li>Renforcer les capacit\u00e9s pour am\u00e9liorer les performances du client et maintenir l&rsquo;am\u00e9lioration.<\/li>\n<li>Construire des relations durables fond\u00e9es sur l&rsquo;honn\u00eatet\u00e9 et la confiance.<\/li>\n<\/ul>\n<p>[\/vc_column_text][\/vc_column_inner][vc_column_inner width=\u00a0\u00bb1\/2&Prime;][vc_single_image image=\u00a0\u00bb182&Prime; img_size=\u00a0\u00bbfull\u00a0\u00bb alignment=\u00a0\u00bbcenter\u00a0\u00bb][vc_single_image image=\u00a0\u00bb180&Prime; img_size=\u00a0\u00bbfull\u00a0\u00bb alignment=\u00a0\u00bbcenter\u00a0\u00bb][\/vc_column_inner][\/vc_row_inner][\/vc_tta_section][\/vc_tta_tour][\/vc_column][\/vc_row][vc_row full_width=\u00a0\u00bbstretch_row\u00a0\u00bb el_class=\u00a0\u00bbsection dark-section\u00a0\u00bb css=\u00a0\u00bb.vc_custom_1470645552747{background: #092840 url(https:\/\/aimr-mining.com\/\/wp-content\/uploads\/2016\/06\/seo-about-bg.jpg?id=62) !important;background-position: center !important;background-repeat: no-repeat !important;background-size: cover !important;}\u00a0\u00bb el_id=\u00a0\u00bbword-ceo\u00a0\u00bb][vc_column width=\u00a0\u00bb1\/6&Prime;][\/vc_column][vc_column width=\u00a0\u00bb2\/3&Prime;][vc_single_image image=\u00a0\u00bb63&Prime; img_size=\u00a0\u00bbfull\u00a0\u00bb alignment=\u00a0\u00bbcenter\u00a0\u00bb el_class=\u00a0\u00bbheader-icon\u00a0\u00bb][vc_column_text el_class=\u00a0\u00bbheader\u00a0\u00bb]<\/p>\n<h2 style=\"text-align: center;\">Mots de notre chef<\/h2>\n<p>[\/vc_column_text][vc_column_text]<\/p>\n<p style=\"text-align: center;\">Nous nous tenons derri\u00e8re notre nom, notre r\u00e9putation et nos produits. En utilisant uniquement des techniques et des m\u00e9thodes de pointe, nous nous effor\u00e7ons de cr\u00e9er un bastion dans le min\u00e9ral et l&rsquo;industrie des r\u00e9fractaires. B\u00e9n\u00e9ficiant d&rsquo;un impressionnant r\u00e9seau d&#8217;employ\u00e9s, personnel, fournisseurs et distributeurs, nous pouvons sans doute juste au sujet de n&rsquo;importe quel service besoin de votre entreprise ou une industrie peut avoir quand il s&rsquo;agit de ce que nous offrons.<\/p>\n<p style=\"text-align: center;\">Refusant de se contenter de moins que le meilleur en service et garanties, nous nous effor\u00e7ons constamment d&rsquo;am\u00e9liorer et de faire mieux. C&rsquo;est mon mot \u00e0 vous et ma promesse de l&rsquo;industrie min\u00e9rale et r\u00e9fractaire \u00e0 l&rsquo;\u00e9chelle mondiale.<\/p>\n<p>[\/vc_column_text][vc_single_image image=\u00a0\u00bb795&Prime; img_size=\u00a0\u00bbfull\u00a0\u00bb alignment=\u00a0\u00bbcenter\u00a0\u00bb css=\u00a0\u00bb.vc_custom_1471170111990{padding-top: 10px !important;}\u00a0\u00bb][\/vc_column][vc_column width=\u00a0\u00bb1\/6&Prime;][\/vc_column][\/vc_row]<\/p>\n<\/div>","protected":false},"excerpt":{"rendered":"<p>[vc_row full_width=\u00a0\u00bbstretch_row\u00a0\u00bb css=\u00a0\u00bb.vc_custom_1470645079514{padding-top: 0px !important;background: #6b7b81 url(https:\/\/aimr-mining.com\/\/wp-content\/uploads\/2016\/06\/about-bg.jpg?id=53) !important;background-position: center !important;background-repeat: no-repeat !important;background-size: cover !important;}\u00a0\u00bb el_class=\u00a0\u00bbdark-section section\u00a0\u00bb el_id=\u00a0\u00bbour-company-section \u00ab\u00a0][vc_column][vc_column_text el_class=\u00a0\u00bbheader\u00a0\u00bb] Notre entreprise Alex International pour l&rsquo;exploitation mini\u00e8re et r\u00e9fractaires (AIMR) [\/vc_column_text][vc_row_inner][vc_column_inner width=\u00a0\u00bb1\/6&Prime;][\/vc_column_inner][vc_column_inner width=\u00a0\u00bb2\/3&Prime;][vc_column_text] L&rsquo;AIMR a \u00e9t\u00e9 cr\u00e9\u00e9 en 2010 en tant que filiale de la CTFA (www.amtc.com.eg), une soci\u00e9t\u00e9 sp\u00e9cialis\u00e9e dans l&rsquo;exploitation mini\u00e8re et de la [&hellip;]<\/p>\n","protected":false},"author":1,"featured_media":930,"parent":0,"menu_order":0,"comment_status":"closed","ping_status":"closed","template":"","meta":{"footnotes":""},"class_list":["post-1143","page","type-page","status-publish","has-post-thumbnail","hentry"],"yoast_head":"<!-- This site is optimized with the Yoast SEO plugin v27.3 - https:\/\/yoast.com\/product\/yoast-seo-wordpress\/ -->\n<title>About us - AIMR<\/title>\n<meta name=\"description\" content=\"Alex International for Mining and Refractories Products (AIMR), we invested in building a sustainable future for our company and our communities.\" \/>\n<meta name=\"robots\" content=\"index, follow, max-snippet:-1, max-image-preview:large, max-video-preview:-1\" \/>\n<meta property=\"og:locale\" content=\"fr_FR\" \/>\n<meta property=\"og:type\" content=\"article\" \/>\n<meta property=\"og:title\" content=\"About us - AIMR\" \/>\n<meta property=\"og:description\" content=\"Alex International for Mining and Refractories Products (AIMR), we invested in building a sustainable future for our company and our communities.\" \/>\n<meta property=\"og:url\" content=\"https:\/\/aimr-mining.com\/fr\/about-us\/\" \/>\n<meta property=\"og:site_name\" content=\"AIMR\" \/>\n<meta property=\"article:modified_time\" content=\"2019-03-28T12:16:12+00:00\" \/>\n<meta property=\"og:image\" content=\"https:\/\/aimr-mining.com\/wp-content\/uploads\/2016\/06\/about-banner.jpg\" \/>\n\t<meta property=\"og:image:width\" content=\"1920\" \/>\n\t<meta property=\"og:image:height\" content=\"251\" \/>\n\t<meta property=\"og:image:type\" content=\"image\/jpeg\" \/>\n<meta name=\"twitter:card\" content=\"summary_large_image\" \/>\n<meta name=\"twitter:label1\" content=\"Dur\u00e9e de lecture estim\u00e9e\" \/>\n\t<meta name=\"twitter:data1\" content=\"8 minutes\" \/>\n<script type=\"application\/ld+json\" class=\"yoast-schema-graph\">{\"@context\":\"https:\\\/\\\/schema.org\",\"@graph\":[{\"@type\":\"WebPage\",\"@id\":\"https:\\\/\\\/aimr-mining.com\\\/fr\\\/about-us\\\/\",\"url\":\"https:\\\/\\\/aimr-mining.com\\\/fr\\\/about-us\\\/\",\"name\":\"About us - AIMR\",\"isPartOf\":{\"@id\":\"https:\\\/\\\/aimr-mining.com\\\/#website\"},\"primaryImageOfPage\":{\"@id\":\"https:\\\/\\\/aimr-mining.com\\\/fr\\\/about-us\\\/#primaryimage\"},\"image\":{\"@id\":\"https:\\\/\\\/aimr-mining.com\\\/fr\\\/about-us\\\/#primaryimage\"},\"thumbnailUrl\":\"https:\\\/\\\/aimr-mining.com\\\/wp-content\\\/uploads\\\/2016\\\/06\\\/about-banner.jpg\",\"datePublished\":\"2016-06-22T10:30:32+00:00\",\"dateModified\":\"2019-03-28T12:16:12+00:00\",\"description\":\"Alex International for Mining and Refractories Products (AIMR), we invested in building a sustainable future for our company and our communities.\",\"breadcrumb\":{\"@id\":\"https:\\\/\\\/aimr-mining.com\\\/fr\\\/about-us\\\/#breadcrumb\"},\"inLanguage\":\"fr-FR\",\"potentialAction\":[{\"@type\":\"ReadAction\",\"target\":[\"https:\\\/\\\/aimr-mining.com\\\/fr\\\/about-us\\\/\"]}]},{\"@type\":\"ImageObject\",\"inLanguage\":\"fr-FR\",\"@id\":\"https:\\\/\\\/aimr-mining.com\\\/fr\\\/about-us\\\/#primaryimage\",\"url\":\"https:\\\/\\\/aimr-mining.com\\\/wp-content\\\/uploads\\\/2016\\\/06\\\/about-banner.jpg\",\"contentUrl\":\"https:\\\/\\\/aimr-mining.com\\\/wp-content\\\/uploads\\\/2016\\\/06\\\/about-banner.jpg\",\"width\":1920,\"height\":251},{\"@type\":\"BreadcrumbList\",\"@id\":\"https:\\\/\\\/aimr-mining.com\\\/fr\\\/about-us\\\/#breadcrumb\",\"itemListElement\":[{\"@type\":\"ListItem\",\"position\":1,\"name\":\"Home\",\"item\":\"https:\\\/\\\/aimr-mining.com\\\/fr\\\/\"},{\"@type\":\"ListItem\",\"position\":2,\"name\":\"About us\"}]},{\"@type\":\"WebSite\",\"@id\":\"https:\\\/\\\/aimr-mining.com\\\/#website\",\"url\":\"https:\\\/\\\/aimr-mining.com\\\/\",\"name\":\"AIMR\",\"description\":\"Alexandria International For Mining and Refractories\",\"potentialAction\":[{\"@type\":\"SearchAction\",\"target\":{\"@type\":\"EntryPoint\",\"urlTemplate\":\"https:\\\/\\\/aimr-mining.com\\\/?s={search_term_string}\"},\"query-input\":{\"@type\":\"PropertyValueSpecification\",\"valueRequired\":true,\"valueName\":\"search_term_string\"}}],\"inLanguage\":\"fr-FR\"}]}<\/script>\n<!-- \/ Yoast SEO plugin. -->","yoast_head_json":{"title":"About us - AIMR","description":"Alex International for Mining and Refractories Products (AIMR), we invested in building a sustainable future for our company and our communities.","robots":{"index":"index","follow":"follow","max-snippet":"max-snippet:-1","max-image-preview":"max-image-preview:large","max-video-preview":"max-video-preview:-1"},"og_locale":"fr_FR","og_type":"article","og_title":"About us - AIMR","og_description":"Alex International for Mining and Refractories Products (AIMR), we invested in building a sustainable future for our company and our communities.","og_url":"https:\/\/aimr-mining.com\/fr\/about-us\/","og_site_name":"AIMR","article_modified_time":"2019-03-28T12:16:12+00:00","og_image":[{"width":1920,"height":251,"url":"https:\/\/aimr-mining.com\/wp-content\/uploads\/2016\/06\/about-banner.jpg","type":"image\/jpeg"}],"twitter_card":"summary_large_image","twitter_misc":{"Dur\u00e9e de lecture estim\u00e9e":"8 minutes"},"schema":{"@context":"https:\/\/schema.org","@graph":[{"@type":"WebPage","@id":"https:\/\/aimr-mining.com\/fr\/about-us\/","url":"https:\/\/aimr-mining.com\/fr\/about-us\/","name":"About us - AIMR","isPartOf":{"@id":"https:\/\/aimr-mining.com\/#website"},"primaryImageOfPage":{"@id":"https:\/\/aimr-mining.com\/fr\/about-us\/#primaryimage"},"image":{"@id":"https:\/\/aimr-mining.com\/fr\/about-us\/#primaryimage"},"thumbnailUrl":"https:\/\/aimr-mining.com\/wp-content\/uploads\/2016\/06\/about-banner.jpg","datePublished":"2016-06-22T10:30:32+00:00","dateModified":"2019-03-28T12:16:12+00:00","description":"Alex International for Mining and Refractories Products (AIMR), we invested in building a sustainable future for our company and our communities.","breadcrumb":{"@id":"https:\/\/aimr-mining.com\/fr\/about-us\/#breadcrumb"},"inLanguage":"fr-FR","potentialAction":[{"@type":"ReadAction","target":["https:\/\/aimr-mining.com\/fr\/about-us\/"]}]},{"@type":"ImageObject","inLanguage":"fr-FR","@id":"https:\/\/aimr-mining.com\/fr\/about-us\/#primaryimage","url":"https:\/\/aimr-mining.com\/wp-content\/uploads\/2016\/06\/about-banner.jpg","contentUrl":"https:\/\/aimr-mining.com\/wp-content\/uploads\/2016\/06\/about-banner.jpg","width":1920,"height":251},{"@type":"BreadcrumbList","@id":"https:\/\/aimr-mining.com\/fr\/about-us\/#breadcrumb","itemListElement":[{"@type":"ListItem","position":1,"name":"Home","item":"https:\/\/aimr-mining.com\/fr\/"},{"@type":"ListItem","position":2,"name":"About us"}]},{"@type":"WebSite","@id":"https:\/\/aimr-mining.com\/#website","url":"https:\/\/aimr-mining.com\/","name":"AIMR","description":"Alexandria International For Mining and Refractories","potentialAction":[{"@type":"SearchAction","target":{"@type":"EntryPoint","urlTemplate":"https:\/\/aimr-mining.com\/?s={search_term_string}"},"query-input":{"@type":"PropertyValueSpecification","valueRequired":true,"valueName":"search_term_string"}}],"inLanguage":"fr-FR"}]}},"_links":{"self":[{"href":"https:\/\/aimr-mining.com\/fr\/wp-json\/wp\/v2\/pages\/1143","targetHints":{"allow":["GET"]}}],"collection":[{"href":"https:\/\/aimr-mining.com\/fr\/wp-json\/wp\/v2\/pages"}],"about":[{"href":"https:\/\/aimr-mining.com\/fr\/wp-json\/wp\/v2\/types\/page"}],"author":[{"embeddable":true,"href":"https:\/\/aimr-mining.com\/fr\/wp-json\/wp\/v2\/users\/1"}],"replies":[{"embeddable":true,"href":"https:\/\/aimr-mining.com\/fr\/wp-json\/wp\/v2\/comments?post=1143"}],"version-history":[{"count":2,"href":"https:\/\/aimr-mining.com\/fr\/wp-json\/wp\/v2\/pages\/1143\/revisions"}],"predecessor-version":[{"id":3643,"href":"https:\/\/aimr-mining.com\/fr\/wp-json\/wp\/v2\/pages\/1143\/revisions\/3643"}],"wp:featuredmedia":[{"embeddable":true,"href":"https:\/\/aimr-mining.com\/fr\/wp-json\/wp\/v2\/media\/930"}],"wp:attachment":[{"href":"https:\/\/aimr-mining.com\/fr\/wp-json\/wp\/v2\/media?parent=1143"}],"curies":[{"name":"wp","href":"https:\/\/api.w.org\/{rel}","templated":true}]}}