{"id":1142,"date":"2016-06-22T10:32:03","date_gmt":"2016-06-22T10:32:03","guid":{"rendered":"https:\/\/aimr-mining.com\/fr\/becoming-our-supplier\/"},"modified":"2019-03-28T13:54:12","modified_gmt":"2019-03-28T11:54:12","slug":"becoming-our-supplier","status":"publish","type":"page","link":"https:\/\/aimr-mining.com\/fr\/becoming-our-supplier\/","title":{"rendered":"Devenir un de nos fournisseurs"},"content":{"rendered":"<div class=\"wpb-content-wrapper\"><p>[vc_row full_width=\u00a0\u00bbstretch_row\u00a0\u00bb el_class=\u00a0\u00bbsection dark-section\u00a0\u00bb css=\u00a0\u00bb.vc_custom_1466691877193{padding-top: 20px !important;background: #6b7b81 url(https:\/\/aimr-mining.com\/\/wp-content\/uploads\/2016\/06\/become-supplier-bg.jpg?id=67) !important;background-position: center !important;background-repeat: no-repeat !important;background-size: cover !important;}\u00a0\u00bb][vc_column width=\u00a0\u00bb1\/4&Prime;][\/vc_column][vc_column width=\u00a0\u00bb1\/2&Prime;][vc_column_text el_class=\u00a0\u00bbheader\u00a0\u00bb]<\/p>\n<h2 style=\"text-align: center;\">Devenir un de<\/h2>\n<h3 style=\"text-align: center;\">nos fournisseurs<\/h3>\n<p>[\/vc_column_text][vc_column_text]<\/p>\n<p style=\"text-align: center;\">Dans l&rsquo;AIMR Nous sommes fiers de la qualit\u00e9 de nos produits ; nos mat\u00e9riaux sont tr\u00e8s pris\u00e9s parce que nous avons soigneusement l&rsquo;EFP et l&rsquo;interview tous les fournisseurs potentiels.<\/p>\n<p>[\/vc_column_text][\/vc_column][vc_column width=\u00a0\u00bb1\/4&Prime;][\/vc_column][\/vc_row][vc_row full_width=\u00a0\u00bbstretch_row_content\u00a0\u00bb equal_height=\u00a0\u00bbyes\u00a0\u00bb css=\u00a0\u00bb.vc_custom_1468141872493{background-color: #d2d2d2 !important;}\u00a0\u00bb][vc_column width=\u00a0\u00bb1\/2&Prime; css=\u00a0\u00bb.vc_custom_1468145031864{padding-top: 0px !important;padding-right: 0px !important;padding-bottom: 0px !important;padding-left: 0px !important;background-color: #e8eaea !important;}\u00a0\u00bb][vc_column_text css=\u00a0\u00bb.vc_custom_1553773727810{margin-top: 0px !important;margin-bottom: 0px !important;padding-top: 100px !important;padding-right: 70px !important;padding-bottom: 140px !important;background-color: #f3f4f4 !important;}\u00a0\u00bb el_class=\u00a0\u00bbpush-padding-left\u00a0\u00bb]<\/p>\n<h5>Nous sommes heureux d&rsquo;annoncer le lancement de l&rsquo;exploitation mini\u00e8re durable, programme ou SMP, qui s&rsquo;appuie sur s&rsquo;\u00e9tablit notre travail pr\u00e9alable avec les fournisseurs pour am\u00e9liorer le respect des piliers de notre Code de conduite des fournisseurs y compris:<\/h5>\n<ul>\n<li>Les pratiques en mati\u00e8re de droits du travail<\/li>\n<li>La sant\u00e9 et la s\u00e9curit\u00e9 dans l&rsquo;environnement de travail<\/li>\n<li>Respect de l&rsquo;environnement<\/li>\n<li>L&rsquo;exploitation mini\u00e8re responsable des ressources<\/li>\n<li>L&rsquo;int\u00e9grit\u00e9 de l&rsquo;entreprise<\/li>\n<li>Niveau constant de qualit\u00e9<\/li>\n<li>L&rsquo;efficacit\u00e9 de la cha\u00eene<\/li>\n<\/ul>\n<p>[\/vc_column_text][vc_column_text css=\u00a0\u00bb.vc_custom_1553773969988{margin-top: 0px !important;margin-bottom: 0px !important;padding-top: 100px !important;padding-right: 70px !important;padding-bottom: 140px !important;background-color: #e8eaea !important;}\u00a0\u00bb el_class=\u00a0\u00bbpush-padding-left list-column-2&Prime;]<\/p>\n<h5>Nous sommes dans le besoin continu de la chaux, les fournisseurs, les fabricants et les propri\u00e9taires des mines pour une large gamme de mat\u00e9riaux et min\u00e9raux couvrant :<\/h5>\n<ul>\n<li>Kaolin<\/li>\n<li>Salt Rock<\/li>\n<li>Le feldspath<\/li>\n<li>Le spathfluor<\/li>\n<li>L&rsquo;ilm\u00e9nite<\/li>\n<li>Silica<\/li>\n<li>La bauxite<\/li>\n<li>L&rsquo;andalousite<\/li>\n<li>La Mullite<\/li>\n<li>La Dolomite<\/li>\n<li>Encro\u00fbtements<\/li>\n<li>Le gypse<\/li>\n<li>Le carbonate de calcium<\/li>\n<li>Le talc<\/li>\n<li>La bentonite<\/li>\n<li>La barytine<\/li>\n<li>Les roches de phosphate<\/li>\n<\/ul>\n<p>[\/vc_column_text][\/vc_column][vc_column width=\u00a0\u00bb1\/2&Prime; el_class=\u00a0\u00bbpush-padding-right\u00a0\u00bb css=\u00a0\u00bb.vc_custom_1468144061555{padding-top: 100px !important;padding-bottom: 100px !important;padding-left: 70px !important;}\u00a0\u00bb][vc_column_text]<\/p>\n<h5>Dans le cadre du Programme d&rsquo;exploitation mini\u00e8re durable, il vous est demand\u00e9 de<br \/>\nd\u00e9montrer la conformit\u00e9 avec le code fournisseur gr\u00e2ce \u00e0 une s\u00e9rie d&rsquo;activit\u00e9s, y compris :<\/h5>\n<p>Au nom de tout le personnel de l&rsquo;AIMR, je vous remercie pour votre participation active \u00e0 ce programme. Nous nous r\u00e9jouissons de poursuivre notre partenariat continu pour construire un avenir plus durable.[\/vc_column_text][vc_column_text el_class=\u00a0\u00bbtiled-titles supplier-identification\u00a0\u00bb]<\/p>\n<h4><em>01 \/<\/em> Supplier Identification<\/h4>\n<p>[\/vc_column_text][vc_column_text el_class=\u00a0\u00bbtiled-titles status-assessment\u00a0\u00bb]<\/p>\n<h4><em>02 \/<\/em> Status Assessment<\/h4>\n<p>[\/vc_column_text][vc_column_text el_class=\u00a0\u00bbtiled-titles on-site-audit\u00a0\u00bb]<\/p>\n<h4><em>03 \/<\/em> On Site Audit<\/h4>\n<p>[\/vc_column_text][vc_column_text el_class=\u00a0\u00bbtiled-titles corrective-action-plan\u00a0\u00bb]<\/p>\n<h4><em>04 \/<\/em> Corrective Action Plan<\/h4>\n<p>[\/vc_column_text][vc_single_image image=\u00a0\u00bb220&Prime; img_size=\u00a0\u00bbfull\u00a0\u00bb alignment=\u00a0\u00bbcenter\u00a0\u00bb css=\u00a0\u00bb.vc_custom_1468144145252{padding-top: 30px !important;}\u00a0\u00bb][\/vc_column][\/vc_row][vc_row el_class=\u00a0\u00bbsection\u00a0\u00bb][vc_column width=\u00a0\u00bb1\/4&Prime;][\/vc_column][vc_column width=\u00a0\u00bb1\/2&Prime; css=\u00a0\u00bb.vc_custom_1468146119043{padding-top: 0px !important;}\u00a0\u00bb][vc_column_text css=\u00a0\u00bb.vc_custom_1553774035271{padding-top: 0px !important;}\u00a0\u00bb]<\/p>\n<h3 style=\"text-align: center;\">Formulaire de profil de fournisseur<\/h3>\n<p>[\/vc_column_text][vc_column_text]<\/p>\n<p style=\"text-align: center;\">Fill out our AIMR Minerals Supplier Profile Form (AMSP) and someone will be in touch to discuss the details of your supplier application.<\/p>\n<p>[\/vc_column_text][vc_btn title=\u00a0\u00bbBe Our Supplier\u00a0\u00bb style=\u00a0\u00bbclassic\u00a0\u00bb shape=\u00a0\u00bbsquare\u00a0\u00bb align=\u00a0\u00bbcenter\u00a0\u00bb css_animation=\u00a0\u00bbappear\u00a0\u00bb link=\u00a0\u00bburl:%23||\u00a0\u00bb el_class=\u00a0\u00bbsupplier-modal\u00a0\u00bb][\/vc_column][vc_column width=\u00a0\u00bb1\/4&Prime;][\/vc_column][\/vc_row]<\/p>\n<\/div>","protected":false},"excerpt":{"rendered":"<p>[vc_row full_width=\u00a0\u00bbstretch_row\u00a0\u00bb el_class=\u00a0\u00bbsection dark-section\u00a0\u00bb css=\u00a0\u00bb.vc_custom_1466691877193{padding-top: 20px !important;background: #6b7b81 url(https:\/\/aimr-mining.com\/\/wp-content\/uploads\/2016\/06\/become-supplier-bg.jpg?id=67) !important;background-position: center !important;background-repeat: no-repeat !important;background-size: cover !important;}\u00a0\u00bb][vc_column width=\u00a0\u00bb1\/4&Prime;][\/vc_column][vc_column width=\u00a0\u00bb1\/2&Prime;][vc_column_text el_class=\u00a0\u00bbheader\u00a0\u00bb] Devenir un de nos fournisseurs [\/vc_column_text][vc_column_text] Dans l&rsquo;AIMR Nous sommes fiers de la qualit\u00e9 de nos produits ; nos mat\u00e9riaux sont tr\u00e8s pris\u00e9s parce que nous avons soigneusement l&rsquo;EFP et l&rsquo;interview tous les fournisseurs potentiels. [\/vc_column_text][\/vc_column][vc_column [&hellip;]<\/p>\n","protected":false},"author":1,"featured_media":934,"parent":0,"menu_order":0,"comment_status":"closed","ping_status":"closed","template":"","meta":{"footnotes":""},"class_list":["post-1142","page","type-page","status-publish","has-post-thumbnail","hentry"],"yoast_head":"<!-- This site is optimized with the Yoast SEO plugin v27.3 - https:\/\/yoast.com\/product\/yoast-seo-wordpress\/ -->\n<title>Devenir un de nos fournisseurs - AIMR<\/title>\n<meta name=\"description\" content=\"Alex International for Mining and Refractories Products (AIMR), we invested in building a sustainable future for our company and our communities.\" \/>\n<meta name=\"robots\" content=\"index, follow, max-snippet:-1, max-image-preview:large, max-video-preview:-1\" \/>\n<meta property=\"og:locale\" content=\"fr_FR\" \/>\n<meta property=\"og:type\" content=\"article\" \/>\n<meta property=\"og:title\" content=\"Devenir un de nos fournisseurs - AIMR\" \/>\n<meta property=\"og:description\" content=\"Alex International for Mining and Refractories Products (AIMR), we invested in building a sustainable future for our company and our communities.\" \/>\n<meta property=\"og:url\" content=\"https:\/\/aimr-mining.com\/fr\/becoming-our-supplier\/\" \/>\n<meta property=\"og:site_name\" content=\"AIMR\" \/>\n<meta property=\"article:modified_time\" content=\"2019-03-28T11:54:12+00:00\" \/>\n<meta property=\"og:image\" content=\"https:\/\/aimr-mining.com\/wp-content\/uploads\/2016\/06\/suppliers-banner.jpg\" \/>\n\t<meta property=\"og:image:width\" content=\"1920\" \/>\n\t<meta property=\"og:image:height\" content=\"249\" \/>\n\t<meta property=\"og:image:type\" content=\"image\/jpeg\" \/>\n<meta name=\"twitter:card\" content=\"summary_large_image\" \/>\n<meta name=\"twitter:label1\" content=\"Dur\u00e9e de lecture estim\u00e9e\" \/>\n\t<meta name=\"twitter:data1\" content=\"3 minutes\" \/>\n<script type=\"application\/ld+json\" class=\"yoast-schema-graph\">{\"@context\":\"https:\\\/\\\/schema.org\",\"@graph\":[{\"@type\":\"WebPage\",\"@id\":\"https:\\\/\\\/aimr-mining.com\\\/fr\\\/becoming-our-supplier\\\/\",\"url\":\"https:\\\/\\\/aimr-mining.com\\\/fr\\\/becoming-our-supplier\\\/\",\"name\":\"Devenir un de nos fournisseurs - AIMR\",\"isPartOf\":{\"@id\":\"https:\\\/\\\/aimr-mining.com\\\/#website\"},\"primaryImageOfPage\":{\"@id\":\"https:\\\/\\\/aimr-mining.com\\\/fr\\\/becoming-our-supplier\\\/#primaryimage\"},\"image\":{\"@id\":\"https:\\\/\\\/aimr-mining.com\\\/fr\\\/becoming-our-supplier\\\/#primaryimage\"},\"thumbnailUrl\":\"https:\\\/\\\/aimr-mining.com\\\/wp-content\\\/uploads\\\/2016\\\/06\\\/suppliers-banner.jpg\",\"datePublished\":\"2016-06-22T10:32:03+00:00\",\"dateModified\":\"2019-03-28T11:54:12+00:00\",\"description\":\"Alex International for Mining and Refractories Products (AIMR), we invested in building a sustainable future for our company and our communities.\",\"breadcrumb\":{\"@id\":\"https:\\\/\\\/aimr-mining.com\\\/fr\\\/becoming-our-supplier\\\/#breadcrumb\"},\"inLanguage\":\"fr-FR\",\"potentialAction\":[{\"@type\":\"ReadAction\",\"target\":[\"https:\\\/\\\/aimr-mining.com\\\/fr\\\/becoming-our-supplier\\\/\"]}]},{\"@type\":\"ImageObject\",\"inLanguage\":\"fr-FR\",\"@id\":\"https:\\\/\\\/aimr-mining.com\\\/fr\\\/becoming-our-supplier\\\/#primaryimage\",\"url\":\"https:\\\/\\\/aimr-mining.com\\\/wp-content\\\/uploads\\\/2016\\\/06\\\/suppliers-banner.jpg\",\"contentUrl\":\"https:\\\/\\\/aimr-mining.com\\\/wp-content\\\/uploads\\\/2016\\\/06\\\/suppliers-banner.jpg\",\"width\":1920,\"height\":249},{\"@type\":\"BreadcrumbList\",\"@id\":\"https:\\\/\\\/aimr-mining.com\\\/fr\\\/becoming-our-supplier\\\/#breadcrumb\",\"itemListElement\":[{\"@type\":\"ListItem\",\"position\":1,\"name\":\"Home\",\"item\":\"https:\\\/\\\/aimr-mining.com\\\/fr\\\/\"},{\"@type\":\"ListItem\",\"position\":2,\"name\":\"Devenir un de nos fournisseurs\"}]},{\"@type\":\"WebSite\",\"@id\":\"https:\\\/\\\/aimr-mining.com\\\/#website\",\"url\":\"https:\\\/\\\/aimr-mining.com\\\/\",\"name\":\"AIMR\",\"description\":\"Alexandria International For Mining and Refractories\",\"potentialAction\":[{\"@type\":\"SearchAction\",\"target\":{\"@type\":\"EntryPoint\",\"urlTemplate\":\"https:\\\/\\\/aimr-mining.com\\\/?s={search_term_string}\"},\"query-input\":{\"@type\":\"PropertyValueSpecification\",\"valueRequired\":true,\"valueName\":\"search_term_string\"}}],\"inLanguage\":\"fr-FR\"}]}<\/script>\n<!-- \/ Yoast SEO plugin. -->","yoast_head_json":{"title":"Devenir un de nos fournisseurs - AIMR","description":"Alex International for Mining and Refractories Products (AIMR), we invested in building a sustainable future for our company and our communities.","robots":{"index":"index","follow":"follow","max-snippet":"max-snippet:-1","max-image-preview":"max-image-preview:large","max-video-preview":"max-video-preview:-1"},"og_locale":"fr_FR","og_type":"article","og_title":"Devenir un de nos fournisseurs - AIMR","og_description":"Alex International for Mining and Refractories Products (AIMR), we invested in building a sustainable future for our company and our communities.","og_url":"https:\/\/aimr-mining.com\/fr\/becoming-our-supplier\/","og_site_name":"AIMR","article_modified_time":"2019-03-28T11:54:12+00:00","og_image":[{"width":1920,"height":249,"url":"https:\/\/aimr-mining.com\/wp-content\/uploads\/2016\/06\/suppliers-banner.jpg","type":"image\/jpeg"}],"twitter_card":"summary_large_image","twitter_misc":{"Dur\u00e9e de lecture estim\u00e9e":"3 minutes"},"schema":{"@context":"https:\/\/schema.org","@graph":[{"@type":"WebPage","@id":"https:\/\/aimr-mining.com\/fr\/becoming-our-supplier\/","url":"https:\/\/aimr-mining.com\/fr\/becoming-our-supplier\/","name":"Devenir un de nos fournisseurs - AIMR","isPartOf":{"@id":"https:\/\/aimr-mining.com\/#website"},"primaryImageOfPage":{"@id":"https:\/\/aimr-mining.com\/fr\/becoming-our-supplier\/#primaryimage"},"image":{"@id":"https:\/\/aimr-mining.com\/fr\/becoming-our-supplier\/#primaryimage"},"thumbnailUrl":"https:\/\/aimr-mining.com\/wp-content\/uploads\/2016\/06\/suppliers-banner.jpg","datePublished":"2016-06-22T10:32:03+00:00","dateModified":"2019-03-28T11:54:12+00:00","description":"Alex International for Mining and Refractories Products (AIMR), we invested in building a sustainable future for our company and our communities.","breadcrumb":{"@id":"https:\/\/aimr-mining.com\/fr\/becoming-our-supplier\/#breadcrumb"},"inLanguage":"fr-FR","potentialAction":[{"@type":"ReadAction","target":["https:\/\/aimr-mining.com\/fr\/becoming-our-supplier\/"]}]},{"@type":"ImageObject","inLanguage":"fr-FR","@id":"https:\/\/aimr-mining.com\/fr\/becoming-our-supplier\/#primaryimage","url":"https:\/\/aimr-mining.com\/wp-content\/uploads\/2016\/06\/suppliers-banner.jpg","contentUrl":"https:\/\/aimr-mining.com\/wp-content\/uploads\/2016\/06\/suppliers-banner.jpg","width":1920,"height":249},{"@type":"BreadcrumbList","@id":"https:\/\/aimr-mining.com\/fr\/becoming-our-supplier\/#breadcrumb","itemListElement":[{"@type":"ListItem","position":1,"name":"Home","item":"https:\/\/aimr-mining.com\/fr\/"},{"@type":"ListItem","position":2,"name":"Devenir un de nos fournisseurs"}]},{"@type":"WebSite","@id":"https:\/\/aimr-mining.com\/#website","url":"https:\/\/aimr-mining.com\/","name":"AIMR","description":"Alexandria International For Mining and Refractories","potentialAction":[{"@type":"SearchAction","target":{"@type":"EntryPoint","urlTemplate":"https:\/\/aimr-mining.com\/?s={search_term_string}"},"query-input":{"@type":"PropertyValueSpecification","valueRequired":true,"valueName":"search_term_string"}}],"inLanguage":"fr-FR"}]}},"_links":{"self":[{"href":"https:\/\/aimr-mining.com\/fr\/wp-json\/wp\/v2\/pages\/1142","targetHints":{"allow":["GET"]}}],"collection":[{"href":"https:\/\/aimr-mining.com\/fr\/wp-json\/wp\/v2\/pages"}],"about":[{"href":"https:\/\/aimr-mining.com\/fr\/wp-json\/wp\/v2\/types\/page"}],"author":[{"embeddable":true,"href":"https:\/\/aimr-mining.com\/fr\/wp-json\/wp\/v2\/users\/1"}],"replies":[{"embeddable":true,"href":"https:\/\/aimr-mining.com\/fr\/wp-json\/wp\/v2\/comments?post=1142"}],"version-history":[{"count":2,"href":"https:\/\/aimr-mining.com\/fr\/wp-json\/wp\/v2\/pages\/1142\/revisions"}],"predecessor-version":[{"id":3641,"href":"https:\/\/aimr-mining.com\/fr\/wp-json\/wp\/v2\/pages\/1142\/revisions\/3641"}],"wp:featuredmedia":[{"embeddable":true,"href":"https:\/\/aimr-mining.com\/fr\/wp-json\/wp\/v2\/media\/934"}],"wp:attachment":[{"href":"https:\/\/aimr-mining.com\/fr\/wp-json\/wp\/v2\/media?parent=1142"}],"curies":[{"name":"wp","href":"https:\/\/api.w.org\/{rel}","templated":true}]}}