{"id":1138,"date":"2016-06-22T10:37:50","date_gmt":"2016-06-22T10:37:50","guid":{"rendered":"https:\/\/aimr-mining.com\/fr\/sustainable-development\/"},"modified":"2019-03-28T12:38:26","modified_gmt":"2019-03-28T10:38:26","slug":"sustainable-development","status":"publish","type":"page","link":"https:\/\/aimr-mining.com\/fr\/sustainable-development\/","title":{"rendered":"D\u00e9veloppements Durables"},"content":{"rendered":"<div class=\"wpb-content-wrapper\"><p>[vc_row el_class=\u00a0\u00bbrow-spacing\u00a0\u00bb][vc_column width=\u00a0\u00bb1\/2&Prime;][vc_column_text css=\u00a0\u00bb.vc_custom_1553769454921{padding-top: 40px !important;}\u00a0\u00bb]<\/p>\n<h3>D\u00e9veloppement communautaire<\/h3>\n<p>Nous investissons dans notre communaut\u00e9. L&rsquo;entreprise qui s&rsquo;inqui\u00e8te, nous sommes fortement impliqu\u00e9s dans la cr\u00e9ation et la solidification des villages et villes de banlieue. Aider avec le pavage des routes et de la tuyauterie d&rsquo;eau douce, l&rsquo;AIMR s&rsquo;efforce toujours de donner en retour. Notre travail avec les orphelinats et la qualit\u00e9 des soins aux orphelins, t\u00e9moigne de notre engagement \u00e0 aider les autres et de redonner \u00e0 notre communaut\u00e9.[\/vc_column_text][vc_column_text el_class=\u00a0\u00bbread-more\u00a0\u00bb]<a href=\"#\">Read more<\/a>[\/vc_column_text][\/vc_column][vc_column width=\u00a0\u00bb1\/2&Prime;][vc_single_image image=\u00a0\u00bb78&Prime; img_size=\u00a0\u00bbfull\u00a0\u00bb alignment=\u00a0\u00bbcenter\u00a0\u00bb][\/vc_column][\/vc_row][vc_row el_class=\u00a0\u00bbrow-spacing flip-order-mobile\u00a0\u00bb][vc_column width=\u00a0\u00bb1\/2&Prime;][vc_single_image image=\u00a0\u00bb79&Prime; img_size=\u00a0\u00bbfull\u00a0\u00bb alignment=\u00a0\u00bbcenter\u00a0\u00bb][\/vc_column][vc_column width=\u00a0\u00bb1\/2&Prime;][vc_column_text css=\u00a0\u00bb.vc_custom_1553769498025{padding-top: 80px !important;}\u00a0\u00bb]<\/p>\n<h3>Responsabilit\u00e9 environnementale<\/h3>\n<p>L&rsquo;exploitation mini\u00e8re peut parfois \u00eatre une activit\u00e9 pr\u00e9caire. Nous comprenons et c&rsquo;est pourquoi nous nous sommes toujours vigilants et responsable quand il s&rsquo;agit de s\u00e9curitaire et \u00e9cologique des pratiques mini\u00e8res. Aussi la promotion de l&#8217;empreinte carbone pr\u00e9cise la localisation, nous nous effor\u00e7ons de maintenir la comptabilit\u00e9 minutieuse que nous pouvons utiliser pour r\u00e9fl\u00e9chir sur nos pratiques et ajuster si besoin est.[\/vc_column_text][vc_column_text el_class=\u00a0\u00bbread-more\u00a0\u00bb]<a href=\"#\">Read more<\/a>[\/vc_column_text][\/vc_column][\/vc_row]<\/p>\n<\/div>","protected":false},"excerpt":{"rendered":"<p>[vc_row el_class=\u00a0\u00bbrow-spacing\u00a0\u00bb][vc_column width=\u00a0\u00bb1\/2&Prime;][vc_column_text css=\u00a0\u00bb.vc_custom_1553769454921{padding-top: 40px !important;}\u00a0\u00bb] D\u00e9veloppement communautaire Nous investissons dans notre communaut\u00e9. L&rsquo;entreprise qui s&rsquo;inqui\u00e8te, nous sommes fortement impliqu\u00e9s dans la cr\u00e9ation et la solidification des villages et villes de banlieue. Aider avec le pavage des routes et de la tuyauterie d&rsquo;eau douce, l&rsquo;AIMR s&rsquo;efforce toujours de donner en retour. Notre travail avec les [&hellip;]<\/p>\n","protected":false},"author":1,"featured_media":936,"parent":0,"menu_order":0,"comment_status":"closed","ping_status":"closed","template":"","meta":{"footnotes":""},"class_list":["post-1138","page","type-page","status-publish","has-post-thumbnail","hentry"],"yoast_head":"<!-- This site is optimized with the Yoast SEO plugin v27.3 - https:\/\/yoast.com\/product\/yoast-seo-wordpress\/ -->\n<title>D\u00e9veloppements Durables - AIMR<\/title>\n<meta name=\"description\" content=\"Alex International for Mining and Refractories Products (AIMR), we invested in building a sustainable future for our company and our communities.\" \/>\n<meta name=\"robots\" content=\"index, follow, max-snippet:-1, max-image-preview:large, max-video-preview:-1\" \/>\n<meta property=\"og:locale\" content=\"fr_FR\" \/>\n<meta property=\"og:type\" content=\"article\" \/>\n<meta property=\"og:title\" content=\"D\u00e9veloppements Durables - AIMR\" \/>\n<meta property=\"og:description\" content=\"Alex International for Mining and Refractories Products (AIMR), we invested in building a sustainable future for our company and our communities.\" \/>\n<meta property=\"og:url\" content=\"https:\/\/aimr-mining.com\/fr\/sustainable-development\/\" \/>\n<meta property=\"og:site_name\" content=\"AIMR\" \/>\n<meta property=\"article:modified_time\" content=\"2019-03-28T10:38:26+00:00\" \/>\n<meta property=\"og:image\" content=\"https:\/\/aimr-mining.com\/wp-content\/uploads\/2016\/06\/Sustainable-banner.jpg\" \/>\n\t<meta property=\"og:image:width\" content=\"1920\" \/>\n\t<meta property=\"og:image:height\" content=\"249\" \/>\n\t<meta property=\"og:image:type\" content=\"image\/jpeg\" \/>\n<meta name=\"twitter:card\" content=\"summary_large_image\" \/>\n<meta name=\"twitter:label1\" content=\"Dur\u00e9e de lecture estim\u00e9e\" \/>\n\t<meta name=\"twitter:data1\" content=\"1 minute\" \/>\n<script type=\"application\/ld+json\" class=\"yoast-schema-graph\">{\"@context\":\"https:\\\/\\\/schema.org\",\"@graph\":[{\"@type\":\"WebPage\",\"@id\":\"https:\\\/\\\/aimr-mining.com\\\/fr\\\/sustainable-development\\\/\",\"url\":\"https:\\\/\\\/aimr-mining.com\\\/fr\\\/sustainable-development\\\/\",\"name\":\"D\u00e9veloppements Durables - AIMR\",\"isPartOf\":{\"@id\":\"https:\\\/\\\/aimr-mining.com\\\/#website\"},\"primaryImageOfPage\":{\"@id\":\"https:\\\/\\\/aimr-mining.com\\\/fr\\\/sustainable-development\\\/#primaryimage\"},\"image\":{\"@id\":\"https:\\\/\\\/aimr-mining.com\\\/fr\\\/sustainable-development\\\/#primaryimage\"},\"thumbnailUrl\":\"https:\\\/\\\/aimr-mining.com\\\/wp-content\\\/uploads\\\/2016\\\/06\\\/Sustainable-banner.jpg\",\"datePublished\":\"2016-06-22T10:37:50+00:00\",\"dateModified\":\"2019-03-28T10:38:26+00:00\",\"description\":\"Alex International for Mining and Refractories Products (AIMR), we invested in building a sustainable future for our company and our communities.\",\"breadcrumb\":{\"@id\":\"https:\\\/\\\/aimr-mining.com\\\/fr\\\/sustainable-development\\\/#breadcrumb\"},\"inLanguage\":\"fr-FR\",\"potentialAction\":[{\"@type\":\"ReadAction\",\"target\":[\"https:\\\/\\\/aimr-mining.com\\\/fr\\\/sustainable-development\\\/\"]}]},{\"@type\":\"ImageObject\",\"inLanguage\":\"fr-FR\",\"@id\":\"https:\\\/\\\/aimr-mining.com\\\/fr\\\/sustainable-development\\\/#primaryimage\",\"url\":\"https:\\\/\\\/aimr-mining.com\\\/wp-content\\\/uploads\\\/2016\\\/06\\\/Sustainable-banner.jpg\",\"contentUrl\":\"https:\\\/\\\/aimr-mining.com\\\/wp-content\\\/uploads\\\/2016\\\/06\\\/Sustainable-banner.jpg\",\"width\":1920,\"height\":249},{\"@type\":\"BreadcrumbList\",\"@id\":\"https:\\\/\\\/aimr-mining.com\\\/fr\\\/sustainable-development\\\/#breadcrumb\",\"itemListElement\":[{\"@type\":\"ListItem\",\"position\":1,\"name\":\"Home\",\"item\":\"https:\\\/\\\/aimr-mining.com\\\/fr\\\/\"},{\"@type\":\"ListItem\",\"position\":2,\"name\":\"D\u00e9veloppements Durables\"}]},{\"@type\":\"WebSite\",\"@id\":\"https:\\\/\\\/aimr-mining.com\\\/#website\",\"url\":\"https:\\\/\\\/aimr-mining.com\\\/\",\"name\":\"AIMR\",\"description\":\"Alexandria International For Mining and Refractories\",\"potentialAction\":[{\"@type\":\"SearchAction\",\"target\":{\"@type\":\"EntryPoint\",\"urlTemplate\":\"https:\\\/\\\/aimr-mining.com\\\/?s={search_term_string}\"},\"query-input\":{\"@type\":\"PropertyValueSpecification\",\"valueRequired\":true,\"valueName\":\"search_term_string\"}}],\"inLanguage\":\"fr-FR\"}]}<\/script>\n<!-- \/ Yoast SEO plugin. -->","yoast_head_json":{"title":"D\u00e9veloppements Durables - AIMR","description":"Alex International for Mining and Refractories Products (AIMR), we invested in building a sustainable future for our company and our communities.","robots":{"index":"index","follow":"follow","max-snippet":"max-snippet:-1","max-image-preview":"max-image-preview:large","max-video-preview":"max-video-preview:-1"},"og_locale":"fr_FR","og_type":"article","og_title":"D\u00e9veloppements Durables - AIMR","og_description":"Alex International for Mining and Refractories Products (AIMR), we invested in building a sustainable future for our company and our communities.","og_url":"https:\/\/aimr-mining.com\/fr\/sustainable-development\/","og_site_name":"AIMR","article_modified_time":"2019-03-28T10:38:26+00:00","og_image":[{"width":1920,"height":249,"url":"https:\/\/aimr-mining.com\/wp-content\/uploads\/2016\/06\/Sustainable-banner.jpg","type":"image\/jpeg"}],"twitter_card":"summary_large_image","twitter_misc":{"Dur\u00e9e de lecture estim\u00e9e":"1 minute"},"schema":{"@context":"https:\/\/schema.org","@graph":[{"@type":"WebPage","@id":"https:\/\/aimr-mining.com\/fr\/sustainable-development\/","url":"https:\/\/aimr-mining.com\/fr\/sustainable-development\/","name":"D\u00e9veloppements Durables - AIMR","isPartOf":{"@id":"https:\/\/aimr-mining.com\/#website"},"primaryImageOfPage":{"@id":"https:\/\/aimr-mining.com\/fr\/sustainable-development\/#primaryimage"},"image":{"@id":"https:\/\/aimr-mining.com\/fr\/sustainable-development\/#primaryimage"},"thumbnailUrl":"https:\/\/aimr-mining.com\/wp-content\/uploads\/2016\/06\/Sustainable-banner.jpg","datePublished":"2016-06-22T10:37:50+00:00","dateModified":"2019-03-28T10:38:26+00:00","description":"Alex International for Mining and Refractories Products (AIMR), we invested in building a sustainable future for our company and our communities.","breadcrumb":{"@id":"https:\/\/aimr-mining.com\/fr\/sustainable-development\/#breadcrumb"},"inLanguage":"fr-FR","potentialAction":[{"@type":"ReadAction","target":["https:\/\/aimr-mining.com\/fr\/sustainable-development\/"]}]},{"@type":"ImageObject","inLanguage":"fr-FR","@id":"https:\/\/aimr-mining.com\/fr\/sustainable-development\/#primaryimage","url":"https:\/\/aimr-mining.com\/wp-content\/uploads\/2016\/06\/Sustainable-banner.jpg","contentUrl":"https:\/\/aimr-mining.com\/wp-content\/uploads\/2016\/06\/Sustainable-banner.jpg","width":1920,"height":249},{"@type":"BreadcrumbList","@id":"https:\/\/aimr-mining.com\/fr\/sustainable-development\/#breadcrumb","itemListElement":[{"@type":"ListItem","position":1,"name":"Home","item":"https:\/\/aimr-mining.com\/fr\/"},{"@type":"ListItem","position":2,"name":"D\u00e9veloppements Durables"}]},{"@type":"WebSite","@id":"https:\/\/aimr-mining.com\/#website","url":"https:\/\/aimr-mining.com\/","name":"AIMR","description":"Alexandria International For Mining and Refractories","potentialAction":[{"@type":"SearchAction","target":{"@type":"EntryPoint","urlTemplate":"https:\/\/aimr-mining.com\/?s={search_term_string}"},"query-input":{"@type":"PropertyValueSpecification","valueRequired":true,"valueName":"search_term_string"}}],"inLanguage":"fr-FR"}]}},"_links":{"self":[{"href":"https:\/\/aimr-mining.com\/fr\/wp-json\/wp\/v2\/pages\/1138","targetHints":{"allow":["GET"]}}],"collection":[{"href":"https:\/\/aimr-mining.com\/fr\/wp-json\/wp\/v2\/pages"}],"about":[{"href":"https:\/\/aimr-mining.com\/fr\/wp-json\/wp\/v2\/types\/page"}],"author":[{"embeddable":true,"href":"https:\/\/aimr-mining.com\/fr\/wp-json\/wp\/v2\/users\/1"}],"replies":[{"embeddable":true,"href":"https:\/\/aimr-mining.com\/fr\/wp-json\/wp\/v2\/comments?post=1138"}],"version-history":[{"count":2,"href":"https:\/\/aimr-mining.com\/fr\/wp-json\/wp\/v2\/pages\/1138\/revisions"}],"predecessor-version":[{"id":3634,"href":"https:\/\/aimr-mining.com\/fr\/wp-json\/wp\/v2\/pages\/1138\/revisions\/3634"}],"wp:featuredmedia":[{"embeddable":true,"href":"https:\/\/aimr-mining.com\/fr\/wp-json\/wp\/v2\/media\/936"}],"wp:attachment":[{"href":"https:\/\/aimr-mining.com\/fr\/wp-json\/wp\/v2\/media?parent=1138"}],"curies":[{"name":"wp","href":"https:\/\/api.w.org\/{rel}","templated":true}]}}