{"id":1137,"date":"2016-06-22T10:38:46","date_gmt":"2016-06-22T10:38:46","guid":{"rendered":"https:\/\/aimr-mining.com\/fr\/operations-logistics\/"},"modified":"2019-03-28T12:54:11","modified_gmt":"2019-03-28T10:54:11","slug":"operations-logistics","status":"publish","type":"page","link":"https:\/\/aimr-mining.com\/fr\/operations-logistics\/","title":{"rendered":"Operations &#038; Logistique"},"content":{"rendered":"<div class=\"wpb-content-wrapper\"><p>[vc_row full_width=\u00a0\u00bbstretch_row\u00a0\u00bb el_class=\u00a0\u00bbdark-section section\u00a0\u00bb css=\u00a0\u00bb.vc_custom_1467036553381{background-image: url(https:\/\/aimr-mining.com\/\/wp-content\/uploads\/2016\/06\/logistics-section.jpg?id=128) !important;background-position: center !important;background-repeat: no-repeat !important;background-size: cover !important;}\u00a0\u00bb][vc_column width=\u00a0\u00bb1\/4&Prime;][\/vc_column][vc_column width=\u00a0\u00bb1\/2&Prime; css=\u00a0\u00bb.vc_custom_1467036678457{padding-top: 0px !important;}\u00a0\u00bb][vc_column_text el_class=\u00a0\u00bbheader\u00a0\u00bb css=\u00a0\u00bb.vc_custom_1553769612306{padding-top: 0px !important;}\u00a0\u00bb]<\/p>\n<h2 style=\"text-align: center;\">Nos Mines<\/h2>\n<p>[\/vc_column_text][vc_column_text]<\/p>\n<p style=\"text-align: center;\">Avec l&rsquo;acc\u00e8s \u00e0 certaines des meilleures mines dans la r\u00e9gion, nous pouvons vous fournir directement avec le kaolin, de phosphate et de sel de roche produits.<\/p>\n<p>[\/vc_column_text][\/vc_column][vc_column width=\u00a0\u00bb1\/4&Prime;][\/vc_column][\/vc_row][vc_row el_class=\u00a0\u00bbsection\u00a0\u00bb css=\u00a0\u00bb.vc_custom_1467726229871{padding-top: 100px !important;padding-bottom: 100px !important;}\u00a0\u00bb][vc_column][vc_tta_tour][vc_tta_section title=\u00a0\u00bbKaolin \u00a0\u00bb tab_id=\u00a0\u00bb1467724894105-0cf56570-0438&Prime;][vc_row_inner][vc_column_inner width=\u00a0\u00bb2\/3&Prime;][vc_column_text]<\/p>\n<h3>Camionnage \/ Exp\u00e9dition<\/h3>\n<h5>Kaolin Camionnage \/ Exp\u00e9dition<\/h5>\n<p>pr\u00eat pour l&rsquo;exp\u00e9dition les quantit\u00e9s sont stock\u00e9es dans la zone de stockage d&rsquo;Alexandrie. Situ\u00e9 \u00e0 20 minutes de la mer, cet espace de stockage tr\u00e8s accessible nous permet de charger des quantit\u00e9s allant jusqu&rsquo;\u00e0 10 000 tonnes par jour.[\/vc_column_text][\/vc_column_inner][vc_column_inner width=\u00a0\u00bb1\/3&Prime;][vc_single_image image=\u00a0\u00bb201&Prime; img_size=\u00a0\u00bbfull\u00a0\u00bb alignment=\u00a0\u00bbcenter\u00a0\u00bb][\/vc_column_inner][\/vc_row_inner][\/vc_tta_section][vc_tta_section title=\u00a0\u00bbPhosphate\u00a0\u00bb tab_id=\u00a0\u00bb1467724894280-ad9882cd-2175&Prime;][vc_row_inner][vc_column_inner width=\u00a0\u00bb2\/3&Prime;][vc_column_text]<\/p>\n<h3>Phosphate<\/h3>\n<p>passer \u00e0 travers le port d&rsquo;Alexandrie via gabarres \u00e0 notre zone de stockage, de phosphate est g\u00e9n\u00e9ralement charg\u00e9 \u00e0 un taux de 10 000 tonnes par jour.[\/vc_column_text][\/vc_column_inner][vc_column_inner width=\u00a0\u00bb1\/3&Prime;][vc_single_image image=\u00a0\u00bb204&Prime; img_size=\u00a0\u00bbfull\u00a0\u00bb alignment=\u00a0\u00bbcenter\u00a0\u00bb][\/vc_column_inner][\/vc_row_inner][\/vc_tta_section][vc_tta_section title=\u00a0\u00bbSel de roche \u00a0\u00bb tab_id=\u00a0\u00bb1467724945179-b6f5ebb1-c3ab\u00a0\u00bb][vc_row_inner][vc_column_inner width=\u00a0\u00bb2\/3&Prime;][vc_column_text]<\/p>\n<h3>Sel de roche<\/h3>\n<p>l&rsquo;halite est transport\u00e9e par les flottes de camions de notre zone de stockage \u00e0 l&rsquo;int\u00e9rieur du port de mer d&rsquo;Alexandrie. Avec un taux de charge de 10 \u00e0 12 000 tonnes par jour, l&rsquo;AIMR se charge d&rsquo;environ 50 000 tonnes de navires par semaine.[\/vc_column_text][\/vc_column_inner][vc_column_inner width=\u00a0\u00bb1\/3&Prime;][vc_single_image image=\u00a0\u00bb205&Prime; img_size=\u00a0\u00bbfull\u00a0\u00bb alignment=\u00a0\u00bbcenter\u00a0\u00bb][\/vc_column_inner][\/vc_row_inner][\/vc_tta_section][\/vc_tta_tour][\/vc_column][\/vc_row][vc_row full_width=\u00a0\u00bbstretch_row_content_no_spaces\u00a0\u00bb el_class=\u00a0\u00bbproducts-carousel\u00a0\u00bb css=\u00a0\u00bb.vc_custom_1467719993050{background-color: #f3f4f4 !important;}\u00a0\u00bb][vc_column css=\u00a0\u00bb.vc_custom_1467037332611{margin-top: 0px !important;margin-bottom: 0px !important;padding-top: 0px !important;padding-bottom: 0px !important;}\u00a0\u00bb]<div id=\"ult-carousel-232543045469de22b012e11\" class=\"ult-carousel-wrapper  vc_custom_1473160617335  ult_horizontal\" data-gutter=\"15\" data-rtl=\"false\" ><div class=\"ult-carousel-371578188669de22b012c8f \" >[vc_row_inner equal_height=\u00a0\u00bbyes\u00a0\u00bb][vc_column_inner][vc_single_image image=\u00a0\u00bb196&Prime; img_size=\u00a0\u00bbfull\u00a0\u00bb alignment=\u00a0\u00bbcenter\u00a0\u00bb][vc_column_text]<\/p>\n<h3>Kaolin<\/h3>\n<p>Avec des mines dans la r\u00e9gion d&rsquo;Assouan, nous avons la capacit\u00e9 de produire environ 120 000 tonnes par an. Export\u00e9es directement de l&rsquo;une de nos plates-formes sur la mer Rouge ou le port d&rsquo;Alexandrie, nous sommes certainement en mesure de r\u00e9pondre \u00e0 ces besoins que vous avez pour ce produit. Dans la calcination des mati\u00e8res premi\u00e8res, le kaolin est transport\u00e9 jusqu&rsquo;\u00e0 notre installation \u00e0 Alexandrie o\u00f9 nous avons la capacit\u00e9 de produire environ 9 000 tonnes m\u00e9triques de ce mat\u00e9riel par mois.[\/vc_column_text][\/vc_column_inner][\/vc_row_inner][vc_row_inner][vc_column_inner][vc_single_image image=\u00a0\u00bb197&Prime; img_size=\u00a0\u00bbfull\u00a0\u00bb alignment=\u00a0\u00bbcenter\u00a0\u00bb][vc_column_text]<\/p>\n<h3>Phosphate<\/h3>\n<p>Avec des mines \u00e0 Assouan nous avons acc\u00e8s \u00e0 de vastes quantit\u00e9s de phosphate naturel. Le phosphate brut est g\u00e9n\u00e9ralement export\u00e9 de notre mer Rouge ou Alexandria plate-forme, et, en g\u00e9n\u00e9ral, nous sommes en mesure d&rsquo;exp\u00e9dier et de charger jusqu&rsquo;\u00e0 10 000 tonnes\/jour.[\/vc_column_text][\/vc_column_inner][\/vc_row_inner][vc_row_inner][vc_column_inner][vc_single_image image=\u00a0\u00bb198&Prime; img_size=\u00a0\u00bbfull\u00a0\u00bb alignment=\u00a0\u00bbcenter\u00a0\u00bb][vc_column_text]<\/p>\n<h3>Sel de roche<\/h3>\n<p>avec une mine situ\u00e9e dans Siwa b\u00e9n\u00e9ficiant d&rsquo;une production annuelle de 600 000 tonnes m\u00e9triques, l&rsquo;AIMR est un important producteur et fournisseur de l&rsquo;halite dans la r\u00e9gion. Notre qualit\u00e9 est in\u00e9gal\u00e9e et les services d&rsquo;exp\u00e9dition sont exceptionnels.[\/vc_column_text][\/vc_column_inner][\/vc_row_inner]<\/div><\/div>\t\t\t<script type=\"text\/javascript\">\n\t\t\t\tjQuery(document).ready(function ($) {\n\t\t\t\t\tif( typeof jQuery('.ult-carousel-371578188669de22b012c8f').slick == \"function\"){\n\t\t\t\t\t\t$('.ult-carousel-371578188669de22b012c8f').slick({dots: false,autoplay: true,autoplaySpeed: \"5000\",speed: \"300\",infinite: true,arrows: true,nextArrow: '<button type=\"button\" role=\"button\" aria-label=\"Next\" style=\"color:#5e5e5e; font-size:36px;\" class=\"slick-next default\"><i class=\"ultsl-arrow-right4\"><\/i><\/button>',prevArrow: '<button type=\"button\" role=\"button\" aria-label=\"Previous\" style=\"color:#5e5e5e; font-size:36px;\" class=\"slick-prev default\"><i class=\"ultsl-arrow-left4\"><\/i><\/button>',slidesToScroll:3,slidesToShow:3,swipe: true,draggable: true,touchMove: true,pauseOnHover: true,pauseOnFocus: false,responsive: [\n\t\t\t\t\t\t\t{\n\t\t\t\t\t\t\t  breakpoint: 1026,\n\t\t\t\t\t\t\t  settings: {\n\t\t\t\t\t\t\t\tslidesToShow: 3,\n\t\t\t\t\t\t\t\tslidesToScroll: 3,  \n\t\t\t\t\t\t\t  }\n\t\t\t\t\t\t\t},\n\t\t\t\t\t\t\t{\n\t\t\t\t\t\t\t  breakpoint: 1025,\n\t\t\t\t\t\t\t  settings: {\n\t\t\t\t\t\t\t\tslidesToShow: 2,\n\t\t\t\t\t\t\t\tslidesToScroll: 2\n\t\t\t\t\t\t\t  }\n\t\t\t\t\t\t\t},\n\t\t\t\t\t\t\t{\n\t\t\t\t\t\t\t  breakpoint: 760,\n\t\t\t\t\t\t\t  settings: {\n\t\t\t\t\t\t\t\tslidesToShow: 1,\n\t\t\t\t\t\t\t\tslidesToScroll: 1\n\t\t\t\t\t\t\t  }\n\t\t\t\t\t\t\t}\n\t\t\t\t\t\t],pauseOnDotsHover: true,customPaging: function(slider, i) {\n                   return '<i type=\"button\" style= \"color:#333333;\" class=\"ultsl-record\" data-role=\"none\"><\/i>';\n                },});\n\t\t\t\t\t}\n\t\t\t\t});\n\t\t\t<\/script>\n\t\t\t[\/vc_column][\/vc_row]<\/p>\n<\/div>","protected":false},"excerpt":{"rendered":"<p>[vc_row full_width=\u00a0\u00bbstretch_row\u00a0\u00bb el_class=\u00a0\u00bbdark-section section\u00a0\u00bb css=\u00a0\u00bb.vc_custom_1467036553381{background-image: url(https:\/\/aimr-mining.com\/\/wp-content\/uploads\/2016\/06\/logistics-section.jpg?id=128) !important;background-position: center !important;background-repeat: no-repeat !important;background-size: cover !important;}\u00a0\u00bb][vc_column width=\u00a0\u00bb1\/4&Prime;][\/vc_column][vc_column width=\u00a0\u00bb1\/2&Prime; css=\u00a0\u00bb.vc_custom_1467036678457{padding-top: 0px !important;}\u00a0\u00bb][vc_column_text el_class=\u00a0\u00bbheader\u00a0\u00bb css=\u00a0\u00bb.vc_custom_1553769612306{padding-top: 0px !important;}\u00a0\u00bb] Nos Mines [\/vc_column_text][vc_column_text] Avec l&rsquo;acc\u00e8s \u00e0 certaines des meilleures mines dans la r\u00e9gion, nous pouvons vous fournir directement avec le kaolin, de phosphate et de sel de roche produits. [\/vc_column_text][\/vc_column][vc_column width=\u00a0\u00bb1\/4&Prime;][\/vc_column][\/vc_row][vc_row el_class=\u00a0\u00bbsection\u00a0\u00bb css=\u00a0\u00bb.vc_custom_1467726229871{padding-top: [&hellip;]<\/p>\n","protected":false},"author":1,"featured_media":944,"parent":0,"menu_order":0,"comment_status":"closed","ping_status":"closed","template":"","meta":{"footnotes":""},"class_list":["post-1137","page","type-page","status-publish","has-post-thumbnail","hentry"],"yoast_head":"<!-- This site is optimized with the Yoast SEO plugin v27.3 - https:\/\/yoast.com\/product\/yoast-seo-wordpress\/ -->\n<title>Operations &amp; Logistique - AIMR<\/title>\n<meta name=\"description\" content=\"Alex International for Mining and Refractories Products (AIMR), we invested in building a sustainable future for our company and our communities.\" \/>\n<meta name=\"robots\" content=\"index, follow, max-snippet:-1, max-image-preview:large, max-video-preview:-1\" \/>\n<meta property=\"og:locale\" content=\"fr_FR\" \/>\n<meta property=\"og:type\" content=\"article\" \/>\n<meta property=\"og:title\" content=\"Operations &amp; Logistique - AIMR\" \/>\n<meta property=\"og:description\" content=\"Alex International for Mining and Refractories Products (AIMR), we invested in building a sustainable future for our company and our communities.\" \/>\n<meta property=\"og:url\" content=\"https:\/\/aimr-mining.com\/fr\/operations-logistics\/\" \/>\n<meta property=\"og:site_name\" content=\"AIMR\" \/>\n<meta property=\"article:modified_time\" content=\"2019-03-28T10:54:11+00:00\" \/>\n<meta property=\"og:image\" content=\"https:\/\/aimr-mining.com\/wp-content\/uploads\/2016\/06\/logistics-banner.jpg\" \/>\n\t<meta property=\"og:image:width\" content=\"1920\" \/>\n\t<meta property=\"og:image:height\" content=\"249\" \/>\n\t<meta property=\"og:image:type\" content=\"image\/jpeg\" \/>\n<meta name=\"twitter:card\" content=\"summary_large_image\" \/>\n<meta name=\"twitter:label1\" content=\"Dur\u00e9e de lecture estim\u00e9e\" \/>\n\t<meta name=\"twitter:data1\" content=\"4 minutes\" \/>\n<script type=\"application\/ld+json\" class=\"yoast-schema-graph\">{\"@context\":\"https:\\\/\\\/schema.org\",\"@graph\":[{\"@type\":\"WebPage\",\"@id\":\"https:\\\/\\\/aimr-mining.com\\\/fr\\\/operations-logistics\\\/\",\"url\":\"https:\\\/\\\/aimr-mining.com\\\/fr\\\/operations-logistics\\\/\",\"name\":\"Operations & Logistique - AIMR\",\"isPartOf\":{\"@id\":\"https:\\\/\\\/aimr-mining.com\\\/#website\"},\"primaryImageOfPage\":{\"@id\":\"https:\\\/\\\/aimr-mining.com\\\/fr\\\/operations-logistics\\\/#primaryimage\"},\"image\":{\"@id\":\"https:\\\/\\\/aimr-mining.com\\\/fr\\\/operations-logistics\\\/#primaryimage\"},\"thumbnailUrl\":\"https:\\\/\\\/aimr-mining.com\\\/wp-content\\\/uploads\\\/2016\\\/06\\\/logistics-banner.jpg\",\"datePublished\":\"2016-06-22T10:38:46+00:00\",\"dateModified\":\"2019-03-28T10:54:11+00:00\",\"description\":\"Alex International for Mining and Refractories Products (AIMR), we invested in building a sustainable future for our company and our communities.\",\"breadcrumb\":{\"@id\":\"https:\\\/\\\/aimr-mining.com\\\/fr\\\/operations-logistics\\\/#breadcrumb\"},\"inLanguage\":\"fr-FR\",\"potentialAction\":[{\"@type\":\"ReadAction\",\"target\":[\"https:\\\/\\\/aimr-mining.com\\\/fr\\\/operations-logistics\\\/\"]}]},{\"@type\":\"ImageObject\",\"inLanguage\":\"fr-FR\",\"@id\":\"https:\\\/\\\/aimr-mining.com\\\/fr\\\/operations-logistics\\\/#primaryimage\",\"url\":\"https:\\\/\\\/aimr-mining.com\\\/wp-content\\\/uploads\\\/2016\\\/06\\\/logistics-banner.jpg\",\"contentUrl\":\"https:\\\/\\\/aimr-mining.com\\\/wp-content\\\/uploads\\\/2016\\\/06\\\/logistics-banner.jpg\",\"width\":1920,\"height\":249},{\"@type\":\"BreadcrumbList\",\"@id\":\"https:\\\/\\\/aimr-mining.com\\\/fr\\\/operations-logistics\\\/#breadcrumb\",\"itemListElement\":[{\"@type\":\"ListItem\",\"position\":1,\"name\":\"Home\",\"item\":\"https:\\\/\\\/aimr-mining.com\\\/fr\\\/\"},{\"@type\":\"ListItem\",\"position\":2,\"name\":\"Operations &#038; Logistique\"}]},{\"@type\":\"WebSite\",\"@id\":\"https:\\\/\\\/aimr-mining.com\\\/#website\",\"url\":\"https:\\\/\\\/aimr-mining.com\\\/\",\"name\":\"AIMR\",\"description\":\"Alexandria International For Mining and Refractories\",\"potentialAction\":[{\"@type\":\"SearchAction\",\"target\":{\"@type\":\"EntryPoint\",\"urlTemplate\":\"https:\\\/\\\/aimr-mining.com\\\/?s={search_term_string}\"},\"query-input\":{\"@type\":\"PropertyValueSpecification\",\"valueRequired\":true,\"valueName\":\"search_term_string\"}}],\"inLanguage\":\"fr-FR\"}]}<\/script>\n<!-- \/ Yoast SEO plugin. -->","yoast_head_json":{"title":"Operations & Logistique - AIMR","description":"Alex International for Mining and Refractories Products (AIMR), we invested in building a sustainable future for our company and our communities.","robots":{"index":"index","follow":"follow","max-snippet":"max-snippet:-1","max-image-preview":"max-image-preview:large","max-video-preview":"max-video-preview:-1"},"og_locale":"fr_FR","og_type":"article","og_title":"Operations & Logistique - AIMR","og_description":"Alex International for Mining and Refractories Products (AIMR), we invested in building a sustainable future for our company and our communities.","og_url":"https:\/\/aimr-mining.com\/fr\/operations-logistics\/","og_site_name":"AIMR","article_modified_time":"2019-03-28T10:54:11+00:00","og_image":[{"width":1920,"height":249,"url":"https:\/\/aimr-mining.com\/wp-content\/uploads\/2016\/06\/logistics-banner.jpg","type":"image\/jpeg"}],"twitter_card":"summary_large_image","twitter_misc":{"Dur\u00e9e de lecture estim\u00e9e":"4 minutes"},"schema":{"@context":"https:\/\/schema.org","@graph":[{"@type":"WebPage","@id":"https:\/\/aimr-mining.com\/fr\/operations-logistics\/","url":"https:\/\/aimr-mining.com\/fr\/operations-logistics\/","name":"Operations & Logistique - AIMR","isPartOf":{"@id":"https:\/\/aimr-mining.com\/#website"},"primaryImageOfPage":{"@id":"https:\/\/aimr-mining.com\/fr\/operations-logistics\/#primaryimage"},"image":{"@id":"https:\/\/aimr-mining.com\/fr\/operations-logistics\/#primaryimage"},"thumbnailUrl":"https:\/\/aimr-mining.com\/wp-content\/uploads\/2016\/06\/logistics-banner.jpg","datePublished":"2016-06-22T10:38:46+00:00","dateModified":"2019-03-28T10:54:11+00:00","description":"Alex International for Mining and Refractories Products (AIMR), we invested in building a sustainable future for our company and our communities.","breadcrumb":{"@id":"https:\/\/aimr-mining.com\/fr\/operations-logistics\/#breadcrumb"},"inLanguage":"fr-FR","potentialAction":[{"@type":"ReadAction","target":["https:\/\/aimr-mining.com\/fr\/operations-logistics\/"]}]},{"@type":"ImageObject","inLanguage":"fr-FR","@id":"https:\/\/aimr-mining.com\/fr\/operations-logistics\/#primaryimage","url":"https:\/\/aimr-mining.com\/wp-content\/uploads\/2016\/06\/logistics-banner.jpg","contentUrl":"https:\/\/aimr-mining.com\/wp-content\/uploads\/2016\/06\/logistics-banner.jpg","width":1920,"height":249},{"@type":"BreadcrumbList","@id":"https:\/\/aimr-mining.com\/fr\/operations-logistics\/#breadcrumb","itemListElement":[{"@type":"ListItem","position":1,"name":"Home","item":"https:\/\/aimr-mining.com\/fr\/"},{"@type":"ListItem","position":2,"name":"Operations &#038; Logistique"}]},{"@type":"WebSite","@id":"https:\/\/aimr-mining.com\/#website","url":"https:\/\/aimr-mining.com\/","name":"AIMR","description":"Alexandria International For Mining and Refractories","potentialAction":[{"@type":"SearchAction","target":{"@type":"EntryPoint","urlTemplate":"https:\/\/aimr-mining.com\/?s={search_term_string}"},"query-input":{"@type":"PropertyValueSpecification","valueRequired":true,"valueName":"search_term_string"}}],"inLanguage":"fr-FR"}]}},"_links":{"self":[{"href":"https:\/\/aimr-mining.com\/fr\/wp-json\/wp\/v2\/pages\/1137","targetHints":{"allow":["GET"]}}],"collection":[{"href":"https:\/\/aimr-mining.com\/fr\/wp-json\/wp\/v2\/pages"}],"about":[{"href":"https:\/\/aimr-mining.com\/fr\/wp-json\/wp\/v2\/types\/page"}],"author":[{"embeddable":true,"href":"https:\/\/aimr-mining.com\/fr\/wp-json\/wp\/v2\/users\/1"}],"replies":[{"embeddable":true,"href":"https:\/\/aimr-mining.com\/fr\/wp-json\/wp\/v2\/comments?post=1137"}],"version-history":[{"count":4,"href":"https:\/\/aimr-mining.com\/fr\/wp-json\/wp\/v2\/pages\/1137\/revisions"}],"predecessor-version":[{"id":3637,"href":"https:\/\/aimr-mining.com\/fr\/wp-json\/wp\/v2\/pages\/1137\/revisions\/3637"}],"wp:featuredmedia":[{"embeddable":true,"href":"https:\/\/aimr-mining.com\/fr\/wp-json\/wp\/v2\/media\/944"}],"wp:attachment":[{"href":"https:\/\/aimr-mining.com\/fr\/wp-json\/wp\/v2\/media?parent=1137"}],"curies":[{"name":"wp","href":"https:\/\/api.w.org\/{rel}","templated":true}]}}