{"id":2695,"date":"2016-06-22T10:30:32","date_gmt":"2016-06-22T10:30:32","guid":{"rendered":"https:\/\/aimr-mining.com\/about-us\/"},"modified":"2018-07-18T14:44:06","modified_gmt":"2018-07-18T12:44:06","slug":"sobre-nosotros","status":"publish","type":"page","link":"https:\/\/aimr-mining.com\/es\/sobre-nosotros\/","title":{"rendered":"Sobre Nosotros"},"content":{"rendered":"<div class=\"wpb-content-wrapper\"><p>[vc_row full_width=\u00bbstretch_row\u00bb css=\u00bb.vc_custom_1470645079514{padding-top: 0px !important;background: #6b7b81 url(https:\/\/aimr-mining.com\/\/wp-content\/uploads\/2016\/06\/about-bg.jpg?id=53) !important;background-position: center !important;background-repeat: no-repeat !important;background-size: cover !important;}\u00bb el_class=\u00bbdark-section section\u00bb el_id=\u00bbour-company-section \u00ab][vc_column][vc_column_text]<\/p>\n<p style=\"text-align: center;\">Establecida en 2010 como una subsidiaria de \u00abAMTC\u00bb, una compa\u00f1\u00eda especializada en productos de miner\u00eda y refractarios de fabricaci\u00f3n. Con el objetivo de establecer una presencia global como principal proveedor de minerales extra\u00eddos de diferentes pa\u00edses, nos enorgullecemos de los recursos a los que tenemos acceso y la calidad de los productos que ofrecemos. Con sede en Alejandr\u00eda, Egipto, y con sucursales establecidas en Estados Unidos, China y Emiratos \u00c1rabes Unidos, podemos brindar servicios a pa\u00edses de todo el mundo.<\/p>\n<p style=\"text-align: center;\">A lo largo de los a\u00f1os, AIMR logr\u00f3 enriquecer la gama de productos suministrados que incluyen caol\u00edn, sal de roca a granel, rocas de fosfato, talco, feldespato, cuarzo, yeso y casetones refractarios, mortero y ladrillos.<\/p>\n<p style=\"text-align: center;\">Nuestra filosof\u00eda corporativa es lograr activos a lo largo de las cadenas de valor, desde la exploraci\u00f3n simple hasta las minas en operaci\u00f3n, hasta los productores y exportadores. Nuestra compa\u00f1\u00eda sigue una estrategia de adquisici\u00f3n de mercado de saldo para mantener el valor para sus accionistas.<\/p>\n<p style=\"text-align: center;\">Ya sea que los productos se suministren a granel como Sal de Roca, Rocas de Fosfato, Caol\u00edn o requieran arreglos especiales de empaque, la cadena de suministro de AIMR mantiene una excepcional tasa de suministro en t\u00e9rminos de cantidad y conveniencia de ubicaci\u00f3n logrando un soporte incomparable para nuestros clientes y distribuidores.<\/p>\n<p style=\"text-align: center;\">El equipo de AIMR tiene a\u00f1os de experiencia pr\u00e1ctica en miner\u00eda y recursos minerales. La compa\u00f1\u00eda tambi\u00e9n ha desarrollado relaciones con importantes actores de la industria, socios internacionales y partes interesadas del gobierno.<\/p>\n<p style=\"text-align: center;\">En AIMR estamos bastante seguros de que tengamos el impulso y la experiencia para cumplir su mandato y permanecer entre los mejores en el sector de miner\u00eda y recursos minerales.<\/p>\n<p>[\/vc_column_text][vc_column_text el_class=\u00bbheader\u00bb]<\/p>\n<h2 style=\"text-align: center;\">Nuestra compa\u00f1\u00eda <span class=\"ahr\">Alex Internacional para Miner\u00eda y Refractarios <span class=\"ahrr\">(AIMR)<\/span><\/span><\/h2>\n<p>[\/vc_column_text][vc_row_inner][vc_column_inner width=\u00bb1\/6&#8243;][\/vc_column_inner][vc_column_inner width=\u00bb2\/3&#8243;][\/vc_column_inner][vc_column_inner width=\u00bb1\/6&#8243;][\/vc_column_inner][\/vc_row_inner][\/vc_column][\/vc_row][vc_row el_class=\u00bbsection\u00bb][vc_column][vc_tta_tour][vc_tta_section title=\u00bbPresencia Global\u00bb tab_id=\u00bbglobal-presence-section\u00bb][vc_row_inner css=\u00bb.vc_custom_1466689850484{padding-bottom: 50px !important;}\u00bb][vc_column_inner width=\u00bb1\/3&#8243;][vc_single_image image=\u00bb39&#8243; img_size=\u00bbfull\u00bb][\/vc_column_inner][vc_column_inner width=\u00bb2\/3&#8243;][vc_column_text]<\/p>\n<h5>Nuestros productos est\u00e1n cada vez m\u00e1s disponibles en todo el mundo.<\/h5>\n<p>Las demandas en el mercado cambian constantemente: algunos mercados se vuelven m\u00e1s maduros, otros surgen y algunos experimentan mejoras. Nuestros clientes tambi\u00e9n cambian cuando algunos se trasladan a otros lugares y otros cambian sus operaciones a nivel internacional. No importa cu\u00e1l sea su etapa de desarrollo o d\u00f3nde se encuentren, Alex Internacional para Miner\u00eda y Refractarios \u00abAIMR\u00bb ofrece el mejor soporte y servicios para su crecimiento. Esta es la raz\u00f3n principal por la cual nuestra empresa se expande constantemente a nivel internacional, ya que alineamos la plataforma de producci\u00f3n en funci\u00f3n de las tendencias del mercado y las demandas de los clientes.[\/vc_column_text][\/vc_column_inner][\/vc_row_inner][vc_row_inner][vc_column_inner width=\u00bb1\/2&#8243;][vc_column_text]Nuestros productos est\u00e1n cada vez m\u00e1s disponibles en todo el mundo. Al expandir sus operaciones a Estados Unidos, Europa y Canad\u00e1, proporcionamos roca de sal egipcia, roca fosf\u00f3rica, caol\u00edn calcinado de calidad junto con una impresionante gama de otros productos refractarios. Egipto es ciertamente rico en minerales y en los subsecuentes subproductos de estos minerales. AIMR es un l\u00edder en el suministro mundial de lo mejor de estos minerales y productos refractarios que ofrecemos.<\/p>\n<p>Respaldado con nuestra larga experiencia global, realizar negocios a nivel internacional es una segunda naturaleza para AIMR. Nuestra prioridad es crear y mantener buenas relaciones con socios comerciales locales e internacionales.[\/vc_column_text][\/vc_column_inner][vc_column_inner width=\u00bb1\/2&#8243;][vc_single_image image=\u00bb40&#8243; img_size=\u00bbfull\u00bb][\/vc_column_inner][\/vc_row_inner][\/vc_tta_section][vc_tta_section title=\u00bbVisi\u00f3n Y Misi\u00f3n \u00bb tab_id=\u00bbvision-mission-section\u00bb][vc_row_inner][vc_column_inner width=\u00bb1\/2&#8243;][vc_column_text]<\/p>\n<h4>Visi\u00f3n<\/h4>\n<p>Orgullosos de nuestro enfoque ambientalmente responsable de los recursos a la miner\u00eda, <strong>AIMR<\/strong> invierte en la construcci\u00f3n de un futuro sostenible para nuestra empresa y nuestras comunidades. Nuestra visi\u00f3n es convertirnos en el proveedor n\u00famero uno admirado de minerales <strong>en todo el mundo<\/strong>.[\/vc_column_text][vc_column_text]<\/p>\n<h4>Misi\u00f3n<\/h4>\n<p><strong>AIMR<\/strong> suministra y transforma recursos minerales en los bloques construcci\u00f3n de la sociedad de civilizaci\u00f3n moderna. Conservamos recursos, suministramos minerales de alta calidad e implementamos diversas actividades sostenibles para proteger el medio ambiente.[\/vc_column_text][\/vc_column_inner][vc_column_inner width=\u00bb1\/2&#8243;][vc_single_image image=\u00bb175&#8243; img_size=\u00bbfull\u00bb alignment=\u00bbcenter\u00bb][\/vc_column_inner][\/vc_row_inner][\/vc_tta_section][vc_tta_section title=\u00bbNuestro grupo\u00bb tab_id=\u00bbour-group-section\u00bb][vc_row_inner][vc_column_inner width=\u00bb1\/2&#8243;][vc_column_text]<\/p>\n<h4>Nuestro grupo<\/h4>\n<p>Alexandria Modern Trade Company (Compa\u00f1\u00eda Moderna de Comercio en Alejandr\u00eda), fundada en 2006, se ha convertido en una de las principales empresas de gesti\u00f3n y localizaci\u00f3n de exportaciones en Egipto. En el centro de la econom\u00eda mundial, nuestro grupo se compone de:[\/vc_column_text][vc_column_text el_class=\u00bbbullets-enabled\u00bb]<\/p>\n<ul>\n<li>EIO (Compa\u00f1\u00eda de Equipos Medicos)<\/li>\n<li>AMTC (Compa\u00f1\u00eda de Gesti\u00f3n de Exportaci\u00f3n)<\/li>\n<li>Alex Internacional para Industria dePl\u00e1stico (Compa\u00f1\u00eda de Fabricaci\u00f3n de Materiales de Empaque)<\/li>\n<li>y, por supuesto, AIMR (Alex Internacional para Miner\u00eda y Refractarios).<\/li>\n<\/ul>\n<p>[\/vc_column_text][\/vc_column_inner][vc_column_inner width=\u00bb1\/2&#8243;][vc_single_image image=\u00bb179&#8243; img_size=\u00bbfull\u00bb alignment=\u00bbcenter\u00bb][\/vc_column_inner][\/vc_row_inner][\/vc_tta_section][vc_tta_section title=\u00bbValores\u00bb tab_id=\u00bbvalues-section\u00bb][vc_row_inner][vc_column_inner width=\u00bb1\/2&#8243;][vc_column_text]<\/p>\n<h4>Valores<\/h4>\n<p>Invertido en proporcionar el mejor servicio y productos en nuestro nicho, AIMR se enorgullece de ser un proveedor mundial de refractarios y productos minerales de alta calidad. Inigualable en lo que respecta a nuestros m\u00e9todos, le ofrecemos los mejores materiales disponibles. Siempre poniendo al cliente primero, estamos dedicados a su satisfacci\u00f3n.<\/p>\n<p>En AIMR, entendemos la necesidad de implementar medidas significativas aqu\u00ed en Egipto y, adem\u00e1s, en los pa\u00edses y comunidades en las que operamos. Utilizando solo esos recursos necesarios, conservamos y restauramos siempre que sea posible. Una compa\u00f1\u00eda minera y refractaria con un coraz\u00f3n y una conciencia, nos mantenemos a los m\u00e1s altos est\u00e1ndares.<\/p>\n<p>[\/vc_column_text][vc_column_text el_class=\u00bbbullets-enabled\u00bb]<\/p>\n<h4>Nuestros productos tambi\u00e9n est\u00e1n sujetos a esos mismos est\u00e1ndares.<\/h4>\n<ul>\n<li class=\"tm5 Normal\"><span class=\"tm6\">Seguir altos est\u00e1ndares de profesionalismo.<\/span><\/li>\n<li class=\"tm5 Normal\"><span class=\"tm6\">Poner los intereses de los clientes por delante de los nuestros.<\/span><\/li>\n<li class=\"tm5 Normal\"><span class=\"tm6\">Seguir est\u00e1ndares \u00e9ticos.<\/span><\/li>\n<li class=\"tm5 Normal\"><span class=\"tm6\">Preservar las confidencias de nuestros clientes.<\/span><\/li>\n<li class=\"tm5 Normal\"><span class=\"tm6\">Gestionar los recursos del cliente y de la organizaci\u00f3n de una manera rentable.<\/span><\/li>\n<li class=\"tm5 Normal\"><span class=\"tm6\">Mejorar el rendimiento de los clientes de manera significativa.<\/span><\/li>\n<li class=\"tm5 Normal\"><span class=\"tm6\">Seguir un concepto de alta gerencia.<\/span><\/li>\n<li class=\"tm5 Normal\"><span class=\"tm6\">Usar redes internacionales para proporcionar los mejores servicios a los clientes.<\/span><\/li>\n<li class=\"tm5 Normal\"><span class=\"tm6\">Mejorar las capacidades del cliente para mejorar el rendimiento y mantener la mejora.<\/span><\/li>\n<li class=\"tm5 Normal\"><span class=\"tm6\">Construir relaciones duraderas basadas en la honestidad y la confianza.<\/span><\/li>\n<\/ul>\n<p>[\/vc_column_text][\/vc_column_inner][vc_column_inner width=\u00bb1\/2&#8243;][vc_single_image image=\u00bb182&#8243; img_size=\u00bbfull\u00bb alignment=\u00bbcenter\u00bb][vc_single_image image=\u00bb180&#8243; img_size=\u00bbfull\u00bb alignment=\u00bbcenter\u00bb][\/vc_column_inner][\/vc_row_inner][\/vc_tta_section][\/vc_tta_tour][\/vc_column][\/vc_row][vc_row full_width=\u00bbstretch_row\u00bb el_class=\u00bbsection dark-section\u00bb css=\u00bb.vc_custom_1470645552747{background: #092840 url(https:\/\/aimr-mining.com\/\/wp-content\/uploads\/2016\/06\/seo-about-bg.jpg?id=62) !important;background-position: center !important;background-repeat: no-repeat !important;background-size: cover !important;}\u00bb el_id=\u00bbword-ceo\u00bb][vc_column width=\u00bb1\/6&#8243;][\/vc_column][vc_column width=\u00bb2\/3&#8243;][vc_single_image image=\u00bb63&#8243; img_size=\u00bbfull\u00bb alignment=\u00bbcenter\u00bb el_class=\u00bbheader-icon\u00bb][vc_column_text el_class=\u00bbheader\u00bb]<\/p>\n<h2 style=\"text-align: center;\">PALABRAS DE NUESTRO DIRECTOR EJECUTIVO<\/h2>\n<p>[\/vc_column_text][vc_column_text]<\/p>\n<p style=\"text-align: center;\">Defendemos nuestro nombre, nuestra reputaci\u00f3n y nuestros productos. Usando solo t\u00e9cnicas y m\u00e9todos de primera clase, estamos trabajando para crear una fortaleza en la industria minera y refractaria. Con una impresionante red de empleados, personal, proveedores y distribuidores, podemos, sin cuestionar el servicio, cualquier necesidad que su negocio o industria pueda tener cuando se trata de lo que ofrecemos.<\/p>\n<p style=\"text-align: center;\">Al negarnos a conformarnos con algo menos que el mejor servicio y garant\u00eda, nos esforzamos constantemente para mejorar y tener un mejor rendimiento. Esta es mi palabra para usted y mi promesa a la industria de refractarios y minerales en todo el mundo.<\/p>\n<p>[\/vc_column_text][vc_single_image image=\u00bb795&#8243; img_size=\u00bbfull\u00bb alignment=\u00bbcenter\u00bb css=\u00bb.vc_custom_1471170111990{padding-top: 10px !important;}\u00bb][\/vc_column][vc_column width=\u00bb1\/6&#8243;][\/vc_column][\/vc_row]<\/p>\n<\/div>","protected":false},"excerpt":{"rendered":"<p>[vc_row full_width=\u00bbstretch_row\u00bb css=\u00bb.vc_custom_1470645079514{padding-top: 0px !important;background: #6b7b81 url(https:\/\/aimr-mining.com\/\/wp-content\/uploads\/2016\/06\/about-bg.jpg?id=53) !important;background-position: center !important;background-repeat: no-repeat !important;background-size: cover !important;}\u00bb el_class=\u00bbdark-section section\u00bb el_id=\u00bbour-company-section \u00ab][vc_column][vc_column_text] Establecida en 2010 como una subsidiaria de \u00abAMTC\u00bb, una compa\u00f1\u00eda especializada en productos de miner\u00eda y refractarios de fabricaci\u00f3n. Con el objetivo de establecer una presencia global como principal proveedor de minerales extra\u00eddos de diferentes pa\u00edses, nos [&hellip;]<\/p>\n","protected":false},"author":1,"featured_media":2696,"parent":0,"menu_order":0,"comment_status":"closed","ping_status":"closed","template":"","meta":{"footnotes":""},"class_list":["post-2695","page","type-page","status-publish","has-post-thumbnail","hentry"],"yoast_head":"<!-- This site is optimized with the Yoast SEO plugin v27.3 - https:\/\/yoast.com\/product\/yoast-seo-wordpress\/ -->\n<title>Sobre Nosotros - AIMR<\/title>\n<meta name=\"description\" content=\"Turning Natural Resources into a promise of better life. AIMR is the largest exporter of Egyptian Kaolin, Chamotte, Phosphate, Talc, Rock Salt and Quartz.\" \/>\n<meta name=\"robots\" content=\"index, follow, max-snippet:-1, max-image-preview:large, max-video-preview:-1\" \/>\n<meta property=\"og:locale\" content=\"es_ES\" \/>\n<meta property=\"og:type\" content=\"article\" \/>\n<meta property=\"og:title\" content=\"Sobre Nosotros - AIMR\" \/>\n<meta property=\"og:description\" content=\"Turning Natural Resources into a promise of better life. AIMR is the largest exporter of Egyptian Kaolin, Chamotte, Phosphate, Talc, Rock Salt and Quartz.\" \/>\n<meta property=\"og:url\" content=\"https:\/\/aimr-mining.com\/es\/sobre-nosotros\/\" \/>\n<meta property=\"og:site_name\" content=\"AIMR\" \/>\n<meta property=\"article:modified_time\" content=\"2018-07-18T12:44:06+00:00\" \/>\n<meta property=\"og:image\" content=\"https:\/\/aimr-mining.com\/wp-content\/uploads\/2016\/06\/about-banner.jpg\" \/>\n\t<meta property=\"og:image:width\" content=\"1920\" \/>\n\t<meta property=\"og:image:height\" content=\"251\" \/>\n\t<meta property=\"og:image:type\" content=\"image\/jpeg\" \/>\n<meta name=\"twitter:card\" content=\"summary_large_image\" \/>\n<meta name=\"twitter:label1\" content=\"Tiempo de lectura\" \/>\n\t<meta name=\"twitter:data1\" content=\"8 minutos\" \/>\n<script type=\"application\/ld+json\" class=\"yoast-schema-graph\">{\"@context\":\"https:\\\/\\\/schema.org\",\"@graph\":[{\"@type\":\"WebPage\",\"@id\":\"https:\\\/\\\/aimr-mining.com\\\/es\\\/sobre-nosotros\\\/\",\"url\":\"https:\\\/\\\/aimr-mining.com\\\/es\\\/sobre-nosotros\\\/\",\"name\":\"Sobre Nosotros - AIMR\",\"isPartOf\":{\"@id\":\"https:\\\/\\\/aimr-mining.com\\\/#website\"},\"primaryImageOfPage\":{\"@id\":\"https:\\\/\\\/aimr-mining.com\\\/es\\\/sobre-nosotros\\\/#primaryimage\"},\"image\":{\"@id\":\"https:\\\/\\\/aimr-mining.com\\\/es\\\/sobre-nosotros\\\/#primaryimage\"},\"thumbnailUrl\":\"https:\\\/\\\/aimr-mining.com\\\/wp-content\\\/uploads\\\/2016\\\/06\\\/about-banner.jpg\",\"datePublished\":\"2016-06-22T10:30:32+00:00\",\"dateModified\":\"2018-07-18T12:44:06+00:00\",\"description\":\"Turning Natural Resources into a promise of better life. AIMR is the largest exporter of Egyptian Kaolin, Chamotte, Phosphate, Talc, Rock Salt and Quartz.\",\"breadcrumb\":{\"@id\":\"https:\\\/\\\/aimr-mining.com\\\/es\\\/sobre-nosotros\\\/#breadcrumb\"},\"inLanguage\":\"es\",\"potentialAction\":[{\"@type\":\"ReadAction\",\"target\":[\"https:\\\/\\\/aimr-mining.com\\\/es\\\/sobre-nosotros\\\/\"]}]},{\"@type\":\"ImageObject\",\"inLanguage\":\"es\",\"@id\":\"https:\\\/\\\/aimr-mining.com\\\/es\\\/sobre-nosotros\\\/#primaryimage\",\"url\":\"https:\\\/\\\/aimr-mining.com\\\/wp-content\\\/uploads\\\/2016\\\/06\\\/about-banner.jpg\",\"contentUrl\":\"https:\\\/\\\/aimr-mining.com\\\/wp-content\\\/uploads\\\/2016\\\/06\\\/about-banner.jpg\",\"width\":1920,\"height\":251},{\"@type\":\"BreadcrumbList\",\"@id\":\"https:\\\/\\\/aimr-mining.com\\\/es\\\/sobre-nosotros\\\/#breadcrumb\",\"itemListElement\":[{\"@type\":\"ListItem\",\"position\":1,\"name\":\"Home\",\"item\":\"https:\\\/\\\/aimr-mining.com\\\/es\\\/\"},{\"@type\":\"ListItem\",\"position\":2,\"name\":\"Sobre Nosotros\"}]},{\"@type\":\"WebSite\",\"@id\":\"https:\\\/\\\/aimr-mining.com\\\/#website\",\"url\":\"https:\\\/\\\/aimr-mining.com\\\/\",\"name\":\"AIMR\",\"description\":\"Alexandria International For Mining and Refractories\",\"potentialAction\":[{\"@type\":\"SearchAction\",\"target\":{\"@type\":\"EntryPoint\",\"urlTemplate\":\"https:\\\/\\\/aimr-mining.com\\\/?s={search_term_string}\"},\"query-input\":{\"@type\":\"PropertyValueSpecification\",\"valueRequired\":true,\"valueName\":\"search_term_string\"}}],\"inLanguage\":\"es\"}]}<\/script>\n<!-- \/ Yoast SEO plugin. -->","yoast_head_json":{"title":"Sobre Nosotros - AIMR","description":"Turning Natural Resources into a promise of better life. AIMR is the largest exporter of Egyptian Kaolin, Chamotte, Phosphate, Talc, Rock Salt and Quartz.","robots":{"index":"index","follow":"follow","max-snippet":"max-snippet:-1","max-image-preview":"max-image-preview:large","max-video-preview":"max-video-preview:-1"},"og_locale":"es_ES","og_type":"article","og_title":"Sobre Nosotros - AIMR","og_description":"Turning Natural Resources into a promise of better life. AIMR is the largest exporter of Egyptian Kaolin, Chamotte, Phosphate, Talc, Rock Salt and Quartz.","og_url":"https:\/\/aimr-mining.com\/es\/sobre-nosotros\/","og_site_name":"AIMR","article_modified_time":"2018-07-18T12:44:06+00:00","og_image":[{"width":1920,"height":251,"url":"https:\/\/aimr-mining.com\/wp-content\/uploads\/2016\/06\/about-banner.jpg","type":"image\/jpeg"}],"twitter_card":"summary_large_image","twitter_misc":{"Tiempo de lectura":"8 minutos"},"schema":{"@context":"https:\/\/schema.org","@graph":[{"@type":"WebPage","@id":"https:\/\/aimr-mining.com\/es\/sobre-nosotros\/","url":"https:\/\/aimr-mining.com\/es\/sobre-nosotros\/","name":"Sobre Nosotros - AIMR","isPartOf":{"@id":"https:\/\/aimr-mining.com\/#website"},"primaryImageOfPage":{"@id":"https:\/\/aimr-mining.com\/es\/sobre-nosotros\/#primaryimage"},"image":{"@id":"https:\/\/aimr-mining.com\/es\/sobre-nosotros\/#primaryimage"},"thumbnailUrl":"https:\/\/aimr-mining.com\/wp-content\/uploads\/2016\/06\/about-banner.jpg","datePublished":"2016-06-22T10:30:32+00:00","dateModified":"2018-07-18T12:44:06+00:00","description":"Turning Natural Resources into a promise of better life. AIMR is the largest exporter of Egyptian Kaolin, Chamotte, Phosphate, Talc, Rock Salt and Quartz.","breadcrumb":{"@id":"https:\/\/aimr-mining.com\/es\/sobre-nosotros\/#breadcrumb"},"inLanguage":"es","potentialAction":[{"@type":"ReadAction","target":["https:\/\/aimr-mining.com\/es\/sobre-nosotros\/"]}]},{"@type":"ImageObject","inLanguage":"es","@id":"https:\/\/aimr-mining.com\/es\/sobre-nosotros\/#primaryimage","url":"https:\/\/aimr-mining.com\/wp-content\/uploads\/2016\/06\/about-banner.jpg","contentUrl":"https:\/\/aimr-mining.com\/wp-content\/uploads\/2016\/06\/about-banner.jpg","width":1920,"height":251},{"@type":"BreadcrumbList","@id":"https:\/\/aimr-mining.com\/es\/sobre-nosotros\/#breadcrumb","itemListElement":[{"@type":"ListItem","position":1,"name":"Home","item":"https:\/\/aimr-mining.com\/es\/"},{"@type":"ListItem","position":2,"name":"Sobre Nosotros"}]},{"@type":"WebSite","@id":"https:\/\/aimr-mining.com\/#website","url":"https:\/\/aimr-mining.com\/","name":"AIMR","description":"Alexandria International For Mining and Refractories","potentialAction":[{"@type":"SearchAction","target":{"@type":"EntryPoint","urlTemplate":"https:\/\/aimr-mining.com\/?s={search_term_string}"},"query-input":{"@type":"PropertyValueSpecification","valueRequired":true,"valueName":"search_term_string"}}],"inLanguage":"es"}]}},"_links":{"self":[{"href":"https:\/\/aimr-mining.com\/es\/wp-json\/wp\/v2\/pages\/2695","targetHints":{"allow":["GET"]}}],"collection":[{"href":"https:\/\/aimr-mining.com\/es\/wp-json\/wp\/v2\/pages"}],"about":[{"href":"https:\/\/aimr-mining.com\/es\/wp-json\/wp\/v2\/types\/page"}],"author":[{"embeddable":true,"href":"https:\/\/aimr-mining.com\/es\/wp-json\/wp\/v2\/users\/1"}],"replies":[{"embeddable":true,"href":"https:\/\/aimr-mining.com\/es\/wp-json\/wp\/v2\/comments?post=2695"}],"version-history":[{"count":4,"href":"https:\/\/aimr-mining.com\/es\/wp-json\/wp\/v2\/pages\/2695\/revisions"}],"predecessor-version":[{"id":3280,"href":"https:\/\/aimr-mining.com\/es\/wp-json\/wp\/v2\/pages\/2695\/revisions\/3280"}],"wp:featuredmedia":[{"embeddable":true,"href":"https:\/\/aimr-mining.com\/es\/wp-json\/wp\/v2\/media\/2696"}],"wp:attachment":[{"href":"https:\/\/aimr-mining.com\/es\/wp-json\/wp\/v2\/media?parent=2695"}],"curies":[{"name":"wp","href":"https:\/\/api.w.org\/{rel}","templated":true}]}}