{"id":2693,"date":"2016-06-22T10:32:03","date_gmt":"2016-06-22T10:32:03","guid":{"rendered":"https:\/\/aimr-mining.com\/becoming-our-supplier\/"},"modified":"2018-09-03T17:18:28","modified_gmt":"2018-09-03T15:18:28","slug":"becoming-our-supplier","status":"publish","type":"page","link":"https:\/\/aimr-mining.com\/es\/becoming-our-supplier\/","title":{"rendered":"CONVI\u00c9RTETE EN NUESTRO PROVEEDOR"},"content":{"rendered":"<div class=\"wpb-content-wrapper\"><p>[vc_row full_width=\u00bbstretch_row\u00bb el_class=\u00bbsection dark-section\u00bb css=\u00bb.vc_custom_1466691877193{padding-top: 20px !important;background: #6b7b81 url(https:\/\/aimr-mining.com\/\/wp-content\/uploads\/2016\/06\/become-supplier-bg.jpg?id=67) !important;background-position: center !important;background-repeat: no-repeat !important;background-size: cover !important;}\u00bb][vc_column width=\u00bb1\/4&#8243;][\/vc_column][vc_column width=\u00bb1\/2&#8243;][vc_column_text el_class=\u00bbheader\u00bb]<\/p>\n<h2 style=\"text-align: center;\">CONVERTIRSE EN UNO DE<\/h2>\n<h3 style=\"text-align: center;\">NUESTROS PROVEEDORES<\/h3>\n<p>[\/vc_column_text][vc_column_text]<\/p>\n<p style=\"text-align: center;\">En AIMR nos enorgullecemos de la calidad de nuestros productos; nuestros materiales son muy apreciados porque investigamos y entrevistamos cuidadosamente a todos los proveedores potenciales.Te conocemos a ti y a tus instalaciones por dentro y por fuera antes de hacerte parte del equipo.Nos mantenemos a los est\u00e1ndares m\u00e1s altos posibles, y esperamos lo mismo de todos nuestros proveedores.<\/p>\n<p>[\/vc_column_text][\/vc_column][vc_column width=\u00bb1\/4&#8243;][\/vc_column][\/vc_row][vc_row full_width=\u00bbstretch_row_content\u00bb equal_height=\u00bbyes\u00bb css=\u00bb.vc_custom_1468141872493{background-color: #d2d2d2 !important;}\u00bb][vc_column width=\u00bb1\/2&#8243; css=\u00bb.vc_custom_1468145031864{padding-top: 0px !important;padding-right: 0px !important;padding-bottom: 0px !important;padding-left: 0px !important;background-color: #e8eaea !important;}\u00bb][vc_column_text css=\u00bb.vc_custom_1535624597136{margin-top: 0px !important;margin-bottom: 0px !important;padding-top: 100px !important;padding-right: 70px !important;padding-bottom: 140px !important;background-color: #f3f4f4 !important;}\u00bb el_class=\u00bbpush-padding-left\u00bb]<\/p>\n<h5>Nos complace anunciar el lanzamiento del Programa de Miner\u00eda Sostenible, o SMP, que se basa en nuestro trabajo anterior con proveedores para mejorar el cumplimiento de los pilares de nuestro C\u00f3digo de Conducta para Proveedores, que incluye:<\/h5>\n<ul>\n<li>Pr\u00e1cticas de Derechos Humanos Laborales<\/li>\n<li>Salud y seguridad en el ambiente de trabajo<\/li>\n<li>Cumplimiento ambiental<\/li>\n<li>Miner\u00eda responsable por los recursos<\/li>\n<li>La integridad del negocio<\/li>\n<li>Nivel constante de calidad<\/li>\n<li>Eficiencia de la cadena de suministro<\/li>\n<\/ul>\n<p>[\/vc_column_text][vc_column_text css=\u00bb.vc_custom_1535624742503{margin-top: 0px !important;margin-bottom: 0px !important;padding-top: 100px !important;padding-right: 70px !important;padding-bottom: 140px !important;background-color: #e8eaea !important;}\u00bb el_class=\u00bbpush-padding-left list-column-2&#8243;]<\/p>\n<h5>Estamos en constante necesidad de proveedores, productores y propietarios de minas con una mentalidad lima para una amplia gama de materiales y minerales que abarcan:<\/h5>\n<ul>\n<li>Caol\u00edn<\/li>\n<li>Sal de roca<\/li>\n<li>Feldespato<\/li>\n<li>Fluorita<\/li>\n<li>Ilmenita<\/li>\n<li>S\u00edlice<\/li>\n<li>Bauxita<\/li>\n<li>Andalucita<\/li>\n<li>Mullita<\/li>\n<li>Dolomita<\/li>\n<li>Ferromanganese<\/li>\n<li>Yeso<\/li>\n<li>Carbonato de calcio<\/li>\n<li>Talco<\/li>\n<li>Bentonita<\/li>\n<li>Baritina<\/li>\n<li>Rocas de fosfato<\/li>\n<\/ul>\n<p>[\/vc_column_text][\/vc_column][vc_column width=\u00bb1\/2&#8243; el_class=\u00bbpush-padding-right\u00bb css=\u00bb.vc_custom_1468144061555{padding-top: 100px !important;padding-bottom: 100px !important;padding-left: 70px !important;}\u00bb][vc_column_text]<\/p>\n<h5>Como parte del Programa de Miner\u00eda Sostenible, se espera que demuestre<br \/>\nCumplimiento del C\u00f3digo del Proveedor a trav\u00e9s de una serie espec\u00edfica de actividades, que incluyen:<\/h5>\n<p>En nombre de todos en AIMR, gracias por su participaci\u00f3n activa con este programa. Esperamos continuar nuestra asociaci\u00f3n permanente para construir un futuro m\u00e1s sostenible.[\/vc_column_text][vc_column_text el_class=\u00bbtiled-titles supplier-identification\u00bb]<\/p>\n<h4><em>01 \/<\/em> IDENTIFICACI\u00d3N DEL PROVEEDOR<\/h4>\n<p>[\/vc_column_text][vc_column_text el_class=\u00bbtiled-titles status-assessment\u00bb]<\/p>\n<h4><em>02 \/<\/em> EVALUACI\u00d3N DEL ESTADO<\/h4>\n<p>[\/vc_column_text][vc_column_text el_class=\u00bbtiled-titles on-site-audit\u00bb]<\/p>\n<h4><em>03 \/<\/em> EN LA AUDITORIA DEL SITIO<\/h4>\n<p>[\/vc_column_text][vc_column_text el_class=\u00bbtiled-titles corrective-action-plan\u00bb]<\/p>\n<h4><em>04 \/<\/em> PLAN DE ACCI\u00d3N CORRECTIVA<\/h4>\n<p>[\/vc_column_text][vc_single_image image=\u00bb220&#8243; img_size=\u00bbfull\u00bb alignment=\u00bbcenter\u00bb css=\u00bb.vc_custom_1468144145252{padding-top: 30px !important;}\u00bb][\/vc_column][\/vc_row][vc_row el_class=\u00bbsection\u00bb][vc_column width=\u00bb1\/4&#8243;][\/vc_column][vc_column width=\u00bb1\/2&#8243; css=\u00bb.vc_custom_1468146119043{padding-top: 0px !important;}\u00bb][vc_column_text css=\u00bb.vc_custom_1535987876276{padding-top: 0px !important;}\u00bb]<\/p>\n<h3 style=\"text-align: center;\">Formulario del perfil del proveedor<\/h3>\n<p>[\/vc_column_text][vc_column_text]<\/p>\n<p style=\"text-align: center;\">Formulario de perfil de proveedor de AIMR Minerals (AMSP)<\/p>\n<p>[\/vc_column_text][vc_btn title=\u00bbSer nuestro proveedor\u00bb style=\u00bbclassic\u00bb shape=\u00bbsquare\u00bb align=\u00bbcenter\u00bb css_animation=\u00bbappear\u00bb link=\u00bburl:%23||\u00bb el_class=\u00bbsupplier-modal\u00bb][\/vc_column][vc_column width=\u00bb1\/4&#8243;][\/vc_column][\/vc_row]<\/p>\n<\/div>","protected":false},"excerpt":{"rendered":"<p>[vc_row full_width=\u00bbstretch_row\u00bb el_class=\u00bbsection dark-section\u00bb css=\u00bb.vc_custom_1466691877193{padding-top: 20px !important;background: #6b7b81 url(https:\/\/aimr-mining.com\/\/wp-content\/uploads\/2016\/06\/become-supplier-bg.jpg?id=67) !important;background-position: center !important;background-repeat: no-repeat !important;background-size: cover !important;}\u00bb][vc_column width=\u00bb1\/4&#8243;][\/vc_column][vc_column width=\u00bb1\/2&#8243;][vc_column_text el_class=\u00bbheader\u00bb] CONVERTIRSE EN UNO DE NUESTROS PROVEEDORES [\/vc_column_text][vc_column_text] En AIMR nos enorgullecemos de la calidad de nuestros productos; nuestros materiales son muy apreciados porque investigamos y entrevistamos cuidadosamente a todos los proveedores potenciales.Te conocemos a ti y [&hellip;]<\/p>\n","protected":false},"author":1,"featured_media":2694,"parent":0,"menu_order":0,"comment_status":"closed","ping_status":"closed","template":"","meta":{"footnotes":""},"class_list":["post-2693","page","type-page","status-publish","has-post-thumbnail","hentry"],"yoast_head":"<!-- This site is optimized with the Yoast SEO plugin v27.3 - https:\/\/yoast.com\/product\/yoast-seo-wordpress\/ -->\n<title>CONVI\u00c9RTETE EN NUESTRO PROVEEDOR - AIMR<\/title>\n<meta name=\"description\" content=\"Alex International for Mining and Refractories Products (AIMR), we invested in building a sustainable future for our company and our communities.\" \/>\n<meta name=\"robots\" content=\"index, follow, max-snippet:-1, max-image-preview:large, max-video-preview:-1\" \/>\n<meta property=\"og:locale\" content=\"es_ES\" \/>\n<meta property=\"og:type\" content=\"article\" \/>\n<meta property=\"og:title\" content=\"CONVI\u00c9RTETE EN NUESTRO PROVEEDOR - AIMR\" \/>\n<meta property=\"og:description\" content=\"Alex International for Mining and Refractories Products (AIMR), we invested in building a sustainable future for our company and our communities.\" \/>\n<meta property=\"og:url\" content=\"https:\/\/aimr-mining.com\/es\/becoming-our-supplier\/\" \/>\n<meta property=\"og:site_name\" content=\"AIMR\" \/>\n<meta property=\"article:modified_time\" content=\"2018-09-03T15:18:28+00:00\" \/>\n<meta property=\"og:image\" content=\"https:\/\/aimr-mining.com\/wp-content\/uploads\/2016\/06\/suppliers-banner.jpg\" \/>\n\t<meta property=\"og:image:width\" content=\"1920\" \/>\n\t<meta property=\"og:image:height\" content=\"249\" \/>\n\t<meta property=\"og:image:type\" content=\"image\/jpeg\" \/>\n<meta name=\"twitter:card\" content=\"summary_large_image\" \/>\n<meta name=\"twitter:label1\" content=\"Tiempo de lectura\" \/>\n\t<meta name=\"twitter:data1\" content=\"3 minutos\" \/>\n<script type=\"application\/ld+json\" class=\"yoast-schema-graph\">{\"@context\":\"https:\\\/\\\/schema.org\",\"@graph\":[{\"@type\":\"WebPage\",\"@id\":\"https:\\\/\\\/aimr-mining.com\\\/es\\\/becoming-our-supplier\\\/\",\"url\":\"https:\\\/\\\/aimr-mining.com\\\/es\\\/becoming-our-supplier\\\/\",\"name\":\"CONVI\u00c9RTETE EN NUESTRO PROVEEDOR - AIMR\",\"isPartOf\":{\"@id\":\"https:\\\/\\\/aimr-mining.com\\\/#website\"},\"primaryImageOfPage\":{\"@id\":\"https:\\\/\\\/aimr-mining.com\\\/es\\\/becoming-our-supplier\\\/#primaryimage\"},\"image\":{\"@id\":\"https:\\\/\\\/aimr-mining.com\\\/es\\\/becoming-our-supplier\\\/#primaryimage\"},\"thumbnailUrl\":\"https:\\\/\\\/aimr-mining.com\\\/wp-content\\\/uploads\\\/2016\\\/06\\\/suppliers-banner.jpg\",\"datePublished\":\"2016-06-22T10:32:03+00:00\",\"dateModified\":\"2018-09-03T15:18:28+00:00\",\"description\":\"Alex International for Mining and Refractories Products (AIMR), we invested in building a sustainable future for our company and our communities.\",\"breadcrumb\":{\"@id\":\"https:\\\/\\\/aimr-mining.com\\\/es\\\/becoming-our-supplier\\\/#breadcrumb\"},\"inLanguage\":\"es\",\"potentialAction\":[{\"@type\":\"ReadAction\",\"target\":[\"https:\\\/\\\/aimr-mining.com\\\/es\\\/becoming-our-supplier\\\/\"]}]},{\"@type\":\"ImageObject\",\"inLanguage\":\"es\",\"@id\":\"https:\\\/\\\/aimr-mining.com\\\/es\\\/becoming-our-supplier\\\/#primaryimage\",\"url\":\"https:\\\/\\\/aimr-mining.com\\\/wp-content\\\/uploads\\\/2016\\\/06\\\/suppliers-banner.jpg\",\"contentUrl\":\"https:\\\/\\\/aimr-mining.com\\\/wp-content\\\/uploads\\\/2016\\\/06\\\/suppliers-banner.jpg\",\"width\":1920,\"height\":249},{\"@type\":\"BreadcrumbList\",\"@id\":\"https:\\\/\\\/aimr-mining.com\\\/es\\\/becoming-our-supplier\\\/#breadcrumb\",\"itemListElement\":[{\"@type\":\"ListItem\",\"position\":1,\"name\":\"Home\",\"item\":\"https:\\\/\\\/aimr-mining.com\\\/es\\\/\"},{\"@type\":\"ListItem\",\"position\":2,\"name\":\"CONVI\u00c9RTETE EN NUESTRO PROVEEDOR\"}]},{\"@type\":\"WebSite\",\"@id\":\"https:\\\/\\\/aimr-mining.com\\\/#website\",\"url\":\"https:\\\/\\\/aimr-mining.com\\\/\",\"name\":\"AIMR\",\"description\":\"Alexandria International For Mining and Refractories\",\"potentialAction\":[{\"@type\":\"SearchAction\",\"target\":{\"@type\":\"EntryPoint\",\"urlTemplate\":\"https:\\\/\\\/aimr-mining.com\\\/?s={search_term_string}\"},\"query-input\":{\"@type\":\"PropertyValueSpecification\",\"valueRequired\":true,\"valueName\":\"search_term_string\"}}],\"inLanguage\":\"es\"}]}<\/script>\n<!-- \/ Yoast SEO plugin. -->","yoast_head_json":{"title":"CONVI\u00c9RTETE EN NUESTRO PROVEEDOR - AIMR","description":"Alex International for Mining and Refractories Products (AIMR), we invested in building a sustainable future for our company and our communities.","robots":{"index":"index","follow":"follow","max-snippet":"max-snippet:-1","max-image-preview":"max-image-preview:large","max-video-preview":"max-video-preview:-1"},"og_locale":"es_ES","og_type":"article","og_title":"CONVI\u00c9RTETE EN NUESTRO PROVEEDOR - AIMR","og_description":"Alex International for Mining and Refractories Products (AIMR), we invested in building a sustainable future for our company and our communities.","og_url":"https:\/\/aimr-mining.com\/es\/becoming-our-supplier\/","og_site_name":"AIMR","article_modified_time":"2018-09-03T15:18:28+00:00","og_image":[{"width":1920,"height":249,"url":"https:\/\/aimr-mining.com\/wp-content\/uploads\/2016\/06\/suppliers-banner.jpg","type":"image\/jpeg"}],"twitter_card":"summary_large_image","twitter_misc":{"Tiempo de lectura":"3 minutos"},"schema":{"@context":"https:\/\/schema.org","@graph":[{"@type":"WebPage","@id":"https:\/\/aimr-mining.com\/es\/becoming-our-supplier\/","url":"https:\/\/aimr-mining.com\/es\/becoming-our-supplier\/","name":"CONVI\u00c9RTETE EN NUESTRO PROVEEDOR - AIMR","isPartOf":{"@id":"https:\/\/aimr-mining.com\/#website"},"primaryImageOfPage":{"@id":"https:\/\/aimr-mining.com\/es\/becoming-our-supplier\/#primaryimage"},"image":{"@id":"https:\/\/aimr-mining.com\/es\/becoming-our-supplier\/#primaryimage"},"thumbnailUrl":"https:\/\/aimr-mining.com\/wp-content\/uploads\/2016\/06\/suppliers-banner.jpg","datePublished":"2016-06-22T10:32:03+00:00","dateModified":"2018-09-03T15:18:28+00:00","description":"Alex International for Mining and Refractories Products (AIMR), we invested in building a sustainable future for our company and our communities.","breadcrumb":{"@id":"https:\/\/aimr-mining.com\/es\/becoming-our-supplier\/#breadcrumb"},"inLanguage":"es","potentialAction":[{"@type":"ReadAction","target":["https:\/\/aimr-mining.com\/es\/becoming-our-supplier\/"]}]},{"@type":"ImageObject","inLanguage":"es","@id":"https:\/\/aimr-mining.com\/es\/becoming-our-supplier\/#primaryimage","url":"https:\/\/aimr-mining.com\/wp-content\/uploads\/2016\/06\/suppliers-banner.jpg","contentUrl":"https:\/\/aimr-mining.com\/wp-content\/uploads\/2016\/06\/suppliers-banner.jpg","width":1920,"height":249},{"@type":"BreadcrumbList","@id":"https:\/\/aimr-mining.com\/es\/becoming-our-supplier\/#breadcrumb","itemListElement":[{"@type":"ListItem","position":1,"name":"Home","item":"https:\/\/aimr-mining.com\/es\/"},{"@type":"ListItem","position":2,"name":"CONVI\u00c9RTETE EN NUESTRO PROVEEDOR"}]},{"@type":"WebSite","@id":"https:\/\/aimr-mining.com\/#website","url":"https:\/\/aimr-mining.com\/","name":"AIMR","description":"Alexandria International For Mining and Refractories","potentialAction":[{"@type":"SearchAction","target":{"@type":"EntryPoint","urlTemplate":"https:\/\/aimr-mining.com\/?s={search_term_string}"},"query-input":{"@type":"PropertyValueSpecification","valueRequired":true,"valueName":"search_term_string"}}],"inLanguage":"es"}]}},"_links":{"self":[{"href":"https:\/\/aimr-mining.com\/es\/wp-json\/wp\/v2\/pages\/2693","targetHints":{"allow":["GET"]}}],"collection":[{"href":"https:\/\/aimr-mining.com\/es\/wp-json\/wp\/v2\/pages"}],"about":[{"href":"https:\/\/aimr-mining.com\/es\/wp-json\/wp\/v2\/types\/page"}],"author":[{"embeddable":true,"href":"https:\/\/aimr-mining.com\/es\/wp-json\/wp\/v2\/users\/1"}],"replies":[{"embeddable":true,"href":"https:\/\/aimr-mining.com\/es\/wp-json\/wp\/v2\/comments?post=2693"}],"version-history":[{"count":3,"href":"https:\/\/aimr-mining.com\/es\/wp-json\/wp\/v2\/pages\/2693\/revisions"}],"predecessor-version":[{"id":3347,"href":"https:\/\/aimr-mining.com\/es\/wp-json\/wp\/v2\/pages\/2693\/revisions\/3347"}],"wp:featuredmedia":[{"embeddable":true,"href":"https:\/\/aimr-mining.com\/es\/wp-json\/wp\/v2\/media\/2694"}],"wp:attachment":[{"href":"https:\/\/aimr-mining.com\/es\/wp-json\/wp\/v2\/media?parent=2693"}],"curies":[{"name":"wp","href":"https:\/\/api.w.org\/{rel}","templated":true}]}}