{"id":2684,"date":"2016-06-22T10:37:50","date_gmt":"2016-06-22T10:37:50","guid":{"rendered":"https:\/\/aimr-mining.com\/sustainable-development\/"},"modified":"2018-07-17T12:09:03","modified_gmt":"2018-07-17T10:09:03","slug":"sustainable-development","status":"publish","type":"page","link":"https:\/\/aimr-mining.com\/es\/sustainable-development\/","title":{"rendered":"Desarrollo Sostenible"},"content":{"rendered":"<div class=\"wpb-content-wrapper\"><p>[vc_row el_class=\u00bbrow-spacing\u00bb][vc_column width=\u00bb1\/2&#8243;][vc_column_text css=\u00bb.vc_custom_1531821999474{padding-top: 40px !important;}\u00bb]<\/p>\n<h3>Desarrollo Comunitario<\/h3>\n<p>Estamos invertidiendo en nuestra comunidad. La compa\u00f1\u00eda a la que le importa, estamos muy involucrados en garantizar el establecimiento y la consolidaci\u00f3n de pueblos y ciudades suburbanas. Al ayudar a pavimentar las carreteras y las tuber\u00edas de agua dulce, AIMR siempre se esfuerza por devolver. Nuestro trabajo con orfanatos y cuidado hu\u00e9rfano de calidad, demuestra nuestro compromiso de ayudar a otros y retribuir a nuestra comunidad.[\/vc_column_text][vc_column_text el_class=\u00bbread-more\u00bb]<a href=\"#\">Lee mas<\/a>[\/vc_column_text][\/vc_column][vc_column width=\u00bb1\/2&#8243;][vc_single_image image=\u00bb78&#8243; img_size=\u00bbfull\u00bb alignment=\u00bbcenter\u00bb][\/vc_column][\/vc_row][vc_row el_class=\u00bbrow-spacing flip-order-mobile\u00bb][vc_column width=\u00bb1\/2&#8243;][vc_single_image image=\u00bb79&#8243; img_size=\u00bbfull\u00bb alignment=\u00bbcenter\u00bb][\/vc_column][vc_column width=\u00bb1\/2&#8243;][vc_column_text css=\u00bb.vc_custom_1531822086753{padding-top: 80px !important;}\u00bb]<\/p>\n<h3>Responsabilidad ambiental<\/h3>\n<p>La miner\u00eda a veces puede ser un negocio precario. Entendemos esto y es por eso que estamos siempre atentos y responsables cuando se trata de pr\u00e1cticas mineras seguras y respetuosas con el medio ambiente. Tambi\u00e9n promovemos el seguimiento preciso de la huella de carbono, trabajamos para mantener una contabilidad cuidadosa que podamos usar para reflexionar y ajustar nuestras pr\u00e1cticas si es necesario.[\/vc_column_text][vc_column_text el_class=\u00bbread-more\u00bb]<a href=\"#\">Lee mas<\/a>[\/vc_column_text][\/vc_column][\/vc_row]<\/p>\n<\/div>","protected":false},"excerpt":{"rendered":"<p>[vc_row el_class=\u00bbrow-spacing\u00bb][vc_column width=\u00bb1\/2&#8243;][vc_column_text css=\u00bb.vc_custom_1531821999474{padding-top: 40px !important;}\u00bb] Desarrollo Comunitario Estamos invertidiendo en nuestra comunidad. La compa\u00f1\u00eda a la que le importa, estamos muy involucrados en garantizar el establecimiento y la consolidaci\u00f3n de pueblos y ciudades suburbanas. Al ayudar a pavimentar las carreteras y las tuber\u00edas de agua dulce, AIMR siempre se esfuerza por devolver. Nuestro trabajo [&hellip;]<\/p>\n","protected":false},"author":1,"featured_media":2678,"parent":0,"menu_order":0,"comment_status":"closed","ping_status":"closed","template":"","meta":{"footnotes":""},"class_list":["post-2684","page","type-page","status-publish","has-post-thumbnail","hentry"],"yoast_head":"<!-- This site is optimized with the Yoast SEO plugin v27.3 - https:\/\/yoast.com\/product\/yoast-seo-wordpress\/ -->\n<title>Desarrollo Sostenible - AIMR<\/title>\n<meta name=\"description\" content=\"Alex International for Mining and Refractories Products (AIMR), we invested in building a sustainable future for our company and our communities.\" \/>\n<meta name=\"robots\" content=\"index, follow, max-snippet:-1, max-image-preview:large, max-video-preview:-1\" \/>\n<meta property=\"og:locale\" content=\"es_ES\" \/>\n<meta property=\"og:type\" content=\"article\" \/>\n<meta property=\"og:title\" content=\"Desarrollo Sostenible - AIMR\" \/>\n<meta property=\"og:description\" content=\"Alex International for Mining and Refractories Products (AIMR), we invested in building a sustainable future for our company and our communities.\" \/>\n<meta property=\"og:url\" content=\"https:\/\/aimr-mining.com\/es\/sustainable-development\/\" \/>\n<meta property=\"og:site_name\" content=\"AIMR\" \/>\n<meta property=\"article:modified_time\" content=\"2018-07-17T10:09:03+00:00\" \/>\n<meta property=\"og:image\" content=\"https:\/\/aimr-mining.com\/wp-content\/uploads\/2016\/06\/Sustainable-banner.jpg\" \/>\n\t<meta property=\"og:image:width\" content=\"1920\" \/>\n\t<meta property=\"og:image:height\" content=\"249\" \/>\n\t<meta property=\"og:image:type\" content=\"image\/jpeg\" \/>\n<meta name=\"twitter:card\" content=\"summary_large_image\" \/>\n<meta name=\"twitter:label1\" content=\"Tiempo de lectura\" \/>\n\t<meta name=\"twitter:data1\" content=\"1 minuto\" \/>\n<script type=\"application\/ld+json\" class=\"yoast-schema-graph\">{\"@context\":\"https:\\\/\\\/schema.org\",\"@graph\":[{\"@type\":\"WebPage\",\"@id\":\"https:\\\/\\\/aimr-mining.com\\\/es\\\/sustainable-development\\\/\",\"url\":\"https:\\\/\\\/aimr-mining.com\\\/es\\\/sustainable-development\\\/\",\"name\":\"Desarrollo Sostenible - AIMR\",\"isPartOf\":{\"@id\":\"https:\\\/\\\/aimr-mining.com\\\/#website\"},\"primaryImageOfPage\":{\"@id\":\"https:\\\/\\\/aimr-mining.com\\\/es\\\/sustainable-development\\\/#primaryimage\"},\"image\":{\"@id\":\"https:\\\/\\\/aimr-mining.com\\\/es\\\/sustainable-development\\\/#primaryimage\"},\"thumbnailUrl\":\"https:\\\/\\\/aimr-mining.com\\\/wp-content\\\/uploads\\\/2016\\\/06\\\/Sustainable-banner.jpg\",\"datePublished\":\"2016-06-22T10:37:50+00:00\",\"dateModified\":\"2018-07-17T10:09:03+00:00\",\"description\":\"Alex International for Mining and Refractories Products (AIMR), we invested in building a sustainable future for our company and our communities.\",\"breadcrumb\":{\"@id\":\"https:\\\/\\\/aimr-mining.com\\\/es\\\/sustainable-development\\\/#breadcrumb\"},\"inLanguage\":\"es\",\"potentialAction\":[{\"@type\":\"ReadAction\",\"target\":[\"https:\\\/\\\/aimr-mining.com\\\/es\\\/sustainable-development\\\/\"]}]},{\"@type\":\"ImageObject\",\"inLanguage\":\"es\",\"@id\":\"https:\\\/\\\/aimr-mining.com\\\/es\\\/sustainable-development\\\/#primaryimage\",\"url\":\"https:\\\/\\\/aimr-mining.com\\\/wp-content\\\/uploads\\\/2016\\\/06\\\/Sustainable-banner.jpg\",\"contentUrl\":\"https:\\\/\\\/aimr-mining.com\\\/wp-content\\\/uploads\\\/2016\\\/06\\\/Sustainable-banner.jpg\",\"width\":1920,\"height\":249},{\"@type\":\"BreadcrumbList\",\"@id\":\"https:\\\/\\\/aimr-mining.com\\\/es\\\/sustainable-development\\\/#breadcrumb\",\"itemListElement\":[{\"@type\":\"ListItem\",\"position\":1,\"name\":\"Home\",\"item\":\"https:\\\/\\\/aimr-mining.com\\\/es\\\/\"},{\"@type\":\"ListItem\",\"position\":2,\"name\":\"Desarrollo Sostenible\"}]},{\"@type\":\"WebSite\",\"@id\":\"https:\\\/\\\/aimr-mining.com\\\/#website\",\"url\":\"https:\\\/\\\/aimr-mining.com\\\/\",\"name\":\"AIMR\",\"description\":\"Alexandria International For Mining and Refractories\",\"potentialAction\":[{\"@type\":\"SearchAction\",\"target\":{\"@type\":\"EntryPoint\",\"urlTemplate\":\"https:\\\/\\\/aimr-mining.com\\\/?s={search_term_string}\"},\"query-input\":{\"@type\":\"PropertyValueSpecification\",\"valueRequired\":true,\"valueName\":\"search_term_string\"}}],\"inLanguage\":\"es\"}]}<\/script>\n<!-- \/ Yoast SEO plugin. -->","yoast_head_json":{"title":"Desarrollo Sostenible - AIMR","description":"Alex International for Mining and Refractories Products (AIMR), we invested in building a sustainable future for our company and our communities.","robots":{"index":"index","follow":"follow","max-snippet":"max-snippet:-1","max-image-preview":"max-image-preview:large","max-video-preview":"max-video-preview:-1"},"og_locale":"es_ES","og_type":"article","og_title":"Desarrollo Sostenible - AIMR","og_description":"Alex International for Mining and Refractories Products (AIMR), we invested in building a sustainable future for our company and our communities.","og_url":"https:\/\/aimr-mining.com\/es\/sustainable-development\/","og_site_name":"AIMR","article_modified_time":"2018-07-17T10:09:03+00:00","og_image":[{"width":1920,"height":249,"url":"https:\/\/aimr-mining.com\/wp-content\/uploads\/2016\/06\/Sustainable-banner.jpg","type":"image\/jpeg"}],"twitter_card":"summary_large_image","twitter_misc":{"Tiempo de lectura":"1 minuto"},"schema":{"@context":"https:\/\/schema.org","@graph":[{"@type":"WebPage","@id":"https:\/\/aimr-mining.com\/es\/sustainable-development\/","url":"https:\/\/aimr-mining.com\/es\/sustainable-development\/","name":"Desarrollo Sostenible - AIMR","isPartOf":{"@id":"https:\/\/aimr-mining.com\/#website"},"primaryImageOfPage":{"@id":"https:\/\/aimr-mining.com\/es\/sustainable-development\/#primaryimage"},"image":{"@id":"https:\/\/aimr-mining.com\/es\/sustainable-development\/#primaryimage"},"thumbnailUrl":"https:\/\/aimr-mining.com\/wp-content\/uploads\/2016\/06\/Sustainable-banner.jpg","datePublished":"2016-06-22T10:37:50+00:00","dateModified":"2018-07-17T10:09:03+00:00","description":"Alex International for Mining and Refractories Products (AIMR), we invested in building a sustainable future for our company and our communities.","breadcrumb":{"@id":"https:\/\/aimr-mining.com\/es\/sustainable-development\/#breadcrumb"},"inLanguage":"es","potentialAction":[{"@type":"ReadAction","target":["https:\/\/aimr-mining.com\/es\/sustainable-development\/"]}]},{"@type":"ImageObject","inLanguage":"es","@id":"https:\/\/aimr-mining.com\/es\/sustainable-development\/#primaryimage","url":"https:\/\/aimr-mining.com\/wp-content\/uploads\/2016\/06\/Sustainable-banner.jpg","contentUrl":"https:\/\/aimr-mining.com\/wp-content\/uploads\/2016\/06\/Sustainable-banner.jpg","width":1920,"height":249},{"@type":"BreadcrumbList","@id":"https:\/\/aimr-mining.com\/es\/sustainable-development\/#breadcrumb","itemListElement":[{"@type":"ListItem","position":1,"name":"Home","item":"https:\/\/aimr-mining.com\/es\/"},{"@type":"ListItem","position":2,"name":"Desarrollo Sostenible"}]},{"@type":"WebSite","@id":"https:\/\/aimr-mining.com\/#website","url":"https:\/\/aimr-mining.com\/","name":"AIMR","description":"Alexandria International For Mining and Refractories","potentialAction":[{"@type":"SearchAction","target":{"@type":"EntryPoint","urlTemplate":"https:\/\/aimr-mining.com\/?s={search_term_string}"},"query-input":{"@type":"PropertyValueSpecification","valueRequired":true,"valueName":"search_term_string"}}],"inLanguage":"es"}]}},"_links":{"self":[{"href":"https:\/\/aimr-mining.com\/es\/wp-json\/wp\/v2\/pages\/2684","targetHints":{"allow":["GET"]}}],"collection":[{"href":"https:\/\/aimr-mining.com\/es\/wp-json\/wp\/v2\/pages"}],"about":[{"href":"https:\/\/aimr-mining.com\/es\/wp-json\/wp\/v2\/types\/page"}],"author":[{"embeddable":true,"href":"https:\/\/aimr-mining.com\/es\/wp-json\/wp\/v2\/users\/1"}],"replies":[{"embeddable":true,"href":"https:\/\/aimr-mining.com\/es\/wp-json\/wp\/v2\/comments?post=2684"}],"version-history":[{"count":3,"href":"https:\/\/aimr-mining.com\/es\/wp-json\/wp\/v2\/pages\/2684\/revisions"}],"predecessor-version":[{"id":3088,"href":"https:\/\/aimr-mining.com\/es\/wp-json\/wp\/v2\/pages\/2684\/revisions\/3088"}],"wp:featuredmedia":[{"embeddable":true,"href":"https:\/\/aimr-mining.com\/es\/wp-json\/wp\/v2\/media\/2678"}],"wp:attachment":[{"href":"https:\/\/aimr-mining.com\/es\/wp-json\/wp\/v2\/media?parent=2684"}],"curies":[{"name":"wp","href":"https:\/\/api.w.org\/{rel}","templated":true}]}}