{"id":2682,"date":"2016-06-22T10:38:46","date_gmt":"2016-06-22T10:38:46","guid":{"rendered":"https:\/\/aimr-mining.com\/operations-logistics\/"},"modified":"2018-07-17T12:01:09","modified_gmt":"2018-07-17T10:01:09","slug":"operations-logistics","status":"publish","type":"page","link":"https:\/\/aimr-mining.com\/es\/operations-logistics\/","title":{"rendered":"Operaciones Y Log\u00edstica"},"content":{"rendered":"<div class=\"wpb-content-wrapper\"><p>[vc_row full_width=\u00bbstretch_row\u00bb el_class=\u00bbdark-section section\u00bb css=\u00bb.vc_custom_1467036553381{background-image: url(https:\/\/aimr-mining.com\/\/wp-content\/uploads\/2016\/06\/logistics-section.jpg?id=128) !important;background-position: center !important;background-repeat: no-repeat !important;background-size: cover !important;}\u00bb][vc_column width=\u00bb1\/4&#8243;][\/vc_column][vc_column width=\u00bb1\/2&#8243; css=\u00bb.vc_custom_1467036678457{padding-top: 0px !important;}\u00bb][vc_column_text el_class=\u00bbheader\u00bb css=\u00bb.vc_custom_1531821315186{padding-top: 0px !important;}\u00bb]<\/p>\n<h2 style=\"text-align: center;\">Nuestras Minas<\/h2>\n<p>[\/vc_column_text][vc_column_text]<\/p>\n<p style=\"text-align: center;\">Con acceso a algunas de las mejores minas de la regi\u00f3n, podemos suministrarle productos de caol\u00edn, fosfato y sal de roca directamente.<\/p>\n<p>[\/vc_column_text][\/vc_column][vc_column width=\u00bb1\/4&#8243;][\/vc_column][\/vc_row][vc_row el_class=\u00bbsection\u00bb css=\u00bb.vc_custom_1467726229871{padding-top: 100px !important;padding-bottom: 100px !important;}\u00bb][vc_column][vc_tta_tour][vc_tta_section title=\u00bbCaol\u00edn\u00bb tab_id=\u00bb1511871498305-30d12fe1-5bf7&#8243;][vc_row_inner][vc_column_inner width=\u00bb2\/3&#8243;][vc_column_text]<\/p>\n<h3>Cami\u00f3n \/ Env\u00edo<\/h3>\n<h5>Caol\u00edn cami\u00f3n \/ env\u00edo<\/h5>\n<p>las cantidades listas para enviar se almacenan en el \u00e1rea de almacenamiento de Alejandr\u00eda. Ubicada a 20 minutos del puerto de mar, esta \u00e1rea de almacenamiento altamente accesible nos permite cargar cantidades de hasta 10,000 toneladas por d\u00eda[\/vc_column_text][\/vc_column_inner][vc_column_inner width=\u00bb1\/3&#8243;][vc_single_image image=\u00bb201&#8243; img_size=\u00bbfull\u00bb alignment=\u00bbcenter\u00bb][\/vc_column_inner][\/vc_row_inner][\/vc_tta_section][vc_tta_section title=\u00bbFosfato\u00bb tab_id=\u00bb1467724894280-ad9882cd-2175&#8243;][vc_row_inner][vc_column_inner width=\u00bb2\/3&#8243;][vc_column_text]<\/p>\n<h3>Fosfato<\/h3>\n<p>Con las minas en Aswan, tenemos acceso a grandes cantidades de roca de fosfato. El fosfato bruto generalmente se exporta desde nuestra plataforma del Mar Rojo o Alejandr\u00eda, y en general podemos enviar y cargar hasta 10.000 toneladas por d\u00eda.[\/vc_column_text][\/vc_column_inner][vc_column_inner width=\u00bb1\/3&#8243;][vc_single_image image=\u00bb1700&#8243; img_size=\u00bbfull\u00bb alignment=\u00bbcenter\u00bb][\/vc_column_inner][\/vc_row_inner][\/vc_tta_section][vc_tta_section title=\u00bbSal De Roca\u00bb tab_id=\u00bb1467724945179-b6f5ebb1-c3ab\u00bb][vc_row_inner][vc_column_inner width=\u00bb2\/3&#8243;][vc_column_text]<\/p>\n<h3>Sal De Roca<\/h3>\n<p>Con una mina ubicada en Siwa que cuenta con una producci\u00f3n anual de 600,000 toneladas m\u00e9tricas, AIMR es un productor y proveedor abundante de halita en la regi\u00f3n. Nuestra calidad no tiene comparaci\u00f3n y los servicios de env\u00edo son excepcionales.[\/vc_column_text][\/vc_column_inner][vc_column_inner width=\u00bb1\/3&#8243;][vc_single_image image=\u00bb205&#8243; img_size=\u00bbfull\u00bb alignment=\u00bbcenter\u00bb][\/vc_column_inner][\/vc_row_inner][\/vc_tta_section][\/vc_tta_tour][\/vc_column][\/vc_row][vc_row full_width=\u00bbstretch_row_content_no_spaces\u00bb el_class=\u00bbproducts-carousel\u00bb css=\u00bb.vc_custom_1467719993050{background-color: #f3f4f4 !important;}\u00bb][vc_column css=\u00bb.vc_custom_1467037332611{margin-top: 0px !important;margin-bottom: 0px !important;padding-top: 0px !important;padding-bottom: 0px !important;}\u00bb]<div id=\"ult-carousel-388043187969e7304365814\" class=\"ult-carousel-wrapper  vc_custom_1473159036553  ult_horizontal\" data-gutter=\"15\" data-rtl=\"false\" ><div class=\"ult-carousel-351259985269e73043656af \" >[vc_row_inner equal_height=\u00bbyes\u00bb][vc_column_inner][vc_single_image image=\u00bb196&#8243; img_size=\u00bbfull\u00bb alignment=\u00bbcenter\u00bb][vc_column_text]<\/p>\n<h3>Caol\u00edn<\/h3>\n<p>las cantidades listas para enviar se almacenan en el \u00e1rea de almacenamiento de Alejandr\u00eda. Ubicada a 20 minutos del puerto de mar, esta \u00e1rea de almacenamiento altamente accesible nos permite cargar cantidades de hasta 10,000 toneladas por d\u00eda.[\/vc_column_text][\/vc_column_inner][\/vc_row_inner][vc_row_inner][vc_column_inner][vc_single_image image=\u00bb197&#8243; img_size=\u00bbfull\u00bb alignment=\u00bbcenter\u00bb][vc_column_text]<\/p>\n<h3>Fosfato<\/h3>\n<p>Con las minas en Aswan, tenemos acceso a grandes cantidades de roca de fosfato. El fosfato bruto generalmente se exporta desde nuestra plataforma del Mar Rojo o Alejandr\u00eda, y en general podemos enviar y cargar hasta 10.000 toneladas por d\u00eda.[\/vc_column_text][\/vc_column_inner][\/vc_row_inner][vc_row_inner][vc_column_inner][vc_single_image image=\u00bb198&#8243; img_size=\u00bbfull\u00bb alignment=\u00bbcenter\u00bb][vc_column_text]<\/p>\n<h3>Sal De Roca<\/h3>\n<p>Con una mina ubicada en Siwa que cuenta con una producci\u00f3n anual de 600,000 toneladas m\u00e9tricas, AIMR es un productor y proveedor abundante de halita en la regi\u00f3n. Nuestra calidad no tiene comparaci\u00f3n y los servicios de env\u00edo son excepcionales.[\/vc_column_text][\/vc_column_inner][\/vc_row_inner]<\/div><\/div>\t\t\t<script type=\"text\/javascript\">\n\t\t\t\tjQuery(document).ready(function ($) {\n\t\t\t\t\tif( typeof jQuery('.ult-carousel-351259985269e73043656af').slick == \"function\"){\n\t\t\t\t\t\t$('.ult-carousel-351259985269e73043656af').slick({dots: false,autoplay: true,autoplaySpeed: \"5000\",speed: \"300\",infinite: true,arrows: true,nextArrow: '<button type=\"button\" role=\"button\" aria-label=\"Next\" style=\"color:#5e5e5e; font-size:36px;\" class=\"slick-next default\"><i class=\"ultsl-arrow-right4\"><\/i><\/button>',prevArrow: '<button type=\"button\" role=\"button\" aria-label=\"Previous\" style=\"color:#5e5e5e; font-size:36px;\" class=\"slick-prev default\"><i class=\"ultsl-arrow-left4\"><\/i><\/button>',slidesToScroll:3,slidesToShow:3,swipe: true,draggable: true,touchMove: true,pauseOnHover: true,pauseOnFocus: false,responsive: [\n\t\t\t\t\t\t\t{\n\t\t\t\t\t\t\t  breakpoint: 1026,\n\t\t\t\t\t\t\t  settings: {\n\t\t\t\t\t\t\t\tslidesToShow: 3,\n\t\t\t\t\t\t\t\tslidesToScroll: 3,  \n\t\t\t\t\t\t\t  }\n\t\t\t\t\t\t\t},\n\t\t\t\t\t\t\t{\n\t\t\t\t\t\t\t  breakpoint: 1025,\n\t\t\t\t\t\t\t  settings: {\n\t\t\t\t\t\t\t\tslidesToShow: 2,\n\t\t\t\t\t\t\t\tslidesToScroll: 2\n\t\t\t\t\t\t\t  }\n\t\t\t\t\t\t\t},\n\t\t\t\t\t\t\t{\n\t\t\t\t\t\t\t  breakpoint: 760,\n\t\t\t\t\t\t\t  settings: {\n\t\t\t\t\t\t\t\tslidesToShow: 1,\n\t\t\t\t\t\t\t\tslidesToScroll: 1\n\t\t\t\t\t\t\t  }\n\t\t\t\t\t\t\t}\n\t\t\t\t\t\t],pauseOnDotsHover: true,customPaging: function(slider, i) {\n                   return '<i type=\"button\" style= \"color:#333333;\" class=\"ultsl-record\" data-role=\"none\"><\/i>';\n                },});\n\t\t\t\t\t}\n\t\t\t\t});\n\t\t\t<\/script>\n\t\t\t[\/vc_column][\/vc_row]<\/p>\n<\/div>","protected":false},"excerpt":{"rendered":"<p>[vc_row full_width=\u00bbstretch_row\u00bb el_class=\u00bbdark-section section\u00bb css=\u00bb.vc_custom_1467036553381{background-image: url(https:\/\/aimr-mining.com\/\/wp-content\/uploads\/2016\/06\/logistics-section.jpg?id=128) !important;background-position: center !important;background-repeat: no-repeat !important;background-size: cover !important;}\u00bb][vc_column width=\u00bb1\/4&#8243;][\/vc_column][vc_column width=\u00bb1\/2&#8243; css=\u00bb.vc_custom_1467036678457{padding-top: 0px !important;}\u00bb][vc_column_text el_class=\u00bbheader\u00bb css=\u00bb.vc_custom_1531821315186{padding-top: 0px !important;}\u00bb] Nuestras Minas [\/vc_column_text][vc_column_text] Con acceso a algunas de las mejores minas de la regi\u00f3n, podemos suministrarle productos de caol\u00edn, fosfato y sal de roca directamente. [\/vc_column_text][\/vc_column][vc_column width=\u00bb1\/4&#8243;][\/vc_column][\/vc_row][vc_row el_class=\u00bbsection\u00bb css=\u00bb.vc_custom_1467726229871{padding-top: 100px !important;padding-bottom: 100px !important;}\u00bb][vc_column][vc_tta_tour][vc_tta_section [&hellip;]<\/p>\n","protected":false},"author":1,"featured_media":2683,"parent":0,"menu_order":0,"comment_status":"closed","ping_status":"closed","template":"","meta":{"footnotes":""},"class_list":["post-2682","page","type-page","status-publish","has-post-thumbnail","hentry"],"yoast_head":"<!-- This site is optimized with the Yoast SEO plugin v27.3 - https:\/\/yoast.com\/product\/yoast-seo-wordpress\/ -->\n<title>Operaciones Y Log\u00edstica - AIMR<\/title>\n<meta name=\"description\" content=\"Alex International for Mining and Refractories Products (AIMR), we invested in building a sustainable future for our company and our communities.\" \/>\n<meta name=\"robots\" content=\"index, follow, max-snippet:-1, max-image-preview:large, max-video-preview:-1\" \/>\n<meta property=\"og:locale\" content=\"es_ES\" \/>\n<meta property=\"og:type\" content=\"article\" \/>\n<meta property=\"og:title\" content=\"Operaciones Y Log\u00edstica - AIMR\" \/>\n<meta property=\"og:description\" content=\"Alex International for Mining and Refractories Products (AIMR), we invested in building a sustainable future for our company and our communities.\" \/>\n<meta property=\"og:url\" content=\"https:\/\/aimr-mining.com\/es\/operations-logistics\/\" \/>\n<meta property=\"og:site_name\" content=\"AIMR\" \/>\n<meta property=\"article:modified_time\" content=\"2018-07-17T10:01:09+00:00\" \/>\n<meta property=\"og:image\" content=\"https:\/\/aimr-mining.com\/wp-content\/uploads\/2016\/06\/logistics-banner.jpg\" \/>\n\t<meta property=\"og:image:width\" content=\"1920\" \/>\n\t<meta property=\"og:image:height\" content=\"249\" \/>\n\t<meta property=\"og:image:type\" content=\"image\/jpeg\" \/>\n<meta name=\"twitter:card\" content=\"summary_large_image\" \/>\n<meta name=\"twitter:label1\" content=\"Tiempo de lectura\" \/>\n\t<meta name=\"twitter:data1\" content=\"4 minutos\" \/>\n<script type=\"application\/ld+json\" class=\"yoast-schema-graph\">{\"@context\":\"https:\\\/\\\/schema.org\",\"@graph\":[{\"@type\":\"WebPage\",\"@id\":\"https:\\\/\\\/aimr-mining.com\\\/es\\\/operations-logistics\\\/\",\"url\":\"https:\\\/\\\/aimr-mining.com\\\/es\\\/operations-logistics\\\/\",\"name\":\"Operaciones Y Log\u00edstica - AIMR\",\"isPartOf\":{\"@id\":\"https:\\\/\\\/aimr-mining.com\\\/#website\"},\"primaryImageOfPage\":{\"@id\":\"https:\\\/\\\/aimr-mining.com\\\/es\\\/operations-logistics\\\/#primaryimage\"},\"image\":{\"@id\":\"https:\\\/\\\/aimr-mining.com\\\/es\\\/operations-logistics\\\/#primaryimage\"},\"thumbnailUrl\":\"https:\\\/\\\/aimr-mining.com\\\/wp-content\\\/uploads\\\/2016\\\/06\\\/logistics-banner.jpg\",\"datePublished\":\"2016-06-22T10:38:46+00:00\",\"dateModified\":\"2018-07-17T10:01:09+00:00\",\"description\":\"Alex International for Mining and Refractories Products (AIMR), we invested in building a sustainable future for our company and our communities.\",\"breadcrumb\":{\"@id\":\"https:\\\/\\\/aimr-mining.com\\\/es\\\/operations-logistics\\\/#breadcrumb\"},\"inLanguage\":\"es\",\"potentialAction\":[{\"@type\":\"ReadAction\",\"target\":[\"https:\\\/\\\/aimr-mining.com\\\/es\\\/operations-logistics\\\/\"]}]},{\"@type\":\"ImageObject\",\"inLanguage\":\"es\",\"@id\":\"https:\\\/\\\/aimr-mining.com\\\/es\\\/operations-logistics\\\/#primaryimage\",\"url\":\"https:\\\/\\\/aimr-mining.com\\\/wp-content\\\/uploads\\\/2016\\\/06\\\/logistics-banner.jpg\",\"contentUrl\":\"https:\\\/\\\/aimr-mining.com\\\/wp-content\\\/uploads\\\/2016\\\/06\\\/logistics-banner.jpg\",\"width\":1920,\"height\":249},{\"@type\":\"BreadcrumbList\",\"@id\":\"https:\\\/\\\/aimr-mining.com\\\/es\\\/operations-logistics\\\/#breadcrumb\",\"itemListElement\":[{\"@type\":\"ListItem\",\"position\":1,\"name\":\"Home\",\"item\":\"https:\\\/\\\/aimr-mining.com\\\/es\\\/\"},{\"@type\":\"ListItem\",\"position\":2,\"name\":\"Operaciones Y Log\u00edstica\"}]},{\"@type\":\"WebSite\",\"@id\":\"https:\\\/\\\/aimr-mining.com\\\/#website\",\"url\":\"https:\\\/\\\/aimr-mining.com\\\/\",\"name\":\"AIMR\",\"description\":\"Alexandria International For Mining and Refractories\",\"potentialAction\":[{\"@type\":\"SearchAction\",\"target\":{\"@type\":\"EntryPoint\",\"urlTemplate\":\"https:\\\/\\\/aimr-mining.com\\\/?s={search_term_string}\"},\"query-input\":{\"@type\":\"PropertyValueSpecification\",\"valueRequired\":true,\"valueName\":\"search_term_string\"}}],\"inLanguage\":\"es\"}]}<\/script>\n<!-- \/ Yoast SEO plugin. -->","yoast_head_json":{"title":"Operaciones Y Log\u00edstica - AIMR","description":"Alex International for Mining and Refractories Products (AIMR), we invested in building a sustainable future for our company and our communities.","robots":{"index":"index","follow":"follow","max-snippet":"max-snippet:-1","max-image-preview":"max-image-preview:large","max-video-preview":"max-video-preview:-1"},"og_locale":"es_ES","og_type":"article","og_title":"Operaciones Y Log\u00edstica - AIMR","og_description":"Alex International for Mining and Refractories Products (AIMR), we invested in building a sustainable future for our company and our communities.","og_url":"https:\/\/aimr-mining.com\/es\/operations-logistics\/","og_site_name":"AIMR","article_modified_time":"2018-07-17T10:01:09+00:00","og_image":[{"width":1920,"height":249,"url":"https:\/\/aimr-mining.com\/wp-content\/uploads\/2016\/06\/logistics-banner.jpg","type":"image\/jpeg"}],"twitter_card":"summary_large_image","twitter_misc":{"Tiempo de lectura":"4 minutos"},"schema":{"@context":"https:\/\/schema.org","@graph":[{"@type":"WebPage","@id":"https:\/\/aimr-mining.com\/es\/operations-logistics\/","url":"https:\/\/aimr-mining.com\/es\/operations-logistics\/","name":"Operaciones Y Log\u00edstica - AIMR","isPartOf":{"@id":"https:\/\/aimr-mining.com\/#website"},"primaryImageOfPage":{"@id":"https:\/\/aimr-mining.com\/es\/operations-logistics\/#primaryimage"},"image":{"@id":"https:\/\/aimr-mining.com\/es\/operations-logistics\/#primaryimage"},"thumbnailUrl":"https:\/\/aimr-mining.com\/wp-content\/uploads\/2016\/06\/logistics-banner.jpg","datePublished":"2016-06-22T10:38:46+00:00","dateModified":"2018-07-17T10:01:09+00:00","description":"Alex International for Mining and Refractories Products (AIMR), we invested in building a sustainable future for our company and our communities.","breadcrumb":{"@id":"https:\/\/aimr-mining.com\/es\/operations-logistics\/#breadcrumb"},"inLanguage":"es","potentialAction":[{"@type":"ReadAction","target":["https:\/\/aimr-mining.com\/es\/operations-logistics\/"]}]},{"@type":"ImageObject","inLanguage":"es","@id":"https:\/\/aimr-mining.com\/es\/operations-logistics\/#primaryimage","url":"https:\/\/aimr-mining.com\/wp-content\/uploads\/2016\/06\/logistics-banner.jpg","contentUrl":"https:\/\/aimr-mining.com\/wp-content\/uploads\/2016\/06\/logistics-banner.jpg","width":1920,"height":249},{"@type":"BreadcrumbList","@id":"https:\/\/aimr-mining.com\/es\/operations-logistics\/#breadcrumb","itemListElement":[{"@type":"ListItem","position":1,"name":"Home","item":"https:\/\/aimr-mining.com\/es\/"},{"@type":"ListItem","position":2,"name":"Operaciones Y Log\u00edstica"}]},{"@type":"WebSite","@id":"https:\/\/aimr-mining.com\/#website","url":"https:\/\/aimr-mining.com\/","name":"AIMR","description":"Alexandria International For Mining and Refractories","potentialAction":[{"@type":"SearchAction","target":{"@type":"EntryPoint","urlTemplate":"https:\/\/aimr-mining.com\/?s={search_term_string}"},"query-input":{"@type":"PropertyValueSpecification","valueRequired":true,"valueName":"search_term_string"}}],"inLanguage":"es"}]}},"_links":{"self":[{"href":"https:\/\/aimr-mining.com\/es\/wp-json\/wp\/v2\/pages\/2682","targetHints":{"allow":["GET"]}}],"collection":[{"href":"https:\/\/aimr-mining.com\/es\/wp-json\/wp\/v2\/pages"}],"about":[{"href":"https:\/\/aimr-mining.com\/es\/wp-json\/wp\/v2\/types\/page"}],"author":[{"embeddable":true,"href":"https:\/\/aimr-mining.com\/es\/wp-json\/wp\/v2\/users\/1"}],"replies":[{"embeddable":true,"href":"https:\/\/aimr-mining.com\/es\/wp-json\/wp\/v2\/comments?post=2682"}],"version-history":[{"count":2,"href":"https:\/\/aimr-mining.com\/es\/wp-json\/wp\/v2\/pages\/2682\/revisions"}],"predecessor-version":[{"id":3074,"href":"https:\/\/aimr-mining.com\/es\/wp-json\/wp\/v2\/pages\/2682\/revisions\/3074"}],"wp:featuredmedia":[{"embeddable":true,"href":"https:\/\/aimr-mining.com\/es\/wp-json\/wp\/v2\/media\/2683"}],"wp:attachment":[{"href":"https:\/\/aimr-mining.com\/es\/wp-json\/wp\/v2\/media?parent=2682"}],"curies":[{"name":"wp","href":"https:\/\/api.w.org\/{rel}","templated":true}]}}