{"id":2166,"date":"2016-06-21T13:18:26","date_gmt":"2016-06-21T13:18:26","guid":{"rendered":"https:\/\/aimr-mining.com\/es\/home\/"},"modified":"2018-07-17T16:59:42","modified_gmt":"2018-07-17T14:59:42","slug":"home","status":"publish","type":"page","link":"https:\/\/aimr-mining.com\/es\/","title":{"rendered":"Inicio"},"content":{"rendered":"<div class=\"wpb-content-wrapper\"><p>[vc_row][vc_column][vc_tta_tabs active_section=\u00bb2&#8243;][vc_tta_section title=\u00bbVisi\u00f3n Y Misi\u00f3n \u00bb tab_id=\u00bb1466679120217-9e8496d9-95d9&#8243;][vc_row_inner][vc_column_inner width=\u00bb1\/2&#8243;][vc_column_text]<\/p>\n<h4>Visi\u00f3n<\/h4>\n<p class=\"tm5 Normal\"><span class=\"tm6\">Orgullosos de nuestro enfoque ambientalmente responsable de los recursos a la miner\u00eda, <strong>AIMR<\/strong> invierte en la construcci\u00f3n de un futuro sostenible para nuestra empresa y nuestras comunidades. Nuestra visi\u00f3n es convertirnos en el proveedor n\u00famero uno admirado de minerales <strong>en todo el mundo.<\/strong><\/span><\/p>\n<p>[\/vc_column_text][vc_column_text]<\/p>\n<h4>Misi\u00f3n<\/h4>\n<p>AIMR suministra y transforma recursos minerales en los bloques construcci\u00f3n de la sociedad de civilizaci\u00f3n moderna. Conservamos recursos, suministramos minerales de alta calidad e implementamos diversas actividades sostenibles para proteger el medio ambiente.[\/vc_column_text][\/vc_column_inner][vc_column_inner width=\u00bb1\/2&#8243;][vc_single_image image=\u00bb175&#8243; img_size=\u00bbfull\u00bb][\/vc_column_inner][\/vc_row_inner][\/vc_tta_section][vc_tta_section title=\u00bbPresencia Global\u00bb tab_id=\u00bb1466679406794-bd6d4522-d77b\u00bb][vc_row_inner][vc_column_inner width=\u00bb1\/2&#8243;][vc_column_text]<\/p>\n<h4>Nuestros productos est\u00e1n cada vez m\u00e1s disponibles en todo el mundo.<\/h4>\n<p>Nuestros productos est\u00e1n cada vez m\u00e1s disponibles en todo el mundo. Al expandir sus operaciones a Estados Unidos, Europa y Canad\u00e1, proporcionamos roca de sal egipcia, roca fosf\u00f3rica, caol\u00edn calcinado de calidad junto con una impresionante gama de otros productos refractarios. Egipto es ciertamente rico en minerales y en los subsecuentes subproductos de estos minerales. AIMR es un l\u00edder en el suministro mundial de lo mejor de estos minerales y productos refractarios que ofrecemos.[\/vc_column_text][vc_single_image image=\u00bb1689&#8243; img_size=\u00bbfull\u00bb el_class=\u00bbhidden-xs\u00bb][\/vc_column_inner][vc_column_inner width=\u00bb1\/2&#8243;][vc_single_image image=\u00bb40&#8243; img_size=\u00bbfull\u00bb][\/vc_column_inner][\/vc_row_inner][\/vc_tta_section][vc_tta_section title=\u00bbNuestro grupo\u00bb tab_id=\u00bb1466679404693-257563b4-019a\u00bb][vc_row_inner][vc_column_inner width=\u00bb1\/2&#8243;][vc_column_text el_class=\u00bbbullets-enabled\u00bb]<\/p>\n<h4>Nuestro grupo<\/h4>\n<p>Alexandria Modern Trade Company (Compa\u00f1\u00eda Moderna de Comercio en Alejandr\u00eda), fundada en 2006, se ha convertido en una de las principales empresas de gesti\u00f3n y localizaci\u00f3n de exportaciones en Egipto. En el centro de la econom\u00eda mundial, nuestro grupo se compone de:<\/p>\n<p>&nbsp;<\/p>\n<ul>\n<li>EIO (Compa\u00f1\u00eda de Equipos Medicos)<\/li>\n<li>AMTC (Compa\u00f1\u00eda de Gesti\u00f3n de Exportaci\u00f3n)<\/li>\n<li>Alex Internacional para Industria dePl\u00e1stico (Compa\u00f1\u00eda de Fabricaci\u00f3n de Materiales de Empaque)<\/li>\n<li>y, por supuesto, AIMR (Alex Internacional para Miner\u00eda y Refractarios).<\/li>\n<\/ul>\n<p>[\/vc_column_text][\/vc_column_inner][vc_column_inner width=\u00bb1\/2&#8243;][vc_single_image image=\u00bb179&#8243; img_size=\u00bbfull\u00bb][\/vc_column_inner][\/vc_row_inner][\/vc_tta_section][vc_tta_section title=\u00bbValores\u00bb tab_id=\u00bb1466679401520-c815b776-1294&#8243;][vc_row_inner][vc_column_inner width=\u00bb1\/2&#8243;][vc_column_text]<\/p>\n<h4>Valores<\/h4>\n<p>Invertido en proporcionar el mejor servicio y productos en nuestro nicho, AIMR se enorgullece de ser un proveedor mundial de refractarios y productos minerales de alta calidad. Inigualable en lo que respecta a nuestros m\u00e9todos, le ofrecemos los mejores materiales disponibles. Siempre poniendo al cliente primero, estamos dedicados a su satisfacci\u00f3n.<\/p>\n<p>En AIMR, entendemos la necesidad de implementar medidas significativas aqu\u00ed en Egipto y, adem\u00e1s, en los pa\u00edses y comunidades en las que operamos. Utilizando solo esos recursos necesarios, conservamos y restauramos siempre que sea posible. Una compa\u00f1\u00eda minera y refractaria con un coraz\u00f3n y una conciencia, nos mantenemos a los m\u00e1s altos est\u00e1ndares.<\/p>\n<p>[\/vc_column_text][vc_column_text el_class=\u00bbbullets-enabled\u00bb]<\/p>\n<h4>Nuestros productos tambi\u00e9n est\u00e1n sujetos a esos mismos est\u00e1ndares.<\/h4>\n<ul>\n<li class=\"tm5 Normal\"><span class=\"tm6\">Seguir altos est\u00e1ndares de profesionalismo.<\/span><\/li>\n<li class=\"tm5 Normal\"><span class=\"tm6\">Poner los intereses de los clientes por delante de los nuestros.<\/span><\/li>\n<li class=\"tm5 Normal\"><span class=\"tm6\">Seguir est\u00e1ndares \u00e9ticos.<\/span><\/li>\n<li class=\"tm5 Normal\"><span class=\"tm6\">Preservar las confidencias de nuestros clientes.<\/span><\/li>\n<li class=\"tm5 Normal\"><span class=\"tm6\">Gestionar los recursos del cliente y de la organizaci\u00f3n de una manera rentable.<\/span><\/li>\n<li class=\"tm5 Normal\"><span class=\"tm6\">Mejorar el rendimiento de los clientes de manera significativa.<\/span><\/li>\n<li class=\"tm5 Normal\"><span class=\"tm6\">Seguir un concepto de alta gerencia.<\/span><\/li>\n<li class=\"tm5 Normal\"><span class=\"tm6\">Usar redes internacionales para proporcionar los mejores servicios a los clientes.<\/span><\/li>\n<li class=\"tm5 Normal\"><span class=\"tm6\">Mejorar las capacidades del cliente para mejorar el rendimiento y mantener la mejora.<\/span><\/li>\n<li class=\"tm5 Normal\"><span class=\"tm6\">Construir relaciones duraderas basadas en la honestidad y la confianza.<\/span><\/li>\n<\/ul>\n<p>[\/vc_column_text][\/vc_column_inner][vc_column_inner width=\u00bb1\/2&#8243;][vc_single_image image=\u00bb182&#8243; img_size=\u00bbfull\u00bb alignment=\u00bbcenter\u00bb css=\u00bb.vc_custom_1470559611651{margin-bottom: 0px !important;}\u00bb][vc_single_image image=\u00bb180&#8243; img_size=\u00bbfull\u00bb alignment=\u00bbcenter\u00bb][\/vc_column_inner][\/vc_row_inner][vc_row_inner][vc_column_inner width=\u00bb1\/2&#8243;][\/vc_column_inner][vc_column_inner width=\u00bb1\/2&#8243;][\/vc_column_inner][\/vc_row_inner][\/vc_tta_section][\/vc_tta_tabs][\/vc_column][\/vc_row]<\/p>\n<\/div>","protected":false},"excerpt":{"rendered":"<p>[vc_row][vc_column][vc_tta_tabs active_section=\u00bb2&#8243;][vc_tta_section title=\u00bbVisi\u00f3n Y Misi\u00f3n \u00bb tab_id=\u00bb1466679120217-9e8496d9-95d9&#8243;][vc_row_inner][vc_column_inner width=\u00bb1\/2&#8243;][vc_column_text] Visi\u00f3n Orgullosos de nuestro enfoque ambientalmente responsable de los recursos a la miner\u00eda, AIMR invierte en la construcci\u00f3n de un futuro sostenible para nuestra empresa y nuestras comunidades. Nuestra visi\u00f3n es convertirnos en el proveedor n\u00famero uno admirado de minerales en todo el mundo. [\/vc_column_text][vc_column_text] Misi\u00f3n AIMR [&hellip;]<\/p>\n","protected":false},"author":1,"featured_media":0,"parent":0,"menu_order":0,"comment_status":"closed","ping_status":"closed","template":"page-home.php","meta":{"footnotes":""},"class_list":["post-2166","page","type-page","status-publish","hentry"],"yoast_head":"<!-- This site is optimized with the Yoast SEO plugin v27.3 - https:\/\/yoast.com\/product\/yoast-seo-wordpress\/ -->\n<title>AIMR | Alex International for Mining and Refractories<\/title>\n<meta name=\"description\" content=\"Alex International for Mining and Refractories Products (AIMR), we invested in building a sustainable future for our company and our communities.\" \/>\n<meta name=\"robots\" content=\"index, follow, max-snippet:-1, max-image-preview:large, max-video-preview:-1\" \/>\n<meta property=\"og:locale\" content=\"es_ES\" \/>\n<meta property=\"og:type\" content=\"article\" \/>\n<meta property=\"og:title\" content=\"AIMR | Alex International for Mining and Refractories\" \/>\n<meta property=\"og:description\" content=\"Alex International for Mining and Refractories Products (AIMR), we invested in building a sustainable future for our company and our communities.\" \/>\n<meta property=\"og:url\" content=\"https:\/\/aimr-mining.com\/es\/\" \/>\n<meta property=\"og:site_name\" content=\"AIMR\" \/>\n<meta property=\"article:modified_time\" content=\"2018-07-17T14:59:42+00:00\" \/>\n<meta name=\"twitter:card\" content=\"summary_large_image\" \/>\n<meta name=\"twitter:label1\" content=\"Tiempo de lectura\" \/>\n\t<meta name=\"twitter:data1\" content=\"4 minutos\" \/>\n<script type=\"application\/ld+json\" class=\"yoast-schema-graph\">{\"@context\":\"https:\\\/\\\/schema.org\",\"@graph\":[{\"@type\":\"WebPage\",\"@id\":\"https:\\\/\\\/aimr-mining.com\\\/es\\\/\",\"url\":\"https:\\\/\\\/aimr-mining.com\\\/es\\\/\",\"name\":\"AIMR | Alex International for Mining and Refractories\",\"isPartOf\":{\"@id\":\"https:\\\/\\\/aimr-mining.com\\\/#website\"},\"datePublished\":\"2016-06-21T13:18:26+00:00\",\"dateModified\":\"2018-07-17T14:59:42+00:00\",\"description\":\"Alex International for Mining and Refractories Products (AIMR), we invested in building a sustainable future for our company and our communities.\",\"breadcrumb\":{\"@id\":\"https:\\\/\\\/aimr-mining.com\\\/es\\\/#breadcrumb\"},\"inLanguage\":\"es\",\"potentialAction\":[{\"@type\":\"ReadAction\",\"target\":[\"https:\\\/\\\/aimr-mining.com\\\/es\\\/\"]}]},{\"@type\":\"BreadcrumbList\",\"@id\":\"https:\\\/\\\/aimr-mining.com\\\/es\\\/#breadcrumb\",\"itemListElement\":[{\"@type\":\"ListItem\",\"position\":1,\"name\":\"Home\",\"item\":\"https:\\\/\\\/aimr-mining.com\\\/es\\\/\"},{\"@type\":\"ListItem\",\"position\":2,\"name\":\"Inicio\"}]},{\"@type\":\"WebSite\",\"@id\":\"https:\\\/\\\/aimr-mining.com\\\/#website\",\"url\":\"https:\\\/\\\/aimr-mining.com\\\/\",\"name\":\"AIMR\",\"description\":\"Alexandria International For Mining and Refractories\",\"potentialAction\":[{\"@type\":\"SearchAction\",\"target\":{\"@type\":\"EntryPoint\",\"urlTemplate\":\"https:\\\/\\\/aimr-mining.com\\\/?s={search_term_string}\"},\"query-input\":{\"@type\":\"PropertyValueSpecification\",\"valueRequired\":true,\"valueName\":\"search_term_string\"}}],\"inLanguage\":\"es\"}]}<\/script>\n<!-- \/ Yoast SEO plugin. -->","yoast_head_json":{"title":"AIMR | Alex International for Mining and Refractories","description":"Alex International for Mining and Refractories Products (AIMR), we invested in building a sustainable future for our company and our communities.","robots":{"index":"index","follow":"follow","max-snippet":"max-snippet:-1","max-image-preview":"max-image-preview:large","max-video-preview":"max-video-preview:-1"},"og_locale":"es_ES","og_type":"article","og_title":"AIMR | Alex International for Mining and Refractories","og_description":"Alex International for Mining and Refractories Products (AIMR), we invested in building a sustainable future for our company and our communities.","og_url":"https:\/\/aimr-mining.com\/es\/","og_site_name":"AIMR","article_modified_time":"2018-07-17T14:59:42+00:00","twitter_card":"summary_large_image","twitter_misc":{"Tiempo de lectura":"4 minutos"},"schema":{"@context":"https:\/\/schema.org","@graph":[{"@type":"WebPage","@id":"https:\/\/aimr-mining.com\/es\/","url":"https:\/\/aimr-mining.com\/es\/","name":"AIMR | Alex International for Mining and Refractories","isPartOf":{"@id":"https:\/\/aimr-mining.com\/#website"},"datePublished":"2016-06-21T13:18:26+00:00","dateModified":"2018-07-17T14:59:42+00:00","description":"Alex International for Mining and Refractories Products (AIMR), we invested in building a sustainable future for our company and our communities.","breadcrumb":{"@id":"https:\/\/aimr-mining.com\/es\/#breadcrumb"},"inLanguage":"es","potentialAction":[{"@type":"ReadAction","target":["https:\/\/aimr-mining.com\/es\/"]}]},{"@type":"BreadcrumbList","@id":"https:\/\/aimr-mining.com\/es\/#breadcrumb","itemListElement":[{"@type":"ListItem","position":1,"name":"Home","item":"https:\/\/aimr-mining.com\/es\/"},{"@type":"ListItem","position":2,"name":"Inicio"}]},{"@type":"WebSite","@id":"https:\/\/aimr-mining.com\/#website","url":"https:\/\/aimr-mining.com\/","name":"AIMR","description":"Alexandria International For Mining and Refractories","potentialAction":[{"@type":"SearchAction","target":{"@type":"EntryPoint","urlTemplate":"https:\/\/aimr-mining.com\/?s={search_term_string}"},"query-input":{"@type":"PropertyValueSpecification","valueRequired":true,"valueName":"search_term_string"}}],"inLanguage":"es"}]}},"_links":{"self":[{"href":"https:\/\/aimr-mining.com\/es\/wp-json\/wp\/v2\/pages\/2166","targetHints":{"allow":["GET"]}}],"collection":[{"href":"https:\/\/aimr-mining.com\/es\/wp-json\/wp\/v2\/pages"}],"about":[{"href":"https:\/\/aimr-mining.com\/es\/wp-json\/wp\/v2\/types\/page"}],"author":[{"embeddable":true,"href":"https:\/\/aimr-mining.com\/es\/wp-json\/wp\/v2\/users\/1"}],"replies":[{"embeddable":true,"href":"https:\/\/aimr-mining.com\/es\/wp-json\/wp\/v2\/comments?post=2166"}],"version-history":[{"count":3,"href":"https:\/\/aimr-mining.com\/es\/wp-json\/wp\/v2\/pages\/2166\/revisions"}],"predecessor-version":[{"id":2953,"href":"https:\/\/aimr-mining.com\/es\/wp-json\/wp\/v2\/pages\/2166\/revisions\/2953"}],"wp:attachment":[{"href":"https:\/\/aimr-mining.com\/es\/wp-json\/wp\/v2\/media?parent=2166"}],"curies":[{"name":"wp","href":"https:\/\/api.w.org\/{rel}","templated":true}]}}